{"id":7096,"date":"2024-05-17T13:08:07","date_gmt":"2024-05-17T12:08:07","guid":{"rendered":"https:\/\/www.eurotubes-uk.com\/unsere-produkte\/statorwickelnadeln\/"},"modified":"2026-02-04T12:15:38","modified_gmt":"2026-02-04T12:15:38","slug":"statorwickelnadeln","status":"publish","type":"page","link":"https:\/\/www.eurotubes-uk.com\/de\/unsere-produkte\/statorwickelnadeln\/","title":{"rendered":"Statorwickelnadeln"},"content":{"rendered":"\t\t<div data-elementor-type=\"wp-page\" data-elementor-id=\"7096\" class=\"elementor elementor-7096 elementor-710\" data-elementor-post-type=\"page\">\n\t\t\t\t\t\t<section class=\"elementor-section elementor-top-section elementor-element elementor-element-6a0a228 elementor-section-full_width elementor-section-height-default elementor-section-height-default\" data-id=\"6a0a228\" data-element_type=\"section\" data-e-type=\"section\">\n\t\t\t\t\t\t<div class=\"elementor-container elementor-column-gap-default\">\n\t\t\t\t\t<div class=\"elementor-column elementor-col-100 elementor-top-column elementor-element elementor-element-6fdf071 elementor-invisible\" data-id=\"6fdf071\" data-element_type=\"column\" data-e-type=\"column\" data-settings=\"{&quot;background_background&quot;:&quot;classic&quot;,&quot;animation&quot;:&quot;fadeInLeft&quot;}\">\n\t\t\t<div class=\"elementor-widget-wrap elementor-element-populated\">\n\t\t\t\t\t<div class=\"elementor-background-overlay\"><\/div>\n\t\t\t\t\t\t\t<\/div>\n\t\t<\/div>\n\t\t\t\t\t<\/div>\n\t\t<\/section>\n\t\t\t\t<section class=\"elementor-section elementor-top-section elementor-element elementor-element-cdbe557 elementor-section-full_width elementor-section-height-default elementor-section-height-default\" data-id=\"cdbe557\" data-element_type=\"section\" data-e-type=\"section\">\n\t\t\t\t\t\t<div class=\"elementor-container elementor-column-gap-default\">\n\t\t\t\t\t<div class=\"elementor-column elementor-col-100 elementor-top-column elementor-element elementor-element-66c9b7f\" data-id=\"66c9b7f\" data-element_type=\"column\" data-e-type=\"column\">\n\t\t\t<div class=\"elementor-widget-wrap elementor-element-populated\">\n\t\t\t\t\t\t<div class=\"elementor-element elementor-element-92ec580 elementor-arrows-position-outside elementor-widget elementor-widget-image-carousel\" data-id=\"92ec580\" data-element_type=\"widget\" data-e-type=\"widget\" data-settings=\"{&quot;slides_to_show&quot;:&quot;2&quot;,&quot;navigation&quot;:&quot;arrows&quot;,&quot;autoplay&quot;:&quot;yes&quot;,&quot;pause_on_hover&quot;:&quot;yes&quot;,&quot;pause_on_interaction&quot;:&quot;yes&quot;,&quot;autoplay_speed&quot;:5000,&quot;infinite&quot;:&quot;yes&quot;,&quot;speed&quot;:500}\" data-widget_type=\"image-carousel.default\">\n\t\t\t\t<div class=\"elementor-widget-container\">\n\t\t\t\t\t\t\t<div class=\"elementor-image-carousel-wrapper swiper\" role=\"region\" aria-roledescription=\"carousel\" aria-label=\"Bild Karussell\" dir=\"ltr\">\n\t\t\t<div class=\"elementor-image-carousel swiper-wrapper\" aria-live=\"off\">\n\t\t\t\t\t\t\t\t<div class=\"swiper-slide\" role=\"group\" aria-roledescription=\"slide\" aria-label=\"1 von 2\"><figure class=\"swiper-slide-inner\"><img decoding=\"async\" class=\"swiper-slide-image\" src=\"https:\/\/www.eurotubes-uk.com\/wp-content\/uploads\/2024\/05\/DSC02083-min-768x513.jpg\" alt=\"DSC02083-min\" \/><\/figure><\/div><div class=\"swiper-slide\" role=\"group\" aria-roledescription=\"slide\" aria-label=\"2 von 2\"><figure class=\"swiper-slide-inner\"><img decoding=\"async\" class=\"swiper-slide-image\" src=\"https:\/\/www.eurotubes-uk.com\/wp-content\/uploads\/2024\/05\/B10T7122-2-min-768x512.jpg\" alt=\"B10T7122-2-min\" \/><\/figure><\/div>\t\t\t<\/div>\n\t\t\t\t\t\t\t\t\t\t\t\t<div class=\"elementor-swiper-button elementor-swiper-button-prev\" role=\"button\" tabindex=\"0\">\n\t\t\t\t\t\t<svg aria-hidden=\"true\" class=\"e-font-icon-svg e-eicon-chevron-left\" viewBox=\"0 0 1000 1000\" xmlns=\"http:\/\/www.w3.org\/2000\/svg\"><path d=\"M646 125C629 125 613 133 604 142L308 442C296 454 292 471 292 487 292 504 296 521 308 533L604 854C617 867 629 875 646 875 663 875 679 871 692 858 704 846 713 829 713 812 713 796 708 779 692 767L438 487 692 225C700 217 708 204 708 187 708 171 704 154 692 142 675 129 663 125 646 125Z\"><\/path><\/svg>\t\t\t\t\t<\/div>\n\t\t\t\t\t<div class=\"elementor-swiper-button elementor-swiper-button-next\" role=\"button\" tabindex=\"0\">\n\t\t\t\t\t\t<svg aria-hidden=\"true\" class=\"e-font-icon-svg e-eicon-chevron-right\" viewBox=\"0 0 1000 1000\" xmlns=\"http:\/\/www.w3.org\/2000\/svg\"><path d=\"M696 533C708 521 713 504 713 487 713 471 708 454 696 446L400 146C388 133 375 125 354 125 338 125 325 129 313 142 300 154 292 171 292 187 292 204 296 221 308 233L563 492 304 771C292 783 288 800 288 817 288 833 296 850 308 863 321 871 338 875 354 875 371 875 388 867 400 854L696 533Z\"><\/path><\/svg>\t\t\t\t\t<\/div>\n\t\t\t\t\n\t\t\t\t\t\t\t\t\t<\/div>\n\t\t\t\t\t\t<\/div>\n\t\t\t\t<\/div>\n\t\t\t\t<section class=\"elementor-section elementor-inner-section elementor-element elementor-element-9113dac elementor-section-boxed elementor-section-height-default elementor-section-height-default\" data-id=\"9113dac\" data-element_type=\"section\" data-e-type=\"section\">\n\t\t\t\t\t\t<div class=\"elementor-container elementor-column-gap-default\">\n\t\t\t\t\t<div class=\"elementor-column elementor-col-16 elementor-inner-column elementor-element elementor-element-b402233\" data-id=\"b402233\" data-element_type=\"column\" data-e-type=\"column\">\n\t\t\t<div class=\"elementor-widget-wrap\">\n\t\t\t\t\t\t\t<\/div>\n\t\t<\/div>\n\t\t\t\t<div class=\"elementor-column elementor-col-66 elementor-inner-column elementor-element elementor-element-fbb07e1\" data-id=\"fbb07e1\" data-element_type=\"column\" data-e-type=\"column\">\n\t\t\t<div class=\"elementor-widget-wrap elementor-element-populated\">\n\t\t\t\t\t\t<div class=\"elementor-element elementor-element-87ce848 elementor-widget elementor-widget-video\" data-id=\"87ce848\" data-element_type=\"widget\" data-e-type=\"widget\" data-settings=\"{&quot;video_type&quot;:&quot;hosted&quot;,&quot;autoplay&quot;:&quot;yes&quot;,&quot;controls&quot;:&quot;yes&quot;}\" data-widget_type=\"video.default\">\n\t\t\t\t<div class=\"elementor-widget-container\">\n\t\t\t\t\t\t\t<div class=\"e-hosted-video elementor-wrapper elementor-open-inline\">\n\t\t\t\t\t<video class=\"elementor-video\" src=\"https:\/\/www.eurotubes-uk.com\/wp-content\/uploads\/2024\/05\/Stator-Video.mp4\" autoplay=\"\" controls=\"\" controlsList=\"nodownload\"><\/video>\n\t\t\t\t<\/div>\n\t\t\t\t\t\t<\/div>\n\t\t\t\t<\/div>\n\t\t\t\t\t<\/div>\n\t\t<\/div>\n\t\t\t\t<div class=\"elementor-column elementor-col-16 elementor-inner-column elementor-element elementor-element-5380828\" data-id=\"5380828\" data-element_type=\"column\" data-e-type=\"column\">\n\t\t\t<div class=\"elementor-widget-wrap\">\n\t\t\t\t\t\t\t<\/div>\n\t\t<\/div>\n\t\t\t\t\t<\/div>\n\t\t<\/section>\n\t\t\t\t<div class=\"elementor-element elementor-element-1b550d7 elementor-invisible elementor-widget elementor-widget-text-editor\" data-id=\"1b550d7\" data-element_type=\"widget\" data-e-type=\"widget\" data-settings=\"{&quot;_animation&quot;:&quot;fadeInLeft&quot;}\" data-widget_type=\"text-editor.default\">\n\t\t\t\t<div class=\"elementor-widget-container\">\n\t\t\t\t\t\t\t\t\t<p>Nut-Stator-\/Rotorwickelnadeln (auch bekannt als: Statorf\u00fchrungen, Rotor-Drahtf\u00fchrungen, Motorwickelnadeln, Wickelnadeln und Statorrohre) werden im Allgemeinen auf automatischen Nut-Statorwickelmaschinen eingesetzt, die komplexe, hochvorschubige Mehrachsentechniken verwenden, um emaillierten Kupferdraht um die Pole eines Stators einzuf\u00fchren\/zu schichten\/zu wickeln; dieser bildet schlie\u00dflich zusammen mit einem Rotor, Kommutator, Luftspalt, Geh\u00e4use usw. einen Elektromotor. <\/p><p>Seit 1999 ist Eurotubes UK auf die Entwicklung, schnelle Prototypenfertigung und Herstellung von Stator-\/Rotorwickelnadeln spezialisiert. Wir arbeiten direkt mit<b><u> <a href=\"https:\/\/www.eurotubes-uk.com\/winding-machine-manufacturers\/\" target=\"_blank\" rel=\"noopener\">Herstellern von Stator-\/Rotor-\/Motorwickelmaschinen<\/a> <\/u><\/b>\u2013 und Endverbrauchern solcher Maschinen \u2013 zusammen, um das Design der Nadel zu optimieren und so die Langlebigkeit zu erh\u00f6hen, die Leistung zu verbessern und das Risiko von Drahtsch\u00e4den zu eliminieren. <\/p><p>Unsere umfassende Erfahrung in der Herstellung von Statorwickelnadeln ist in der Branche un\u00fcbertroffen. \u00dcber zwei Jahrzehnte hinweg haben wir unsere Design-, Produktions- und Veredelungsf\u00e4higkeiten verfeinert, um branchenf\u00fchrende Wickelnadeln in Bezug auf Qualit\u00e4t, Wert und Design anzubieten. <\/p><p>Nicht nur das Design ist entscheidend f\u00fcr ein erfolgreiches Wickeln, auch die Oberfl\u00e4cheng\u00fcte und die Konsistenz in Geometrie\/Abmessungen von einer Nadel zur n\u00e4chsten sind kritisch. Durch den Einsatz von CAD-CAM-CNC-Bearbeitungstechniken, gekoppelt mit ma\u00dfgeschneiderten Maschinen, propriet\u00e4rem Wissen und einer hochmodernen, spezialisierten Fertigungsanlage, liefern wir erstklassige Statorwickelnadeln an f\u00fchrende Elektromotorenhersteller weltweit. <\/p><p>Kleinserien oder gro\u00dfe Mengen werden bedient \u2013 die allgemeine Bearbeitungszeit f\u00fcr die Herstellung eines neuen Statordesigns betr\u00e4gt 5-7 Tage; f\u00fcr bestehende Kunden mit Wiederholungsauftr\u00e4gen streben wir an, fertige Lagerbest\u00e4nde f\u00fcr den Versand am selben Tag vorzuhalten.<\/p><p>Als Beispiel: Eine Charge von 6 Nadeln w\u00fcrde in den Bereich von 250 \u00a3 &#8211; 600 \u00a3 pro St\u00fcck fallen, abh\u00e4ngig von der Komplexit\u00e4t des Designs und der Anzahl der Merkmale, Bearbeitungsvorg\u00e4nge und Endbearbeitungszeiten.<\/p><p>Bitte kontaktieren Sie unser Vertriebsteam \u2013 <a href=\"mailto:sales@eurotubes.co.uk\">sales@eurotubes.co.uk<\/a> f\u00fcr weitere Informationen oder wenn Sie ein Angebot mit Lieferzeiten erhalten m\u00f6chten.<\/p>\t\t\t\t\t\t\t\t<\/div>\n\t\t\t\t<\/div>\n\t\t\t\t<div class=\"elementor-element elementor-element-5cf72c2 elementor-widget elementor-widget-heading\" data-id=\"5cf72c2\" data-element_type=\"widget\" data-e-type=\"widget\" data-widget_type=\"heading.default\">\n\t\t\t\t<div class=\"elementor-widget-container\">\n\t\t\t\t\t<h2 class=\"elementor-heading-title elementor-size-default\">Produkte<\/h2>\t\t\t\t<\/div>\n\t\t\t\t<\/div>\n\t\t\t\t\t<\/div>\n\t\t<\/div>\n\t\t\t\t\t<\/div>\n\t\t<\/section>\n\t\t\t\t<\/div>\n\t\t","protected":false},"excerpt":{"rendered":"<p>https:\/\/www.eurotubes-uk.com\/wp-content\/uploads\/2024\/05\/Stator-Video.mp4 Nut-Stator-\/Rotorwickelnadeln (auch bekannt als: Statorf\u00fchrungen, Rotor-Drahtf\u00fchrungen, Motorwickelnadeln, Wickelnadeln und Statorrohre) werden im Allgemeinen auf automatischen Nut-Statorwickelmaschinen eingesetzt, die komplexe, hochvorschubige Mehrachsentechniken verwenden, um emaillierten Kupferdraht um die Pole eines Stators einzuf\u00fchren\/zu schichten\/zu wickeln; dieser bildet schlie\u00dflich zusammen mit einem Rotor, Kommutator, Luftspalt, Geh\u00e4use usw. einen Elektromotor. Seit 1999 ist Eurotubes UK auf die Entwicklung, [&hellip;]<\/p>\n","protected":false},"author":1,"featured_media":0,"parent":7057,"menu_order":0,"comment_status":"closed","ping_status":"closed","template":"elementor_header_footer","meta":{"footnotes":""},"class_list":["post-7096","page","type-page","status-publish","hentry"],"_links":{"self":[{"href":"https:\/\/www.eurotubes-uk.com\/de\/wp-json\/wp\/v2\/pages\/7096","targetHints":{"allow":["GET"]}}],"collection":[{"href":"https:\/\/www.eurotubes-uk.com\/de\/wp-json\/wp\/v2\/pages"}],"about":[{"href":"https:\/\/www.eurotubes-uk.com\/de\/wp-json\/wp\/v2\/types\/page"}],"author":[{"embeddable":true,"href":"https:\/\/www.eurotubes-uk.com\/de\/wp-json\/wp\/v2\/users\/1"}],"replies":[{"embeddable":true,"href":"https:\/\/www.eurotubes-uk.com\/de\/wp-json\/wp\/v2\/comments?post=7096"}],"version-history":[{"count":1,"href":"https:\/\/www.eurotubes-uk.com\/de\/wp-json\/wp\/v2\/pages\/7096\/revisions"}],"predecessor-version":[{"id":7098,"href":"https:\/\/www.eurotubes-uk.com\/de\/wp-json\/wp\/v2\/pages\/7096\/revisions\/7098"}],"up":[{"embeddable":true,"href":"https:\/\/www.eurotubes-uk.com\/de\/wp-json\/wp\/v2\/pages\/7057"}],"wp:attachment":[{"href":"https:\/\/www.eurotubes-uk.com\/de\/wp-json\/wp\/v2\/media?parent=7096"}],"curies":[{"name":"wp","href":"https:\/\/api.w.org\/{rel}","templated":true}]}}