{"id":7148,"date":"2024-05-17T09:10:57","date_gmt":"2024-05-17T08:10:57","guid":{"rendered":"https:\/\/www.eurotubes-uk.com\/rueckerstattungsrichtlinie\/"},"modified":"2026-02-04T12:32:09","modified_gmt":"2026-02-04T12:32:09","slug":"rueckerstattungsrichtlinie","status":"publish","type":"page","link":"https:\/\/www.eurotubes-uk.com\/de\/rueckerstattungsrichtlinie\/","title":{"rendered":"R\u00fcckerstattungsrichtlinie"},"content":{"rendered":"\t\t<div data-elementor-type=\"wp-page\" data-elementor-id=\"7148\" class=\"elementor elementor-7148 elementor-34\" data-elementor-post-type=\"page\">\n\t\t\t\t\t\t<section class=\"elementor-section elementor-top-section elementor-element elementor-element-78f39090 elementor-section-full_width elementor-section-height-default elementor-section-height-default\" data-id=\"78f39090\" data-element_type=\"section\" data-e-type=\"section\">\n\t\t\t\t\t\t<div class=\"elementor-container elementor-column-gap-default\">\n\t\t\t\t\t<div class=\"elementor-column elementor-col-100 elementor-top-column elementor-element elementor-element-7dd1c135 elementor-invisible\" data-id=\"7dd1c135\" data-element_type=\"column\" data-e-type=\"column\" data-settings=\"{&quot;background_background&quot;:&quot;classic&quot;,&quot;animation&quot;:&quot;fadeInLeft&quot;}\">\n\t\t\t<div class=\"elementor-widget-wrap elementor-element-populated\">\n\t\t\t\t\t\t\t<\/div>\n\t\t<\/div>\n\t\t\t\t\t<\/div>\n\t\t<\/section>\n\t\t\t\t<section class=\"elementor-section elementor-top-section elementor-element elementor-element-c8541e8 elementor-section-full_width elementor-section-height-default elementor-section-height-default\" data-id=\"c8541e8\" data-element_type=\"section\" data-e-type=\"section\">\n\t\t\t\t\t\t<div class=\"elementor-container elementor-column-gap-default\">\n\t\t\t\t\t<div class=\"elementor-column elementor-col-100 elementor-top-column elementor-element elementor-element-c6d7d73\" data-id=\"c6d7d73\" data-element_type=\"column\" data-e-type=\"column\">\n\t\t\t<div class=\"elementor-widget-wrap elementor-element-populated\">\n\t\t\t\t\t\t<div class=\"elementor-element elementor-element-6caeacc elementor-widget elementor-widget-text-editor\" data-id=\"6caeacc\" data-element_type=\"widget\" data-e-type=\"widget\" data-widget_type=\"text-editor.default\">\n\t\t\t\t<div class=\"elementor-widget-container\">\n\t\t\t\t\t\t\t\t\t\n<p>Eurotubes stellt Gutschriften aus und erstattet den vollen Betrag f\u00fcr defekte Artikel oder wenn der Artikel nicht den zufriedenstellenden Standards entspricht.<br><br>Die Ware muss in unbenutztem Zustand zur\u00fcckgesandt werden und \u2013 sobald sie in unserer Unternehmenszentrale eingegangen ist \u2013 wird erst dann eine R\u00fcckerstattung bearbeitet und eine Gutschrift ausgestellt.<br><br>Wir \u00fcbernehmen keine Haftung f\u00fcr falsch ausgew\u00e4hlte Nadeln f\u00fcr Ihre Anwendung, versichern Ihnen jedoch unsere 100%igen Qualit\u00e4tskontroll-\/Inspektionsverfahren und unsere Produkthaftpflichtversicherung, sollte sich herausstellen, dass unsere F\u00fchrungen fehlerhaft sind.<\/p>\n\t\t\t\t\t\t\t\t<\/div>\n\t\t\t\t<\/div>\n\t\t\t\t\t<\/div>\n\t\t<\/div>\n\t\t\t\t\t<\/div>\n\t\t<\/section>\n\t\t\t\t<\/div>\n\t\t","protected":false},"excerpt":{"rendered":"<p>Eurotubes stellt Gutschriften aus und erstattet den vollen Betrag f\u00fcr defekte Artikel oder wenn der Artikel nicht den zufriedenstellenden Standards entspricht. Die Ware muss in unbenutztem Zustand zur\u00fcckgesandt werden und \u2013 sobald sie in unserer Unternehmenszentrale eingegangen ist \u2013 wird erst dann eine R\u00fcckerstattung bearbeitet und eine Gutschrift ausgestellt. Wir \u00fcbernehmen keine Haftung f\u00fcr falsch [&hellip;]<\/p>\n","protected":false},"author":1,"featured_media":0,"parent":0,"menu_order":0,"comment_status":"closed","ping_status":"closed","template":"elementor_header_footer","meta":{"footnotes":""},"class_list":["post-7148","page","type-page","status-publish","hentry"],"_links":{"self":[{"href":"https:\/\/www.eurotubes-uk.com\/de\/wp-json\/wp\/v2\/pages\/7148","targetHints":{"allow":["GET"]}}],"collection":[{"href":"https:\/\/www.eurotubes-uk.com\/de\/wp-json\/wp\/v2\/pages"}],"about":[{"href":"https:\/\/www.eurotubes-uk.com\/de\/wp-json\/wp\/v2\/types\/page"}],"author":[{"embeddable":true,"href":"https:\/\/www.eurotubes-uk.com\/de\/wp-json\/wp\/v2\/users\/1"}],"replies":[{"embeddable":true,"href":"https:\/\/www.eurotubes-uk.com\/de\/wp-json\/wp\/v2\/comments?post=7148"}],"version-history":[{"count":3,"href":"https:\/\/www.eurotubes-uk.com\/de\/wp-json\/wp\/v2\/pages\/7148\/revisions"}],"predecessor-version":[{"id":7155,"href":"https:\/\/www.eurotubes-uk.com\/de\/wp-json\/wp\/v2\/pages\/7148\/revisions\/7155"}],"wp:attachment":[{"href":"https:\/\/www.eurotubes-uk.com\/de\/wp-json\/wp\/v2\/media?parent=7148"}],"curies":[{"name":"wp","href":"https:\/\/api.w.org\/{rel}","templated":true}]}}