{"id":7305,"date":"2024-05-17T09:31:33","date_gmt":"2024-05-17T08:31:33","guid":{"rendered":"https:\/\/www.eurotubes-uk.com\/datenschutzrichtlinie\/"},"modified":"2026-02-04T12:44:00","modified_gmt":"2026-02-04T12:44:00","slug":"datenschutzrichtlinie","status":"publish","type":"page","link":"https:\/\/www.eurotubes-uk.com\/de\/datenschutzrichtlinie\/","title":{"rendered":"Datenschutzrichtlinie"},"content":{"rendered":"\t\t<div data-elementor-type=\"wp-page\" data-elementor-id=\"7305\" class=\"elementor elementor-7305 elementor-316\" data-elementor-post-type=\"page\">\n\t\t\t\t\t\t<section class=\"elementor-section elementor-top-section elementor-element elementor-element-78f39090 elementor-section-full_width elementor-section-height-default elementor-section-height-default\" data-id=\"78f39090\" data-element_type=\"section\" data-e-type=\"section\">\n\t\t\t\t\t\t<div class=\"elementor-container elementor-column-gap-default\">\n\t\t\t\t\t<div class=\"elementor-column elementor-col-100 elementor-top-column elementor-element elementor-element-7dd1c135 elementor-invisible\" data-id=\"7dd1c135\" data-element_type=\"column\" data-e-type=\"column\" data-settings=\"{&quot;background_background&quot;:&quot;classic&quot;,&quot;animation&quot;:&quot;fadeInLeft&quot;}\">\n\t\t\t<div class=\"elementor-widget-wrap elementor-element-populated\">\n\t\t\t\t\t\t\t<\/div>\n\t\t<\/div>\n\t\t\t\t\t<\/div>\n\t\t<\/section>\n\t\t\t\t<section class=\"elementor-section elementor-top-section elementor-element elementor-element-c8541e8 elementor-section-full_width elementor-section-height-default elementor-section-height-default\" data-id=\"c8541e8\" data-element_type=\"section\" data-e-type=\"section\">\n\t\t\t\t\t\t<div class=\"elementor-container elementor-column-gap-default\">\n\t\t\t\t\t<div class=\"elementor-column elementor-col-100 elementor-top-column elementor-element elementor-element-c6d7d73\" data-id=\"c6d7d73\" data-element_type=\"column\" data-e-type=\"column\">\n\t\t\t<div class=\"elementor-widget-wrap elementor-element-populated\">\n\t\t\t\t\t\t<div class=\"elementor-element elementor-element-6caeacc elementor-widget elementor-widget-text-editor\" data-id=\"6caeacc\" data-element_type=\"widget\" data-e-type=\"widget\" data-widget_type=\"text-editor.default\">\n\t\t\t\t<div class=\"elementor-widget-container\">\n\t\t\t\t\t\t\t\t\t\n<h1><u>DATENSCHUTZRICHTLINIEN<\/u><\/h1>\n<p><b>Einf\u00fchrung<\/b><\/p>\n<p>Eurotubes UK Ltd (handelnd unter dem Namen \u201eEurotubes UK\u201c) nutzt seine Website, um seine Drahtf\u00fchrungsrohre, Statorwicklungsnadeln, Schneidwerkzeuge und L\u00f6tger\u00e4te zu bewerben und zu verkaufen.<\/p>\n<p>Bei Eurotubes UK haben der Schutz der Privatsph\u00e4re und die Sicherheit unserer Kunden und Besucher h\u00f6chste Priorit\u00e4t. Eurotubes UK verpflichtet sich, die von Ihnen mit uns geteilten Daten zu sch\u00fctzen. Diese Datenschutzerkl\u00e4rung erl\u00e4utert, wie Eurotubes UK Informationen verarbeitet, die direkt oder indirekt zur Identifizierung einer Person verwendet werden k\u00f6nnen (\u201epersonenbezogene Daten\u201c), und die durch die Nutzung unserer Website, unserer E-Commerce-Plattform und unseres Gesch\u00e4ftsverwaltungssystems (\u201eBMS\u201c) erfasst werden.  <\/p>\n<p>Datenschutzrichtlinie: Diese Datenschutzrichtlinie gilt f\u00fcr diese Website [www.Eurotubes-UK.com] und wird von [Eurotubes UK, Unit 1, Lynx Building, Navigator Park, Mereside, Portland, DT5 1FU] betrieben. Sie regelt den Datenschutz der Nutzer dieser Website. Zweck dieser Richtlinie ist es, Ihnen zu erl\u00e4utern, wie wir Ihre personenbezogenen Daten beim Besuch und der Nutzung dieser Website kontrollieren, verarbeiten, handhaben und sch\u00fctzen, einschlie\u00dflich Ihrer Rechte gem\u00e4\u00df den geltenden Gesetzen und Bestimmungen. Wenn Sie der folgenden Richtlinie nicht zustimmen, sollten Sie die Nutzung dieser Website einstellen.  <\/p>\n<p><b>Definitionen der Richtlinien-Schl\u00fcssel:<\/b><\/p>\n<p>\u201eIch\u201c, \u201eunser(e)\u201c, \u201euns\u201c oder \u201ewir\u201c bezieht sich auf das Unternehmen [Eurotubes UK Ltd, firmierend als \u201eEurotubes UK\u201c].<\/p>\n<p>\u201eSie\u201c, \u201eder Benutzer\u201c bezieht sich auf die Person(en), die diese Website nutzen.<\/p>\n<p>DSGVO bedeutet Datenschutz-Grundverordnung.<\/p>\n<p>PECR bedeutet Verordnung \u00fcber Privatsph\u00e4re und elektronische Kommunikation.<\/p>\n<p>ICO bedeutet Information Commissioner&#8217;s Office (B\u00fcro des Informationsbeauftragten).<\/p>\n<p>Cookies sind kleine Dateien, die auf dem Computer oder Ger\u00e4t eines Benutzers gespeichert werden.<\/p>\n<p><b>Verarbeitung Ihrer personenbezogenen Daten<\/b><\/p>\n<p>Gem\u00e4\u00df der DSGVO (Datenschutz-Grundverordnung) kontrollieren und\/oder verarbeiten wir alle personenbezogenen Daten \u00fcber Sie elektronisch unter Verwendung der folgenden rechtm\u00e4\u00dfigen Grundlage.<\/p>\n<p><u>Einwilligung:<\/u><\/p>\n<p>Bei Bestellungen bei Eurotubes UK ben\u00f6tigen wir eine Kontaktperson oder -personen, an die wir unsere Angebote, Auftragsbest\u00e4tigungen, Rechnungen, Lieferscheine richten k\u00f6nnen und falls es Probleme mit Ihren Waren w\u00e4hrend des Transports gibt. Wir verwenden und speichern nur den Vor- und Nachnamen der Kontaktperson. Durch die Bestellung bei Eurotubes UK erteilen Sie uns die Einwilligung, Ihren Namen, Ihre E-Mail-Adresse und Ihre Firmenadresse(n) f\u00fcr die oben genannten Zwecke zu verwenden.  <\/p>\n<p><b>Wir verarbeiten Ihre Daten auf folgende Weise:<\/b><\/p>\n<p><u>E-Mail-Bestellung<\/u><\/p>\n<p>Wenn Sie uns Bestellungen per E-Mail senden, werden Ihre E-Mail-Adresse und Ihre personenbezogenen Daten (Ihr Name) von Datenverarbeitern verarbeitet, die von unserem Datenverantwortlichen autorisiert\/ordnungsgem\u00e4\u00df geschult wurden. Die Mitarbeiter von Eurotubes UK haben keinen Zugriff auf diese Daten, nur Ihr Firmenname und die Details der Produkte und Mengen, die Sie bei uns bestellen, werden von unseren allgemeinen Mitarbeitern eingesehen. <\/p>\n<p>Wir speichern Ihre E-Mail-Bestellungen sicher auf unserem gehosteten Microsoft Exchange-Server [emailsrvr.com].<\/p>\n<p>Ihre Bestellung und die dazugeh\u00f6rige Rechnung werden ebenfalls ausgedruckt und sicher in verschlossenen Schr\u00e4nken abgelegt. Gedruckte Bestellungen werden 1 Jahr lang aufbewahrt, bevor sie vom Standort entfernt und von Shred It [www.shredit.co.uk] sicher vernichtet werden. <\/p>\n<p><b>Ihre individuellen Rechte<\/b><\/p>\n<p>Gem\u00e4\u00df der DSGVO haben Sie folgende Rechte. Sie k\u00f6nnen <a title=\"Ihre Rechte im Detail gem\u00e4\u00df der DSGVO\" href=\"https:\/\/ico.org.uk\/for-organisations\/guide-to-the-general-data-protection-regulation-gdpr\/individual-rights\/\" target=\"_blank\" rel=\"noopener\">hier mehr \u00fcber Ihre Rechte im Detail lesen<\/a>: <\/p>\n<ul type=\"disc\">\n<li>das Recht auf Information;<\/li>\n<li>das Recht auf Auskunft;<\/li>\n<li>das Recht auf Berichtigung;<\/li>\n<li>das Recht auf L\u00f6schung;<\/li>\n<li>das Recht auf Einschr\u00e4nkung der Verarbeitung;<\/li>\n<li>das Recht auf Daten\u00fcbertragbarkeit;<\/li>\n<li>das Recht auf Widerspruch; und<\/li>\n<li>das Recht, nicht einer automatisierten Entscheidungsfindung einschlie\u00dflich Profiling unterworfen zu werden.<\/li>\n<\/ul>\n<p> <\/p>\n<p>Sie haben auch das Recht, sich bei der ICO [www.ico.org.uk] zu beschweren, wenn Sie der Meinung sind, dass es ein Problem mit der Art und Weise gibt, wie wir Ihre Daten behandeln.<\/p>\n<p> <\/p>\n<p>Wir bearbeiten Antr\u00e4ge auf Auskunft gem\u00e4\u00df der DSGVO.<\/p>\n<p>Sie k\u00f6nnen jederzeit beantragen, dass Ihre Firmendaten und Ihr pers\u00f6nlicher Name von unserer Website und unseren internen Systemen entfernt werden. Bitte kontaktieren Sie unseren Datenverantwortlichen (Details siehe unten). <\/p>\n<p><b>Internet-Cookies<\/b><\/p>\n<p>Cookies liefern Informationen \u00fcber den von einem Besucher verwendeten Computer. Wir k\u00f6nnen Cookies gegebenenfalls verwenden, um Informationen \u00fcber Ihren Computer zu sammeln, um unsere Website zu verbessern. <\/p>\n<p>Wir k\u00f6nnen Informationen \u00fcber Ihre allgemeine Internetnutzung mithilfe des Cookies sammeln. Wo verwendet, werden diese Cookies auf Ihren Computer heruntergeladen und auf der Festplatte des Computers gespeichert. Diese Informationen identifizieren Sie nicht pers\u00f6nlich. Es handelt sich um statistische Daten. Diese statistischen Daten identifizieren keinerlei pers\u00f6nliche Details.    <\/p>\n<p>Sie k\u00f6nnen die Einstellungen auf Ihrem Computer anpassen, um alle Cookies abzulehnen, wenn Sie dies w\u00fcnschen. Dies kann einfach durch Aktivieren der Einstellung zum Ablehnen von Cookies auf Ihrem Computer erfolgen. <\/p>\n<p>Einige Cookies sind erforderlich, um die volle Funktionalit\u00e4t dieser Website zu genie\u00dfen und zu nutzen.<\/p>\n<p>Wir verwenden Cookies auch zum Zeitpunkt einer Bestellung, da dies Ihre IP-Adresse speichert und bedeutet, dass Ihre Bestellung bis zum Auschecken in Ihrem Warenkorb bleiben kann oder wenn Sie zu einem sp\u00e4teren Zeitpunkt auf die Website zur\u00fcckkehren.<\/p>\n<p>Wir verwenden ein Cookie-Kontrollsystem, mit dem Sie die Verwendung von Cookies akzeptieren und steuern k\u00f6nnen, welche Cookies auf Ihrem Ger\u00e4t\/Computer gespeichert werden. Einige Cookies werden f\u00fcr bestimmte Zeitr\u00e4ume gespeichert, w\u00e4hrend andere m\u00f6glicherweise unbegrenzt gespeichert werden. Ihr Webbrowser sollte Ihnen die Steuerungsm\u00f6glichkeiten bieten, um Cookies von Ihrem Ger\u00e4t zu verwalten und zu l\u00f6schen. Bitte beachten Sie die Optionen Ihres Webbrowsers.  <\/p>\n<p><b>Datensicherheit und -schutz<\/b><\/p>\n<p>Wir gew\u00e4hrleisten die Sicherheit aller pers\u00f6nlichen Daten, die wir speichern, indem wir sichere Datenspeichertechnologien und pr\u00e4zise Verfahren bei der Speicherung, dem Zugriff und der Verwaltung dieser Informationen verwenden. Unsere Methoden erf\u00fcllen die Anforderungen der DSGVO. <\/p>\n<p><b>Transparente Datenschutzerkl\u00e4rungen<\/b><\/p>\n<p>Wir haben einige weitere Erkl\u00e4rungen zum Datenschutz der Benutzer und zur Art und Weise, wie wir diese Website nutzen, bereitgestellt, um eine transparente und ehrliche Datenschutzmethodik zu f\u00f6rdern.<\/p>\n<p><b>E-Mail-Marketing, Newsletter und Dritte<\/b><\/p>\n<p>Eurotubes UK f\u00fchrt keine indirekten oder direkten E-Mail-Marketingkampagnen durch und wird dies auch nicht tun; wir erstellen auch keine Newsletter; wir werden Sie diesbez\u00fcglich auch nicht per Post kontaktieren. Eurotubes UK gibt keinerlei personenbezogene Daten an Dritte weiter. <\/p>\n<p><b>Business-Management-System [\u201eBMS\u201c]<\/b><\/p>\n<p>Unser Anbieter von Business-Management-Systemen ist: <a href=\"http:\/\/www.mediaorb.co.uk\/\" target=\"_blank\" rel=\"noopener\">www.mediaorb.co.uk<\/a>. Wir speichern die folgenden Informationen \u00fcber Sie\/Ihr Unternehmen in unserem BMS-System: <\/p>\n<ul>\n<li>Firmenname (oder pers\u00f6nlicher Name, wenn Einzelunternehmer)<\/li>\n<li>Ihr Name<\/li>\n<li>E-Mail-Adresse<\/li>\n<li>I.P-Adresse<\/li>\n<li>Alle Liefer- oder Rechnungsadresse(n), die Sie uns mitteilen<\/li>\n<li>Alle Kontakttelefon- oder Faxnummern, die Sie uns mitteilen<\/li>\n<\/ul>\n<p>*** Nur der Datenverantwortliche und seine autorisierten Datenverarbeiter haben Zugriff auf andere Daten als Ihren Firmennamen \u2013 alles andere, was Sie uns von oben mitteilen, ist vor unbefugtem Zugriff gesch\u00fctzt. Die Mitarbeiter unseres Unternehmens sehen nur Ihren Firmennamen, wenn sie Produktionsauftr\u00e4ge mit unserem internen BMS bearbeiten; keine personenbezogenen Daten, die Sie uns mitteilen, werden zur Bearbeitung Ihrer Bestellungen verwendet.  ***<\/p>\n<p><b>Ressourcen &amp; weitere Informationen<\/b><\/p>\n<ul>\n<li><a title=\"\u00dcberblick \u00fcber die DSGVO\" href=\"https:\/\/ico.org.uk\/for-organisations\/data-protection-reform\/overview-of-the-gdpr\/\" target=\"_blank\" rel=\"noopener\">\u00dcberblick \u00fcber die DSGVO &#8211; Datenschutz-Grundverordnung<\/a><\/li>\n<li><a title=\"Datenschutzgesetz von 1998\" href=\"http:\/\/www.legislation.gov.uk\/ukpga\/1998\/29\/contents\" target=\"_blank\" rel=\"noopener\">Datenschutzgesetz von 1998<\/a><\/li>\n<li><a title=\"Verordnung \u00fcber Privatsph\u00e4re und elektronische Kommunikation 2003\" href=\"http:\/\/www.legislation.gov.uk\/uksi\/2003\/2426\/contents\/made\" target=\"_blank\" rel=\"noopener\">Verordnung \u00fcber Privatsph\u00e4re und elektronische Kommunikation 2003<\/a><\/li>\n<li><a title=\"Verordnung \u00fcber Privatsph\u00e4re und elektronische Kommunikation \u2013 Der Leitfaden\" href=\"https:\/\/ico.org.uk\/for-organisations\/guide-to-pecr\/\" target=\"_blank\" rel=\"noopener\">Der Leitfaden zur PECR 2003<\/a><\/li>\n<li><a title=\"Twitter-Datenschutzrichtlinie\" href=\"http:\/\/twitter.com\/privacy\" target=\"_blank\" rel=\"noopener\">Twitter-Datenschutzrichtlinie<\/a><\/li>\n<li><a title=\"Facebook-Datenschutzrichtlinie\" href=\"http:\/\/www.facebook.com\/about\/privacy\/\" target=\"_blank\" rel=\"noopener\">Facebook-Datenschutzrichtlinie<\/a><\/li>\n<li><a title=\"Google-Datenschutzrichtlinie\" href=\"http:\/\/www.google.com\/privacy.html\" target=\"_blank\" rel=\"noopener\">Google-Datenschutzrichtlinie<\/a><\/li>\n<li><a title=\"LinkedIn-Datenschutzrichtlinie\" href=\"http:\/\/www.linkedin.com\/static?key=privacy_policy\" target=\"_blank\" rel=\"noopener\">LinkedIn-Datenschutzrichtlinie<\/a><\/li>\n<li><a title=\"Vorlage f\u00fcr eine DSGVO-Richtlinie f\u00fcr kleine Unternehmen\" href=\"http:\/\/www.jamieking.co.uk\/blog\/cyber-security\/policies\/free-sample-privacy-policy.php\" target=\"_blank\" rel=\"noopener\">Vorlage f\u00fcr eine DSGVO-Richtlinie f\u00fcr kleine Unternehmen<\/a><\/li>\n<\/ul>\n<p> <\/p>\n<p><b>Datenschutzbeauftragter von Eurotubes UK<\/b><\/p>\n<p>Eurotubes UK hat einen \u201eDatenschutzbeauftragten\u201c, der f\u00fcr Angelegenheiten im Zusammenhang mit Datenschutz und Datensicherheit zust\u00e4ndig ist.<\/p>\n<p>Wir freuen uns \u00fcber Fragen, Kommentare und Bedenken bez\u00fcglich unserer Datenschutzrichtlinie und unserer Datenschutzpraktiken.<\/p>\n<p>Wenn Sie Feedback geben m\u00f6chten oder Fragen oder Bedenken haben oder Ihre Rechte in Bezug auf Ihre personenbezogenen Daten aus\u00fcben m\u00f6chten, kontaktieren Sie uns bitte.<\/p>\n<p>Der Datenschutzbeauftragte von Eurotubes UK ist unter der folgenden Adresse\/Telefonnummer erreichbar:<\/p>\n<p><strong>Eurotubes UK Ltd<\/strong><br>Attn: Mr Greg Bedford<br>Unit 1 Lynx Building<br>Navigator Park<br>Portland<br>Dorset<br>DT5 1FU<\/p>\n<p><a href=\"tel:01305823932\"><strong>+441305 823 932<\/strong><\/a><\/p>\n<p><a href=\"http:\/\/www.eurotubes-uk.com\/de\/\">www.eurotubes-uk.com<\/a><\/p>\n\t\t\t\t\t\t\t\t<\/div>\n\t\t\t\t<\/div>\n\t\t\t\t\t<\/div>\n\t\t<\/div>\n\t\t\t\t\t<\/div>\n\t\t<\/section>\n\t\t\t\t<\/div>\n\t\t","protected":false},"excerpt":{"rendered":"<p>DATENSCHUTZRICHTLINIEN Einf\u00fchrung Eurotubes UK Ltd (handelnd unter dem Namen \u201eEurotubes UK\u201c) nutzt seine Website, um seine Drahtf\u00fchrungsrohre, Statorwicklungsnadeln, Schneidwerkzeuge und L\u00f6tger\u00e4te zu bewerben und zu verkaufen. Bei Eurotubes UK haben der Schutz der Privatsph\u00e4re und die Sicherheit unserer Kunden und Besucher h\u00f6chste Priorit\u00e4t. Eurotubes UK verpflichtet sich, die von Ihnen mit uns geteilten Daten zu [&hellip;]<\/p>\n","protected":false},"author":1,"featured_media":0,"parent":0,"menu_order":0,"comment_status":"closed","ping_status":"closed","template":"elementor_header_footer","meta":{"footnotes":""},"class_list":["post-7305","page","type-page","status-publish","hentry"],"_links":{"self":[{"href":"https:\/\/www.eurotubes-uk.com\/de\/wp-json\/wp\/v2\/pages\/7305","targetHints":{"allow":["GET"]}}],"collection":[{"href":"https:\/\/www.eurotubes-uk.com\/de\/wp-json\/wp\/v2\/pages"}],"about":[{"href":"https:\/\/www.eurotubes-uk.com\/de\/wp-json\/wp\/v2\/types\/page"}],"author":[{"embeddable":true,"href":"https:\/\/www.eurotubes-uk.com\/de\/wp-json\/wp\/v2\/users\/1"}],"replies":[{"embeddable":true,"href":"https:\/\/www.eurotubes-uk.com\/de\/wp-json\/wp\/v2\/comments?post=7305"}],"version-history":[{"count":3,"href":"https:\/\/www.eurotubes-uk.com\/de\/wp-json\/wp\/v2\/pages\/7305\/revisions"}],"predecessor-version":[{"id":7308,"href":"https:\/\/www.eurotubes-uk.com\/de\/wp-json\/wp\/v2\/pages\/7305\/revisions\/7308"}],"wp:attachment":[{"href":"https:\/\/www.eurotubes-uk.com\/de\/wp-json\/wp\/v2\/media?parent=7305"}],"curies":[{"name":"wp","href":"https:\/\/api.w.org\/{rel}","templated":true}]}}