{"id":7107,"date":"2024-05-17T13:08:07","date_gmt":"2024-05-17T12:08:07","guid":{"rendered":"https:\/\/www.eurotubes-uk.com\/nuestros-productos\/agujas-para-el-bobinado-del-estator\/"},"modified":"2026-02-04T12:27:20","modified_gmt":"2026-02-04T12:27:20","slug":"agujas-para-el-bobinado-del-estator","status":"publish","type":"page","link":"https:\/\/www.eurotubes-uk.com\/es\/nuestros-productos\/agujas-para-el-bobinado-del-estator\/","title":{"rendered":"Agujas para el bobinado del est\u00e1tor"},"content":{"rendered":"\t\t<div data-elementor-type=\"wp-page\" data-elementor-id=\"7107\" class=\"elementor elementor-7107 elementor-710\" data-elementor-post-type=\"page\">\n\t\t\t\t\t\t<section class=\"elementor-section elementor-top-section elementor-element elementor-element-6a0a228 elementor-section-full_width elementor-section-height-default elementor-section-height-default\" data-id=\"6a0a228\" data-element_type=\"section\" data-e-type=\"section\">\n\t\t\t\t\t\t<div class=\"elementor-container elementor-column-gap-default\">\n\t\t\t\t\t<div class=\"elementor-column elementor-col-100 elementor-top-column elementor-element elementor-element-6fdf071 elementor-invisible\" data-id=\"6fdf071\" data-element_type=\"column\" data-e-type=\"column\" data-settings=\"{&quot;background_background&quot;:&quot;classic&quot;,&quot;animation&quot;:&quot;fadeInLeft&quot;}\">\n\t\t\t<div class=\"elementor-widget-wrap elementor-element-populated\">\n\t\t\t\t\t<div class=\"elementor-background-overlay\"><\/div>\n\t\t\t\t\t\t\t<\/div>\n\t\t<\/div>\n\t\t\t\t\t<\/div>\n\t\t<\/section>\n\t\t\t\t<section class=\"elementor-section elementor-top-section elementor-element elementor-element-cdbe557 elementor-section-full_width elementor-section-height-default elementor-section-height-default\" data-id=\"cdbe557\" data-element_type=\"section\" data-e-type=\"section\">\n\t\t\t\t\t\t<div class=\"elementor-container elementor-column-gap-default\">\n\t\t\t\t\t<div class=\"elementor-column elementor-col-100 elementor-top-column elementor-element elementor-element-66c9b7f\" data-id=\"66c9b7f\" data-element_type=\"column\" data-e-type=\"column\">\n\t\t\t<div class=\"elementor-widget-wrap elementor-element-populated\">\n\t\t\t\t\t\t<div class=\"elementor-element elementor-element-92ec580 elementor-arrows-position-outside elementor-widget elementor-widget-image-carousel\" data-id=\"92ec580\" data-element_type=\"widget\" data-e-type=\"widget\" data-settings=\"{&quot;slides_to_show&quot;:&quot;2&quot;,&quot;navigation&quot;:&quot;arrows&quot;,&quot;autoplay&quot;:&quot;yes&quot;,&quot;pause_on_hover&quot;:&quot;yes&quot;,&quot;pause_on_interaction&quot;:&quot;yes&quot;,&quot;autoplay_speed&quot;:5000,&quot;infinite&quot;:&quot;yes&quot;,&quot;speed&quot;:500}\" data-widget_type=\"image-carousel.default\">\n\t\t\t\t<div class=\"elementor-widget-container\">\n\t\t\t\t\t\t\t<div class=\"elementor-image-carousel-wrapper swiper\" role=\"region\" aria-roledescription=\"carousel\" aria-label=\"Carrusel de im\u00e1genes\" dir=\"ltr\">\n\t\t\t<div class=\"elementor-image-carousel swiper-wrapper\" aria-live=\"off\">\n\t\t\t\t\t\t\t\t<div class=\"swiper-slide\" role=\"group\" aria-roledescription=\"slide\" aria-label=\"1 de 2\"><figure class=\"swiper-slide-inner\"><img decoding=\"async\" class=\"swiper-slide-image\" src=\"https:\/\/www.eurotubes-uk.com\/wp-content\/uploads\/2024\/05\/DSC02083-min-768x513.jpg\" alt=\"DSC02083-min\" \/><\/figure><\/div><div class=\"swiper-slide\" role=\"group\" aria-roledescription=\"slide\" aria-label=\"2 de 2\"><figure class=\"swiper-slide-inner\"><img decoding=\"async\" class=\"swiper-slide-image\" src=\"https:\/\/www.eurotubes-uk.com\/wp-content\/uploads\/2024\/05\/B10T7122-2-min-768x512.jpg\" alt=\"B10T7122-2-min\" \/><\/figure><\/div>\t\t\t<\/div>\n\t\t\t\t\t\t\t\t\t\t\t\t<div class=\"elementor-swiper-button elementor-swiper-button-prev\" role=\"button\" tabindex=\"0\">\n\t\t\t\t\t\t<svg aria-hidden=\"true\" class=\"e-font-icon-svg e-eicon-chevron-left\" viewBox=\"0 0 1000 1000\" xmlns=\"http:\/\/www.w3.org\/2000\/svg\"><path d=\"M646 125C629 125 613 133 604 142L308 442C296 454 292 471 292 487 292 504 296 521 308 533L604 854C617 867 629 875 646 875 663 875 679 871 692 858 704 846 713 829 713 812 713 796 708 779 692 767L438 487 692 225C700 217 708 204 708 187 708 171 704 154 692 142 675 129 663 125 646 125Z\"><\/path><\/svg>\t\t\t\t\t<\/div>\n\t\t\t\t\t<div class=\"elementor-swiper-button elementor-swiper-button-next\" role=\"button\" tabindex=\"0\">\n\t\t\t\t\t\t<svg aria-hidden=\"true\" class=\"e-font-icon-svg e-eicon-chevron-right\" viewBox=\"0 0 1000 1000\" xmlns=\"http:\/\/www.w3.org\/2000\/svg\"><path d=\"M696 533C708 521 713 504 713 487 713 471 708 454 696 446L400 146C388 133 375 125 354 125 338 125 325 129 313 142 300 154 292 171 292 187 292 204 296 221 308 233L563 492 304 771C292 783 288 800 288 817 288 833 296 850 308 863 321 871 338 875 354 875 371 875 388 867 400 854L696 533Z\"><\/path><\/svg>\t\t\t\t\t<\/div>\n\t\t\t\t\n\t\t\t\t\t\t\t\t\t<\/div>\n\t\t\t\t\t\t<\/div>\n\t\t\t\t<\/div>\n\t\t\t\t<section class=\"elementor-section elementor-inner-section elementor-element elementor-element-9113dac elementor-section-boxed elementor-section-height-default elementor-section-height-default\" data-id=\"9113dac\" data-element_type=\"section\" data-e-type=\"section\">\n\t\t\t\t\t\t<div class=\"elementor-container elementor-column-gap-default\">\n\t\t\t\t\t<div class=\"elementor-column elementor-col-16 elementor-inner-column elementor-element elementor-element-b402233\" data-id=\"b402233\" data-element_type=\"column\" data-e-type=\"column\">\n\t\t\t<div class=\"elementor-widget-wrap\">\n\t\t\t\t\t\t\t<\/div>\n\t\t<\/div>\n\t\t\t\t<div class=\"elementor-column elementor-col-66 elementor-inner-column elementor-element elementor-element-fbb07e1\" data-id=\"fbb07e1\" data-element_type=\"column\" data-e-type=\"column\">\n\t\t\t<div class=\"elementor-widget-wrap elementor-element-populated\">\n\t\t\t\t\t\t<div class=\"elementor-element elementor-element-87ce848 elementor-widget elementor-widget-video\" data-id=\"87ce848\" data-element_type=\"widget\" data-e-type=\"widget\" data-settings=\"{&quot;video_type&quot;:&quot;hosted&quot;,&quot;autoplay&quot;:&quot;yes&quot;,&quot;controls&quot;:&quot;yes&quot;}\" data-widget_type=\"video.default\">\n\t\t\t\t<div class=\"elementor-widget-container\">\n\t\t\t\t\t\t\t<div class=\"e-hosted-video elementor-wrapper elementor-open-inline\">\n\t\t\t\t\t<video class=\"elementor-video\" src=\"https:\/\/www.eurotubes-uk.com\/wp-content\/uploads\/2024\/05\/Stator-Video.mp4\" autoplay=\"\" controls=\"\" controlsList=\"nodownload\"><\/video>\n\t\t\t\t<\/div>\n\t\t\t\t\t\t<\/div>\n\t\t\t\t<\/div>\n\t\t\t\t\t<\/div>\n\t\t<\/div>\n\t\t\t\t<div class=\"elementor-column elementor-col-16 elementor-inner-column elementor-element elementor-element-5380828\" data-id=\"5380828\" data-element_type=\"column\" data-e-type=\"column\">\n\t\t\t<div class=\"elementor-widget-wrap\">\n\t\t\t\t\t\t\t<\/div>\n\t\t<\/div>\n\t\t\t\t\t<\/div>\n\t\t<\/section>\n\t\t\t\t<div class=\"elementor-element elementor-element-1b550d7 elementor-invisible elementor-widget elementor-widget-text-editor\" data-id=\"1b550d7\" data-element_type=\"widget\" data-e-type=\"widget\" data-settings=\"{&quot;_animation&quot;:&quot;fadeInLeft&quot;}\" data-widget_type=\"text-editor.default\">\n\t\t\t\t<div class=\"elementor-widget-container\">\n\t\t\t\t\t\t\t\t\t<p>Las agujas de bobinado de est\u00e1tor\/rotor en ranura (tambi\u00e9n conocidas como: gu\u00edas de est\u00e1tor, gu\u00edas de alambre de rotor, agujas de bobinado de motor, agujas de bobinado y tubos de est\u00e1tor) se utilizan generalmente en m\u00e1quinas autom\u00e1ticas de bobinado de est\u00e1tor en ranura que implican t\u00e9cnicas complejas, de alta alimentaci\u00f3n y multieje para insertar\/capar\/envolver alambre de cobre esmaltado alrededor de los polos de un est\u00e1tor; que eventualmente, con un rotor, conmutador, entrehierro, carcasa, etc., forma un motor el\u00e9ctrico. <\/p><p>Desde 1999, Eurotubes UK se ha especializado en el dise\u00f1o, la creaci\u00f3n r\u00e1pida de prototipos y la fabricaci\u00f3n de agujas de bobinado de est\u00e1tor\/rotor. Trabajamos directamente con <b><u> <a href=\"https:\/\/www.eurotubes-uk.com\/winding-machine-manufacturers\/\" target=\"_blank\" rel=\"noopener\">fabricantes de m\u00e1quinas de bobinado de est\u00e1tor\/rotor\/motor<\/a> <\/u><\/b>\u2013 y usuarios finales de dicha maquinaria \u2013 optimizando el dise\u00f1o de la aguja para mejorar la longevidad, mejorar el rendimiento y eliminar el riesgo de da\u00f1os en el alambre. <\/p><p>Nuestra amplia experiencia en la producci\u00f3n de agujas de bobinado de est\u00e1tor no tiene parang\u00f3n en la industria. Durante m\u00e1s de dos d\u00e9cadas, hemos perfeccionado nuestras capacidades de dise\u00f1o, producci\u00f3n y acabado para ofrecer agujas de bobinado l\u00edderes en la industria en cuanto a calidad, valor y dise\u00f1o. <\/p><p>No solo el dise\u00f1o es fundamental para un bobinado exitoso, sino que el acabado superficial y la consistencia en la geometr\u00eda\/dimensiones de una aguja a otra son cr\u00edticos. Utilizando t\u00e9cnicas de mecanizado CAD-CAM-CNC, junto con maquinaria a medida, conocimiento patentado y una instalaci\u00f3n de fabricaci\u00f3n dedicada de \u00faltima generaci\u00f3n, suministramos agujas de bobinado de est\u00e1tor de primera clase a las principales empresas de fabricaci\u00f3n de motores el\u00e9ctricos de todo el mundo. <\/p><p>Se atienden cantidades de lotes peque\u00f1os o grandes vol\u00famenes: el plazo general para la fabricaci\u00f3n de un nuevo dise\u00f1o de est\u00e1tor es de 5 a 7 d\u00edas; para los clientes existentes con pedidos repetidos, nuestro objetivo es mantener existencias terminadas para el env\u00edo el mismo d\u00eda.<\/p><p>Como ejemplo, un lote de 6 agujas estar\u00eda en el rango de \u00a3250 &#8211; \u00a3600 cada una, dependiendo de la complejidad del dise\u00f1o y la cantidad de caracter\u00edsticas, operaciones de mecanizado y tiempos de acabado.<\/p><p>P\u00f3ngase en contacto con nuestro equipo de ventas \u2013 <a href=\"mailto:sales@eurotubes.co.uk\">sales@eurotubes.co.uk<\/a> para obtener m\u00e1s informaci\u00f3n o si desea recibir un presupuesto con los plazos de entrega.<\/p>\t\t\t\t\t\t\t\t<\/div>\n\t\t\t\t<\/div>\n\t\t\t\t<div class=\"elementor-element elementor-element-5cf72c2 elementor-widget elementor-widget-heading\" data-id=\"5cf72c2\" data-element_type=\"widget\" data-e-type=\"widget\" data-widget_type=\"heading.default\">\n\t\t\t\t<div class=\"elementor-widget-container\">\n\t\t\t\t\t<h2 class=\"elementor-heading-title elementor-size-default\">Productos<\/h2>\t\t\t\t<\/div>\n\t\t\t\t<\/div>\n\t\t\t\t\t<\/div>\n\t\t<\/div>\n\t\t\t\t\t<\/div>\n\t\t<\/section>\n\t\t\t\t<\/div>\n\t\t","protected":false},"excerpt":{"rendered":"<p>https:\/\/www.eurotubes-uk.com\/wp-content\/uploads\/2024\/05\/Stator-Video.mp4 Las agujas de bobinado de est\u00e1tor\/rotor en ranura (tambi\u00e9n conocidas como: gu\u00edas de est\u00e1tor, gu\u00edas de alambre de rotor, agujas de bobinado de motor, agujas de bobinado y tubos de est\u00e1tor) se utilizan generalmente en m\u00e1quinas autom\u00e1ticas de bobinado de est\u00e1tor en ranura que implican t\u00e9cnicas complejas, de alta alimentaci\u00f3n y multieje para insertar\/capar\/envolver [&hellip;]<\/p>\n","protected":false},"author":1,"featured_media":0,"parent":7069,"menu_order":0,"comment_status":"closed","ping_status":"closed","template":"elementor_header_footer","meta":{"footnotes":""},"class_list":["post-7107","page","type-page","status-publish","hentry"],"_links":{"self":[{"href":"https:\/\/www.eurotubes-uk.com\/es\/wp-json\/wp\/v2\/pages\/7107","targetHints":{"allow":["GET"]}}],"collection":[{"href":"https:\/\/www.eurotubes-uk.com\/es\/wp-json\/wp\/v2\/pages"}],"about":[{"href":"https:\/\/www.eurotubes-uk.com\/es\/wp-json\/wp\/v2\/types\/page"}],"author":[{"embeddable":true,"href":"https:\/\/www.eurotubes-uk.com\/es\/wp-json\/wp\/v2\/users\/1"}],"replies":[{"embeddable":true,"href":"https:\/\/www.eurotubes-uk.com\/es\/wp-json\/wp\/v2\/comments?post=7107"}],"version-history":[{"count":1,"href":"https:\/\/www.eurotubes-uk.com\/es\/wp-json\/wp\/v2\/pages\/7107\/revisions"}],"predecessor-version":[{"id":7109,"href":"https:\/\/www.eurotubes-uk.com\/es\/wp-json\/wp\/v2\/pages\/7107\/revisions\/7109"}],"up":[{"embeddable":true,"href":"https:\/\/www.eurotubes-uk.com\/es\/wp-json\/wp\/v2\/pages\/7069"}],"wp:attachment":[{"href":"https:\/\/www.eurotubes-uk.com\/es\/wp-json\/wp\/v2\/media?parent=7107"}],"curies":[{"name":"wp","href":"https:\/\/api.w.org\/{rel}","templated":true}]}}