{"id":7156,"date":"2024-05-17T09:10:57","date_gmt":"2024-05-17T08:10:57","guid":{"rendered":"https:\/\/www.eurotubes-uk.com\/politica-de-reembolso\/"},"modified":"2026-02-04T12:32:42","modified_gmt":"2026-02-04T12:32:42","slug":"politica-de-reembolso","status":"publish","type":"page","link":"https:\/\/www.eurotubes-uk.com\/es\/politica-de-reembolso\/","title":{"rendered":"Pol\u00edtica de reembolso"},"content":{"rendered":"\t\t<div data-elementor-type=\"wp-page\" data-elementor-id=\"7156\" class=\"elementor elementor-7156 elementor-34\" data-elementor-post-type=\"page\">\n\t\t\t\t\t\t<section class=\"elementor-section elementor-top-section elementor-element elementor-element-78f39090 elementor-section-full_width elementor-section-height-default elementor-section-height-default\" data-id=\"78f39090\" data-element_type=\"section\" data-e-type=\"section\">\n\t\t\t\t\t\t<div class=\"elementor-container elementor-column-gap-default\">\n\t\t\t\t\t<div class=\"elementor-column elementor-col-100 elementor-top-column elementor-element elementor-element-7dd1c135 elementor-invisible\" data-id=\"7dd1c135\" data-element_type=\"column\" data-e-type=\"column\" data-settings=\"{&quot;background_background&quot;:&quot;classic&quot;,&quot;animation&quot;:&quot;fadeInLeft&quot;}\">\n\t\t\t<div class=\"elementor-widget-wrap elementor-element-populated\">\n\t\t\t\t\t\t\t<\/div>\n\t\t<\/div>\n\t\t\t\t\t<\/div>\n\t\t<\/section>\n\t\t\t\t<section class=\"elementor-section elementor-top-section elementor-element elementor-element-c8541e8 elementor-section-full_width elementor-section-height-default elementor-section-height-default\" data-id=\"c8541e8\" data-element_type=\"section\" data-e-type=\"section\">\n\t\t\t\t\t\t<div class=\"elementor-container elementor-column-gap-default\">\n\t\t\t\t\t<div class=\"elementor-column elementor-col-100 elementor-top-column elementor-element elementor-element-c6d7d73\" data-id=\"c6d7d73\" data-element_type=\"column\" data-e-type=\"column\">\n\t\t\t<div class=\"elementor-widget-wrap elementor-element-populated\">\n\t\t\t\t\t\t<div class=\"elementor-element elementor-element-6caeacc elementor-widget elementor-widget-text-editor\" data-id=\"6caeacc\" data-element_type=\"widget\" data-e-type=\"widget\" data-widget_type=\"text-editor.default\">\n\t\t\t\t<div class=\"elementor-widget-container\">\n\t\t\t\t\t\t\t\t\t\n<p>Eurotubes emitir\u00e1 notas de cr\u00e9dito y reembolsar\u00e1 \u00edntegramente cualquier art\u00edculo defectuoso o si el art\u00edculo no tiene un est\u00e1ndar satisfactorio.<br><br>Los productos deben devolverse sin usar y, una vez recibidos en nuestra sede corporativa, solo entonces se procesar\u00e1 el reembolso y se emitir\u00e1 la nota de cr\u00e9dito.<br><br>No aceptaremos responsabilidad por agujas elegidas incorrectamente para su aplicaci\u00f3n, pero le aseguramos nuestros procedimientos de inspecci\u00f3n\/control de calidad al 100% y el seguro de responsabilidad civil del producto si se demuestra que nuestras gu\u00edas son defectuosas.<\/p>\n\t\t\t\t\t\t\t\t<\/div>\n\t\t\t\t<\/div>\n\t\t\t\t\t<\/div>\n\t\t<\/div>\n\t\t\t\t\t<\/div>\n\t\t<\/section>\n\t\t\t\t<\/div>\n\t\t","protected":false},"excerpt":{"rendered":"<p>Eurotubes emitir\u00e1 notas de cr\u00e9dito y reembolsar\u00e1 \u00edntegramente cualquier art\u00edculo defectuoso o si el art\u00edculo no tiene un est\u00e1ndar satisfactorio. Los productos deben devolverse sin usar y, una vez recibidos en nuestra sede corporativa, solo entonces se procesar\u00e1 el reembolso y se emitir\u00e1 la nota de cr\u00e9dito. No aceptaremos responsabilidad por agujas elegidas incorrectamente para [&hellip;]<\/p>\n","protected":false},"author":1,"featured_media":0,"parent":0,"menu_order":0,"comment_status":"closed","ping_status":"closed","template":"elementor_header_footer","meta":{"footnotes":""},"class_list":["post-7156","page","type-page","status-publish","hentry"],"_links":{"self":[{"href":"https:\/\/www.eurotubes-uk.com\/es\/wp-json\/wp\/v2\/pages\/7156","targetHints":{"allow":["GET"]}}],"collection":[{"href":"https:\/\/www.eurotubes-uk.com\/es\/wp-json\/wp\/v2\/pages"}],"about":[{"href":"https:\/\/www.eurotubes-uk.com\/es\/wp-json\/wp\/v2\/types\/page"}],"author":[{"embeddable":true,"href":"https:\/\/www.eurotubes-uk.com\/es\/wp-json\/wp\/v2\/users\/1"}],"replies":[{"embeddable":true,"href":"https:\/\/www.eurotubes-uk.com\/es\/wp-json\/wp\/v2\/comments?post=7156"}],"version-history":[{"count":3,"href":"https:\/\/www.eurotubes-uk.com\/es\/wp-json\/wp\/v2\/pages\/7156\/revisions"}],"predecessor-version":[{"id":7159,"href":"https:\/\/www.eurotubes-uk.com\/es\/wp-json\/wp\/v2\/pages\/7156\/revisions\/7159"}],"wp:attachment":[{"href":"https:\/\/www.eurotubes-uk.com\/es\/wp-json\/wp\/v2\/media?parent=7156"}],"curies":[{"name":"wp","href":"https:\/\/api.w.org\/{rel}","templated":true}]}}