{"id":7373,"date":"2024-05-17T09:31:33","date_gmt":"2024-05-17T08:31:33","guid":{"rendered":"https:\/\/www.eurotubes-uk.com\/politica-de-privacidad\/"},"modified":"2026-02-04T12:53:37","modified_gmt":"2026-02-04T12:53:37","slug":"politica-de-privacidad","status":"publish","type":"page","link":"https:\/\/www.eurotubes-uk.com\/es\/politica-de-privacidad\/","title":{"rendered":"Pol\u00edtica de privacidad"},"content":{"rendered":"\t\t<div data-elementor-type=\"wp-page\" data-elementor-id=\"7373\" class=\"elementor elementor-7373 elementor-316\" data-elementor-post-type=\"page\">\n\t\t\t\t\t\t<section class=\"elementor-section elementor-top-section elementor-element elementor-element-78f39090 elementor-section-full_width elementor-section-height-default elementor-section-height-default\" data-id=\"78f39090\" data-element_type=\"section\" data-e-type=\"section\">\n\t\t\t\t\t\t<div class=\"elementor-container elementor-column-gap-default\">\n\t\t\t\t\t<div class=\"elementor-column elementor-col-100 elementor-top-column elementor-element elementor-element-7dd1c135 elementor-invisible\" data-id=\"7dd1c135\" data-element_type=\"column\" data-e-type=\"column\" data-settings=\"{&quot;background_background&quot;:&quot;classic&quot;,&quot;animation&quot;:&quot;fadeInLeft&quot;}\">\n\t\t\t<div class=\"elementor-widget-wrap elementor-element-populated\">\n\t\t\t\t\t\t\t<\/div>\n\t\t<\/div>\n\t\t\t\t\t<\/div>\n\t\t<\/section>\n\t\t\t\t<section class=\"elementor-section elementor-top-section elementor-element elementor-element-c8541e8 elementor-section-full_width elementor-section-height-default elementor-section-height-default\" data-id=\"c8541e8\" data-element_type=\"section\" data-e-type=\"section\">\n\t\t\t\t\t\t<div class=\"elementor-container elementor-column-gap-default\">\n\t\t\t\t\t<div class=\"elementor-column elementor-col-100 elementor-top-column elementor-element elementor-element-c6d7d73\" data-id=\"c6d7d73\" data-element_type=\"column\" data-e-type=\"column\">\n\t\t\t<div class=\"elementor-widget-wrap elementor-element-populated\">\n\t\t\t\t\t\t<div class=\"elementor-element elementor-element-6caeacc elementor-widget elementor-widget-text-editor\" data-id=\"6caeacc\" data-element_type=\"widget\" data-e-type=\"widget\" data-widget_type=\"text-editor.default\">\n\t\t\t\t<div class=\"elementor-widget-container\">\n\t\t\t\t\t\t\t\t\t\n<h1><u>AVISO DE POL\u00cdTICA DE PRIVACIDAD<\/u><\/h1>\n<p><b>Introducci\u00f3n<\/b><\/p>\n<p>Eurotubes UK Ltd (que opera como \u201cEurotubes UK\u201d) utiliza su sitio web para promocionar y vender sus tubos gu\u00eda de alambre, agujas para bobinado de estatores, cortadores y equipos de soldadura.<\/p>\n<p>En Eurotubes UK, la privacidad y la seguridad de nuestros clientes y visitantes son de suma importancia. Eurotubes UK se compromete a proteger los datos que comparte con nosotros. Esta pol\u00edtica de privacidad explica c\u00f3mo Eurotubes UK procesa la informaci\u00f3n que puede utilizarse para identificar directa o indirectamente a una persona (\u201cDatos personales\u201d) recopilada a trav\u00e9s del uso de su sitio web, plataforma de comercio electr\u00f3nico y sistema de gesti\u00f3n empresarial (\u201cBMS\u201d).  <\/p>\n<p>La pol\u00edtica: Este aviso de pol\u00edtica de privacidad es para este sitio web: [www.Eurotubes-UK.com] y es proporcionado por [Eurotubes UK, Unit 1, Lynx Building, Navigator Park, Mereside, Portland, DT5 1FU] y rige la privacidad de quienes lo utilizan. El prop\u00f3sito de esta pol\u00edtica es explicarle c\u00f3mo controlamos, procesamos, manejamos y protegemos su informaci\u00f3n personal mientras navega o utiliza este sitio web, incluidos sus derechos en virtud de las leyes y regulaciones vigentes. Si no est\u00e1 de acuerdo con la siguiente pol\u00edtica, es posible que desee dejar de ver\/utilizar este sitio web.  <\/p>\n<p><b>Definiciones clave de la pol\u00edtica:<\/b><\/p>\n<p>\u00abYo\u00bb, \u00abnuestro\u00bb, \u00abnos\u00bb o \u00abnosotros\u00bb se refieren a la empresa, [Eurotubes UK Ltd, que opera como \u201cEurotubes UK\u201d].<\/p>\n<p>\u00abUsted\u00bb, \u00abel usuario\u00bb se refieren a la(s) persona(s) que utiliza(n) este sitio web.<\/p>\n<p>RGPD significa Reglamento General de Protecci\u00f3n de Datos.<\/p>\n<p>PECR significa Reglamento de Privacidad y Comunicaciones Electr\u00f3nicas.<\/p>\n<p>ICO significa Oficina del Comisionado de Informaci\u00f3n.<\/p>\n<p>Cookies significa peque\u00f1os archivos almacenados en el ordenador o dispositivo de un usuario.<\/p>\n<p><b>Tratamiento de sus datos personales<\/b><\/p>\n<p>Seg\u00fan el RGPD (Reglamento General de Protecci\u00f3n de Datos), controlamos y\/o procesamos cualquier informaci\u00f3n personal sobre usted electr\u00f3nicamente utilizando la siguiente base legal.<\/p>\n<p><u>Consentimiento:<\/u><\/p>\n<p>Al realizar un pedido a Eurotubes UK, necesitamos una persona de contacto, o personas, para dirigir nuestras cotizaciones, confirmaciones de pedido, facturas, notas de entrega y si hay alg\u00fan problema con sus productos una vez en tr\u00e1nsito. Solo utilizamos y almacenamos el nombre y apellido de la persona de contacto. En virtud de realizar un pedido a Eurotubes UK, nos da su consentimiento para utilizar su nombre, direcci\u00f3n de correo electr\u00f3nico y direcci\u00f3n(es) de la empresa para los fines anteriores.  <\/p>\n<p><b>Procesamos su informaci\u00f3n de las siguientes maneras:<\/b><\/p>\n<p><u>Pedido por correo electr\u00f3nico<\/u><\/p>\n<p>Cuando nos env\u00eda pedidos por correo electr\u00f3nico, su direcci\u00f3n de correo electr\u00f3nico y sus datos personales (su nombre) son procesados por procesadores de datos autorizados\/debidamente capacitados por nuestro controlador de datos. Los empleados de Eurotubes UK no tienen acceso a estos datos, solo nuestro personal general accede al nombre de su empresa y a los detalles de los productos y cantidades que nos solicita. <\/p>\n<p>Almacenamos de forma segura sus pedidos por correo electr\u00f3nico en nuestro servidor de Microsoft Exchange alojado [emailsrvr.com].<\/p>\n<p>Su pedido y su respectiva factura tambi\u00e9n se imprimen y se archivan de forma segura en armarios cerrados con llave. Los pedidos impresos se archivan durante 1 a\u00f1o, cuando se retiran del sitio y se destruyen de forma segura por Shred It [www.shredit.co.uk]. <\/p>\n<p><b>Sus derechos individuales<\/b><\/p>\n<p>Seg\u00fan el RGPD, sus derechos son los siguientes. Puede leer m\u00e1s sobre <a title=\"sus derechos en detalle seg\u00fan el RGPD\" href=\"https:\/\/ico.org.uk\/for-organisations\/guide-to-the-general-data-protection-regulation-gdpr\/individual-rights\/\" target=\"_blank\" rel=\"noopener\">sus derechos en detalle aqu\u00ed<\/a>: <\/p>\n<ul type=\"disc\">\n<li>el derecho a ser informado;<\/li>\n<li>el derecho de acceso;<\/li>\n<li>el derecho a la rectificaci\u00f3n;<\/li>\n<li>el derecho al borrado;<\/li>\n<li>el derecho a restringir el procesamiento;<\/li>\n<li>el derecho a la portabilidad de los datos;<\/li>\n<li>el derecho a oponerse; y<\/li>\n<li>el derecho a no ser objeto de la toma de decisiones automatizada, incluida la elaboraci\u00f3n de perfiles.<\/li>\n<\/ul>\n<p> <\/p>\n<p>Tambi\u00e9n tiene derecho a presentar una queja ante la ICO [www.ico.org.uk] si cree que hay un problema con la forma en que estamos manejando sus datos.<\/p>\n<p> <\/p>\n<p>Manejamos las solicitudes de acceso de los interesados de acuerdo con el RGPD.<\/p>\n<p>En cualquier momento, puede solicitar que los datos de su empresa y su nombre personal se eliminen de nuestro sitio web y de los sistemas internos. P\u00f3ngase en contacto con nuestro responsable de protecci\u00f3n de datos (detalles a continuaci\u00f3n). <\/p>\n<p><b>Cookies de Internet<\/b><\/p>\n<p>Las cookies proporcionan informaci\u00f3n sobre el ordenador utilizado por un visitante. Podemos utilizar cookies cuando sea apropiado para recopilar informaci\u00f3n sobre su ordenador y ayudarnos a mejorar nuestro sitio web. <\/p>\n<p>Podemos recopilar informaci\u00f3n sobre su uso general de Internet mediante el uso de la cookie. Cuando se utilizan, estas cookies se descargan en su ordenador y se almacenan en el disco duro del ordenador. Dicha informaci\u00f3n no le identificar\u00e1 personalmente. Son datos estad\u00edsticos. Estos datos estad\u00edsticos no identifican ning\u00fan dato personal en absoluto.    <\/p>\n<p>Puede ajustar la configuraci\u00f3n de su ordenador para rechazar cualquier cookie si lo desea. Esto se puede hacer f\u00e1cilmente activando la configuraci\u00f3n de rechazo de cookies en su ordenador. <\/p>\n<p>Se requieren algunas cookies para disfrutar y utilizar la funcionalidad completa de este sitio web.<\/p>\n<p>Tambi\u00e9n utilizamos cookies en el momento de un pedido, ya que esto mantiene su direcci\u00f3n IP y significa que su pedido puede permanecer en su cesta hasta el momento de la compra o para cuando regrese al sitio en una etapa posterior.<\/p>\n<p>Utilizamos un sistema de control de cookies que le permite aceptar el uso de cookies y controlar qu\u00e9 cookies se guardan en su dispositivo\/ordenador. Algunas cookies se guardar\u00e1n durante per\u00edodos de tiempo espec\u00edficos, mientras que otras pueden durar indefinidamente. Su navegador web deber\u00eda proporcionarle los controles para administrar y eliminar las cookies de su dispositivo, consulte las opciones de su navegador web.  <\/p>\n<p><b>Seguridad y protecci\u00f3n de datos<\/b><\/p>\n<p>Garantizamos la seguridad de cualquier informaci\u00f3n personal que poseemos mediante el uso de tecnolog\u00edas seguras de almacenamiento de datos y procedimientos precisos sobre c\u00f3mo almacenamos, accedemos y gestionamos esa informaci\u00f3n. Nuestros m\u00e9todos cumplen con los requisitos de cumplimiento del RGPD. <\/p>\n<p><b>Explicaciones transparentes de privacidad<\/b><\/p>\n<p>Hemos proporcionado algunas explicaciones adicionales sobre la privacidad del usuario y la forma en que utilizamos este sitio web para ayudar a promover una metodolog\u00eda de privacidad del usuario transparente y honesta.<\/p>\n<p><b>Marketing por correo electr\u00f3nico, boletines y terceros<\/b><\/p>\n<p>Eurotubes UK no realiza ni realizar\u00e1 campa\u00f1as de marketing por correo electr\u00f3nico directas o indirectas; tampoco producimos boletines; tampoco nos pondremos en contacto con usted por correo postal en este sentido. Eurotubes UK no comparte ning\u00fan dato personal con terceros en absoluto. <\/p>\n<p><b>Sistema de gesti\u00f3n empresarial [\u201cBMS\u201d]<\/b><\/p>\n<p>Nuestro proveedor del sistema de gesti\u00f3n empresarial es: <a href=\"http:\/\/www.mediaorb.co.uk\/\" target=\"_blank\" rel=\"noopener\">www.mediaorb.co.uk<\/a>. Mantenemos la siguiente informaci\u00f3n sobre usted\/su empresa dentro de nuestro sistema BMS: <\/p>\n<ul>\n<li>Nombre de la empresa (o nombre personal si es un comerciante individual)<\/li>\n<li>Su nombre<\/li>\n<li>Direcci\u00f3n de correo electr\u00f3nico<\/li>\n<li>Direcci\u00f3n IP<\/li>\n<li>Cualquier direcci\u00f3n(es) de entrega o facturaci\u00f3n que nos proporcione<\/li>\n<li>Cualquier n\u00famero de tel\u00e9fono o fax de contacto que nos proporcione<\/li>\n<\/ul>\n<p>*** Solo el responsable de protecci\u00f3n de datos y sus procesadores de datos autorizados tienen acceso a algo m\u00e1s que al nombre de su empresa; todo lo dem\u00e1s que nos proporcione de lo anterior est\u00e1 restringido del acceso no autorizado. Los empleados de nuestra empresa solo ver\u00e1n el nombre de su empresa al procesar trabajos de producci\u00f3n utilizando nuestro BMS interno; no se utilizan datos personales que nos proporcione para procesar sus pedidos.  ***<\/p>\n<p><b>Recursos e informaci\u00f3n adicional<\/b><\/p>\n<ul>\n<li><a title=\"Descripci\u00f3n general del RGPD\" href=\"https:\/\/ico.org.uk\/for-organisations\/data-protection-reform\/overview-of-the-gdpr\/\" target=\"_blank\" rel=\"noopener\">Descripci\u00f3n general del RGPD &#8211; Reglamento General de Protecci\u00f3n de Datos<\/a><\/li>\n<li><a title=\"Ley de Protecci\u00f3n de Datos de 1998\" href=\"http:\/\/www.legislation.gov.uk\/ukpga\/1998\/29\/contents\" target=\"_blank\" rel=\"noopener\">Ley de Protecci\u00f3n de Datos de 1998<\/a><\/li>\n<li><a title=\"Reglamento de Privacidad y Comunicaciones Electr\u00f3nicas de 2003\" href=\"http:\/\/www.legislation.gov.uk\/uksi\/2003\/2426\/contents\/made\" target=\"_blank\" rel=\"noopener\">Reglamento de Privacidad y Comunicaciones Electr\u00f3nicas de 2003<\/a><\/li>\n<li><a title=\"Reglamento de Privacidad y Comunicaciones Electr\u00f3nicas La Gu\u00eda\" href=\"https:\/\/ico.org.uk\/for-organisations\/guide-to-pecr\/\" target=\"_blank\" rel=\"noopener\">La Gu\u00eda del PECR 2003<\/a><\/li>\n<li><a title=\"Pol\u00edtica de privacidad de Twitter\" href=\"http:\/\/twitter.com\/privacy\" target=\"_blank\" rel=\"noopener\">Pol\u00edtica de privacidad de Twitter<\/a><\/li>\n<li><a title=\"Pol\u00edtica de privacidad de Facebook\" href=\"http:\/\/www.facebook.com\/about\/privacy\/\" target=\"_blank\" rel=\"noopener\">Pol\u00edtica de privacidad de Facebook<\/a><\/li>\n<li><a title=\"Pol\u00edtica de privacidad de Google\" href=\"http:\/\/www.google.com\/privacy.html\" target=\"_blank\" rel=\"noopener\">Pol\u00edtica de privacidad de Google<\/a><\/li>\n<li><a title=\"Pol\u00edtica de privacidad de LinkedIn\" href=\"http:\/\/www.linkedin.com\/static?key=privacy_policy\" target=\"_blank\" rel=\"noopener\">Pol\u00edtica de privacidad de Linkedin<\/a><\/li>\n<li><a title=\"Plantilla de pol\u00edtica de RGPD para peque\u00f1as empresas\" href=\"http:\/\/www.jamieking.co.uk\/blog\/cyber-security\/policies\/free-sample-privacy-policy.php\" target=\"_blank\" rel=\"noopener\">Plantilla de pol\u00edtica de RGPD para peque\u00f1as empresas<\/a><\/li>\n<\/ul>\n<p> <\/p>\n<p><b>Responsable de protecci\u00f3n de datos de Eurotubes UK<\/b><\/p>\n<p>Eurotubes UK tiene un \u201cResponsable de protecci\u00f3n de datos\u201d que es responsable de los asuntos relacionados con la privacidad y la protecci\u00f3n de datos.<\/p>\n<p>Agradecemos las preguntas, los comentarios y las inquietudes sobre nuestra pol\u00edtica de privacidad y nuestras pr\u00e1cticas de privacidad.<\/p>\n<p>Si desea proporcionar comentarios o si tiene preguntas o inquietudes o desea ejercer sus derechos relacionados con sus datos personales, p\u00f3ngase en contacto con nosotros.<\/p>\n<p>Se puede contactar con el responsable de protecci\u00f3n de datos de Eurotubes UK en la siguiente direcci\u00f3n\/n\u00famero de tel\u00e9fono:<\/p>\n<p><strong>Eurotubes UK Ltd<\/strong><br>Attn: Mr Greg Bedford<br>Unit 1 Lynx Building<br>Navigator Park<br>Portland<br>Dorset<br>DT5 1FU<\/p>\n<p><a href=\"tel:01305823932\"><strong>+441305 823 932<\/strong><\/a><\/p>\n<p><a href=\"http:\/\/www.eurotubes-uk.com\/es\/\">www.eurotubes-uk.com<\/a><\/p>\n\t\t\t\t\t\t\t\t<\/div>\n\t\t\t\t<\/div>\n\t\t\t\t\t<\/div>\n\t\t<\/div>\n\t\t\t\t\t<\/div>\n\t\t<\/section>\n\t\t\t\t<\/div>\n\t\t","protected":false},"excerpt":{"rendered":"<p>AVISO DE POL\u00cdTICA DE PRIVACIDAD Introducci\u00f3n Eurotubes UK Ltd (que opera como \u201cEurotubes UK\u201d) utiliza su sitio web para promocionar y vender sus tubos gu\u00eda de alambre, agujas para bobinado de estatores, cortadores y equipos de soldadura. En Eurotubes UK, la privacidad y la seguridad de nuestros clientes y visitantes son de suma importancia. Eurotubes [&hellip;]<\/p>\n","protected":false},"author":1,"featured_media":0,"parent":0,"menu_order":0,"comment_status":"closed","ping_status":"closed","template":"elementor_header_footer","meta":{"footnotes":""},"class_list":["post-7373","page","type-page","status-publish","hentry"],"_links":{"self":[{"href":"https:\/\/www.eurotubes-uk.com\/es\/wp-json\/wp\/v2\/pages\/7373","targetHints":{"allow":["GET"]}}],"collection":[{"href":"https:\/\/www.eurotubes-uk.com\/es\/wp-json\/wp\/v2\/pages"}],"about":[{"href":"https:\/\/www.eurotubes-uk.com\/es\/wp-json\/wp\/v2\/types\/page"}],"author":[{"embeddable":true,"href":"https:\/\/www.eurotubes-uk.com\/es\/wp-json\/wp\/v2\/users\/1"}],"replies":[{"embeddable":true,"href":"https:\/\/www.eurotubes-uk.com\/es\/wp-json\/wp\/v2\/comments?post=7373"}],"version-history":[{"count":3,"href":"https:\/\/www.eurotubes-uk.com\/es\/wp-json\/wp\/v2\/pages\/7373\/revisions"}],"predecessor-version":[{"id":7376,"href":"https:\/\/www.eurotubes-uk.com\/es\/wp-json\/wp\/v2\/pages\/7373\/revisions\/7376"}],"wp:attachment":[{"href":"https:\/\/www.eurotubes-uk.com\/es\/wp-json\/wp\/v2\/media?parent=7373"}],"curies":[{"name":"wp","href":"https:\/\/api.w.org\/{rel}","templated":true}]}}