{"id":7090,"date":"2024-05-17T13:08:07","date_gmt":"2024-05-17T12:08:07","guid":{"rendered":"https:\/\/www.eurotubes-uk.com\/nos-produits\/aiguilles-de-bobinage-de-stator\/"},"modified":"2026-02-04T12:14:52","modified_gmt":"2026-02-04T12:14:52","slug":"aiguilles-de-bobinage-de-stator","status":"publish","type":"page","link":"https:\/\/www.eurotubes-uk.com\/fr\/nos-produits\/aiguilles-de-bobinage-de-stator\/","title":{"rendered":"Aiguilles de bobinage de stator"},"content":{"rendered":"\t\t<div data-elementor-type=\"wp-page\" data-elementor-id=\"7090\" class=\"elementor elementor-7090 elementor-710\" data-elementor-post-type=\"page\">\n\t\t\t\t\t\t<section class=\"elementor-section elementor-top-section elementor-element elementor-element-6a0a228 elementor-section-full_width elementor-section-height-default elementor-section-height-default\" data-id=\"6a0a228\" data-element_type=\"section\" data-e-type=\"section\">\n\t\t\t\t\t\t<div class=\"elementor-container elementor-column-gap-default\">\n\t\t\t\t\t<div class=\"elementor-column elementor-col-100 elementor-top-column elementor-element elementor-element-6fdf071 elementor-invisible\" data-id=\"6fdf071\" data-element_type=\"column\" data-e-type=\"column\" data-settings=\"{&quot;background_background&quot;:&quot;classic&quot;,&quot;animation&quot;:&quot;fadeInLeft&quot;}\">\n\t\t\t<div class=\"elementor-widget-wrap elementor-element-populated\">\n\t\t\t\t\t<div class=\"elementor-background-overlay\"><\/div>\n\t\t\t\t\t\t\t<\/div>\n\t\t<\/div>\n\t\t\t\t\t<\/div>\n\t\t<\/section>\n\t\t\t\t<section class=\"elementor-section elementor-top-section elementor-element elementor-element-cdbe557 elementor-section-full_width elementor-section-height-default elementor-section-height-default\" data-id=\"cdbe557\" data-element_type=\"section\" data-e-type=\"section\">\n\t\t\t\t\t\t<div class=\"elementor-container elementor-column-gap-default\">\n\t\t\t\t\t<div class=\"elementor-column elementor-col-100 elementor-top-column elementor-element elementor-element-66c9b7f\" data-id=\"66c9b7f\" data-element_type=\"column\" data-e-type=\"column\">\n\t\t\t<div class=\"elementor-widget-wrap elementor-element-populated\">\n\t\t\t\t\t\t<div class=\"elementor-element elementor-element-92ec580 elementor-arrows-position-outside elementor-widget elementor-widget-image-carousel\" data-id=\"92ec580\" data-element_type=\"widget\" data-e-type=\"widget\" data-settings=\"{&quot;slides_to_show&quot;:&quot;2&quot;,&quot;navigation&quot;:&quot;arrows&quot;,&quot;autoplay&quot;:&quot;yes&quot;,&quot;pause_on_hover&quot;:&quot;yes&quot;,&quot;pause_on_interaction&quot;:&quot;yes&quot;,&quot;autoplay_speed&quot;:5000,&quot;infinite&quot;:&quot;yes&quot;,&quot;speed&quot;:500}\" data-widget_type=\"image-carousel.default\">\n\t\t\t\t<div class=\"elementor-widget-container\">\n\t\t\t\t\t\t\t<div class=\"elementor-image-carousel-wrapper swiper\" role=\"region\" aria-roledescription=\"carousel\" aria-label=\"Carrousel d\u2019images\" dir=\"ltr\">\n\t\t\t<div class=\"elementor-image-carousel swiper-wrapper\" aria-live=\"off\">\n\t\t\t\t\t\t\t\t<div class=\"swiper-slide\" role=\"group\" aria-roledescription=\"slide\" aria-label=\"1 sur 2\"><figure class=\"swiper-slide-inner\"><img decoding=\"async\" class=\"swiper-slide-image\" src=\"https:\/\/www.eurotubes-uk.com\/wp-content\/uploads\/2024\/05\/DSC02083-min-768x513.jpg\" alt=\"DSC02083-min\" \/><\/figure><\/div><div class=\"swiper-slide\" role=\"group\" aria-roledescription=\"slide\" aria-label=\"2 sur 2\"><figure class=\"swiper-slide-inner\"><img decoding=\"async\" class=\"swiper-slide-image\" src=\"https:\/\/www.eurotubes-uk.com\/wp-content\/uploads\/2024\/05\/B10T7122-2-min-768x512.jpg\" alt=\"B10T7122-2-min\" \/><\/figure><\/div>\t\t\t<\/div>\n\t\t\t\t\t\t\t\t\t\t\t\t<div class=\"elementor-swiper-button elementor-swiper-button-prev\" role=\"button\" tabindex=\"0\">\n\t\t\t\t\t\t<svg aria-hidden=\"true\" class=\"e-font-icon-svg e-eicon-chevron-left\" viewBox=\"0 0 1000 1000\" xmlns=\"http:\/\/www.w3.org\/2000\/svg\"><path d=\"M646 125C629 125 613 133 604 142L308 442C296 454 292 471 292 487 292 504 296 521 308 533L604 854C617 867 629 875 646 875 663 875 679 871 692 858 704 846 713 829 713 812 713 796 708 779 692 767L438 487 692 225C700 217 708 204 708 187 708 171 704 154 692 142 675 129 663 125 646 125Z\"><\/path><\/svg>\t\t\t\t\t<\/div>\n\t\t\t\t\t<div class=\"elementor-swiper-button elementor-swiper-button-next\" role=\"button\" tabindex=\"0\">\n\t\t\t\t\t\t<svg aria-hidden=\"true\" class=\"e-font-icon-svg e-eicon-chevron-right\" viewBox=\"0 0 1000 1000\" xmlns=\"http:\/\/www.w3.org\/2000\/svg\"><path d=\"M696 533C708 521 713 504 713 487 713 471 708 454 696 446L400 146C388 133 375 125 354 125 338 125 325 129 313 142 300 154 292 171 292 187 292 204 296 221 308 233L563 492 304 771C292 783 288 800 288 817 288 833 296 850 308 863 321 871 338 875 354 875 371 875 388 867 400 854L696 533Z\"><\/path><\/svg>\t\t\t\t\t<\/div>\n\t\t\t\t\n\t\t\t\t\t\t\t\t\t<\/div>\n\t\t\t\t\t\t<\/div>\n\t\t\t\t<\/div>\n\t\t\t\t<section class=\"elementor-section elementor-inner-section elementor-element elementor-element-9113dac elementor-section-boxed elementor-section-height-default elementor-section-height-default\" data-id=\"9113dac\" data-element_type=\"section\" data-e-type=\"section\">\n\t\t\t\t\t\t<div class=\"elementor-container elementor-column-gap-default\">\n\t\t\t\t\t<div class=\"elementor-column elementor-col-16 elementor-inner-column elementor-element elementor-element-b402233\" data-id=\"b402233\" data-element_type=\"column\" data-e-type=\"column\">\n\t\t\t<div class=\"elementor-widget-wrap\">\n\t\t\t\t\t\t\t<\/div>\n\t\t<\/div>\n\t\t\t\t<div class=\"elementor-column elementor-col-66 elementor-inner-column elementor-element elementor-element-fbb07e1\" data-id=\"fbb07e1\" data-element_type=\"column\" data-e-type=\"column\">\n\t\t\t<div class=\"elementor-widget-wrap elementor-element-populated\">\n\t\t\t\t\t\t<div class=\"elementor-element elementor-element-87ce848 elementor-widget elementor-widget-video\" data-id=\"87ce848\" data-element_type=\"widget\" data-e-type=\"widget\" data-settings=\"{&quot;video_type&quot;:&quot;hosted&quot;,&quot;autoplay&quot;:&quot;yes&quot;,&quot;controls&quot;:&quot;yes&quot;}\" data-widget_type=\"video.default\">\n\t\t\t\t<div class=\"elementor-widget-container\">\n\t\t\t\t\t\t\t<div class=\"e-hosted-video elementor-wrapper elementor-open-inline\">\n\t\t\t\t\t<video class=\"elementor-video\" src=\"https:\/\/www.eurotubes-uk.com\/wp-content\/uploads\/2024\/05\/Stator-Video.mp4\" autoplay=\"\" controls=\"\" controlsList=\"nodownload\"><\/video>\n\t\t\t\t<\/div>\n\t\t\t\t\t\t<\/div>\n\t\t\t\t<\/div>\n\t\t\t\t\t<\/div>\n\t\t<\/div>\n\t\t\t\t<div class=\"elementor-column elementor-col-16 elementor-inner-column elementor-element elementor-element-5380828\" data-id=\"5380828\" data-element_type=\"column\" data-e-type=\"column\">\n\t\t\t<div class=\"elementor-widget-wrap\">\n\t\t\t\t\t\t\t<\/div>\n\t\t<\/div>\n\t\t\t\t\t<\/div>\n\t\t<\/section>\n\t\t\t\t<div class=\"elementor-element elementor-element-1b550d7 elementor-invisible elementor-widget elementor-widget-text-editor\" data-id=\"1b550d7\" data-element_type=\"widget\" data-e-type=\"widget\" data-settings=\"{&quot;_animation&quot;:&quot;fadeInLeft&quot;}\" data-widget_type=\"text-editor.default\">\n\t\t\t\t<div class=\"elementor-widget-container\">\n\t\t\t\t\t\t\t\t\t<p>Les aiguilles de bobinage de stator\/rotor dans l&rsquo;encoche (\u00e9galement connues sous le nom de : guides de stator, guides de fil de rotor, aiguilles de bobinage de moteur, aiguilles de bobinage et tubes de stator) sont g\u00e9n\u00e9ralement utilis\u00e9es sur les machines automatiques de bobinage de stator dans l&rsquo;encoche impliquant des techniques complexes, \u00e0 alimentation \u00e9lev\u00e9e et multi-axes pour ins\u00e9rer\/stratifier\/enrouler du fil de cuivre \u00e9maill\u00e9 autour des p\u00f4les d&rsquo;un stator ; qui finalement, avec un rotor, un collecteur, un entrefer, un bo\u00eetier, etc., forme un moteur \u00e9lectrique. <\/p><p>Depuis 1999, Eurotubes UK s&rsquo;est sp\u00e9cialis\u00e9 dans la conception, le prototypage rapide et la fabrication d&rsquo;aiguilles de bobinage de stator\/rotor. Nous travaillons directement avec <b><u> <a href=\"https:\/\/www.eurotubes-uk.com\/winding-machine-manufacturers\/\" target=\"_blank\" rel=\"noopener\">les fabricants de machines de bobinage de stator\/rotor\/moteur<\/a> <\/u><\/b> \u2013 et les utilisateurs finaux de ces machines \u2013 en optimisant la conception de l&rsquo;aiguille pour am\u00e9liorer la long\u00e9vit\u00e9, am\u00e9liorer les performances et \u00e9liminer le risque d&rsquo;endommagement du fil. <\/p><p>Notre vaste exp\u00e9rience dans la production d&rsquo;aiguilles de bobinage de stator est in\u00e9gal\u00e9e dans l&rsquo;industrie. Pendant plus de deux d\u00e9cennies, nous avons perfectionn\u00e9 nos capacit\u00e9s de conception, de production et de finition pour offrir des aiguilles de bobinage leaders de l&rsquo;industrie en mati\u00e8re de qualit\u00e9, de valeur et de conception. <\/p><p>Non seulement la conception est primordiale pour un bobinage r\u00e9ussi, mais la finition de surface et la coh\u00e9rence de la g\u00e9om\u00e9trie\/des dimensions d&rsquo;une aiguille \u00e0 l&rsquo;autre sont critiques. En utilisant des techniques d&rsquo;usinage CAO-FAO-CNC, coupl\u00e9es \u00e0 des machines sur mesure, des connaissances propri\u00e9taires et une installation de fabrication d\u00e9di\u00e9e \u00e0 la pointe de la technologie, nous fournissons des aiguilles de bobinage de stator de classe mondiale aux entreprises de fabrication de moteurs \u00e9lectriques haut de gamme du monde entier. <\/p><p>Les quantit\u00e9s de petits lots ou de gros volumes sont prises en charge \u2013 le d\u00e9lai g\u00e9n\u00e9ral de fabrication d&rsquo;une nouvelle conception de stator est de 5 \u00e0 7 jours ; pour les clients existants avec des commandes r\u00e9p\u00e9t\u00e9es, nous visons \u00e0 maintenir un stock fini pour une exp\u00e9dition le jour m\u00eame.<\/p><p>\u00c0 titre d&rsquo;exemple \u2013 un lot de 6 aiguilles se situerait dans la fourchette de 250 \u00a3 \u00e0 600 \u00a3 chacune selon la complexit\u00e9 de la conception et le nombre de caract\u00e9ristiques, d&rsquo;op\u00e9rations d&rsquo;usinage et de temps de finition.<\/p><p>Veuillez contacter notre \u00e9quipe commerciale \u2013 <a href=\"mailto:sales@eurotubes.co.uk\">sales@eurotubes.co.uk<\/a> pour plus d&rsquo;informations ou si vous souhaitez recevoir un devis avec les d\u00e9lais de livraison.<\/p>\t\t\t\t\t\t\t\t<\/div>\n\t\t\t\t<\/div>\n\t\t\t\t<div class=\"elementor-element elementor-element-5cf72c2 elementor-widget elementor-widget-heading\" data-id=\"5cf72c2\" data-element_type=\"widget\" data-e-type=\"widget\" data-widget_type=\"heading.default\">\n\t\t\t\t<div class=\"elementor-widget-container\">\n\t\t\t\t\t<h2 class=\"elementor-heading-title elementor-size-default\">Produits<\/h2>\t\t\t\t<\/div>\n\t\t\t\t<\/div>\n\t\t\t\t\t<\/div>\n\t\t<\/div>\n\t\t\t\t\t<\/div>\n\t\t<\/section>\n\t\t\t\t<\/div>\n\t\t","protected":false},"excerpt":{"rendered":"<p>https:\/\/www.eurotubes-uk.com\/wp-content\/uploads\/2024\/05\/Stator-Video.mp4 Les aiguilles de bobinage de stator\/rotor dans l&rsquo;encoche (\u00e9galement connues sous le nom de : guides de stator, guides de fil de rotor, aiguilles de bobinage de moteur, aiguilles de bobinage et tubes de stator) sont g\u00e9n\u00e9ralement utilis\u00e9es sur les machines automatiques de bobinage de stator dans l&rsquo;encoche impliquant des techniques complexes, \u00e0 alimentation [&hellip;]<\/p>\n","protected":false},"author":1,"featured_media":0,"parent":7025,"menu_order":0,"comment_status":"closed","ping_status":"closed","template":"elementor_header_footer","meta":{"footnotes":""},"class_list":["post-7090","page","type-page","status-publish","hentry"],"_links":{"self":[{"href":"https:\/\/www.eurotubes-uk.com\/fr\/wp-json\/wp\/v2\/pages\/7090","targetHints":{"allow":["GET"]}}],"collection":[{"href":"https:\/\/www.eurotubes-uk.com\/fr\/wp-json\/wp\/v2\/pages"}],"about":[{"href":"https:\/\/www.eurotubes-uk.com\/fr\/wp-json\/wp\/v2\/types\/page"}],"author":[{"embeddable":true,"href":"https:\/\/www.eurotubes-uk.com\/fr\/wp-json\/wp\/v2\/users\/1"}],"replies":[{"embeddable":true,"href":"https:\/\/www.eurotubes-uk.com\/fr\/wp-json\/wp\/v2\/comments?post=7090"}],"version-history":[{"count":1,"href":"https:\/\/www.eurotubes-uk.com\/fr\/wp-json\/wp\/v2\/pages\/7090\/revisions"}],"predecessor-version":[{"id":7092,"href":"https:\/\/www.eurotubes-uk.com\/fr\/wp-json\/wp\/v2\/pages\/7090\/revisions\/7092"}],"up":[{"embeddable":true,"href":"https:\/\/www.eurotubes-uk.com\/fr\/wp-json\/wp\/v2\/pages\/7025"}],"wp:attachment":[{"href":"https:\/\/www.eurotubes-uk.com\/fr\/wp-json\/wp\/v2\/media?parent=7090"}],"curies":[{"name":"wp","href":"https:\/\/api.w.org\/{rel}","templated":true}]}}