{"id":7130,"date":"2024-05-17T09:10:57","date_gmt":"2024-05-17T08:10:57","guid":{"rendered":"https:\/\/www.eurotubes-uk.com\/politique-de-remboursement\/"},"modified":"2026-02-04T12:30:37","modified_gmt":"2026-02-04T12:30:37","slug":"politique-de-remboursement","status":"publish","type":"page","link":"https:\/\/www.eurotubes-uk.com\/fr\/politique-de-remboursement\/","title":{"rendered":"Politique de remboursement"},"content":{"rendered":"\t\t<div data-elementor-type=\"wp-page\" data-elementor-id=\"7130\" class=\"elementor elementor-7130 elementor-34\" data-elementor-post-type=\"page\">\n\t\t\t\t\t\t<section class=\"elementor-section elementor-top-section elementor-element elementor-element-78f39090 elementor-section-full_width elementor-section-height-default elementor-section-height-default\" data-id=\"78f39090\" data-element_type=\"section\" data-e-type=\"section\">\n\t\t\t\t\t\t<div class=\"elementor-container elementor-column-gap-default\">\n\t\t\t\t\t<div class=\"elementor-column elementor-col-100 elementor-top-column elementor-element elementor-element-7dd1c135 elementor-invisible\" data-id=\"7dd1c135\" data-element_type=\"column\" data-e-type=\"column\" data-settings=\"{&quot;background_background&quot;:&quot;classic&quot;,&quot;animation&quot;:&quot;fadeInLeft&quot;}\">\n\t\t\t<div class=\"elementor-widget-wrap elementor-element-populated\">\n\t\t\t\t\t\t\t<\/div>\n\t\t<\/div>\n\t\t\t\t\t<\/div>\n\t\t<\/section>\n\t\t\t\t<section class=\"elementor-section elementor-top-section elementor-element elementor-element-c8541e8 elementor-section-full_width elementor-section-height-default elementor-section-height-default\" data-id=\"c8541e8\" data-element_type=\"section\" data-e-type=\"section\">\n\t\t\t\t\t\t<div class=\"elementor-container elementor-column-gap-default\">\n\t\t\t\t\t<div class=\"elementor-column elementor-col-100 elementor-top-column elementor-element elementor-element-c6d7d73\" data-id=\"c6d7d73\" data-element_type=\"column\" data-e-type=\"column\">\n\t\t\t<div class=\"elementor-widget-wrap elementor-element-populated\">\n\t\t\t\t\t\t<div class=\"elementor-element elementor-element-6caeacc elementor-widget elementor-widget-text-editor\" data-id=\"6caeacc\" data-element_type=\"widget\" data-e-type=\"widget\" data-widget_type=\"text-editor.default\">\n\t\t\t\t<div class=\"elementor-widget-container\">\n\t\t\t\t\t\t\t\t\t\n<p>Eurotubes \u00e9mettra une ou plusieurs notes de cr\u00e9dit et remboursera int\u00e9gralement tout article d\u00e9fectueux ou ne r\u00e9pondant pas \u00e0 un niveau de qualit\u00e9 satisfaisant.<br><br>Les marchandises doivent \u00eatre retourn\u00e9es dans un \u00e9tat inutilis\u00e9 et &#8211; une fois re\u00e7ues dans nos locaux \u00e0 notre si\u00e8ge social &#8211; ce n&rsquo;est qu&rsquo;\u00e0 ce moment-l\u00e0 qu&rsquo;un remboursement sera trait\u00e9 et qu&rsquo;une note de cr\u00e9dit sera \u00e9mise.<br><br>Nous n&rsquo;accepterons aucune responsabilit\u00e9 pour les aiguilles incorrectement choisies pour votre application, mais nous vous assurons de nos proc\u00e9dures de contr\u00f4le\/inspection de la qualit\u00e9 \u00e0 100 % et de notre assurance responsabilit\u00e9 civile si nos guides sont av\u00e9r\u00e9s d\u00e9fectueux.<\/p>\n\t\t\t\t\t\t\t\t<\/div>\n\t\t\t\t<\/div>\n\t\t\t\t\t<\/div>\n\t\t<\/div>\n\t\t\t\t\t<\/div>\n\t\t<\/section>\n\t\t\t\t<\/div>\n\t\t","protected":false},"excerpt":{"rendered":"<p>Eurotubes \u00e9mettra une ou plusieurs notes de cr\u00e9dit et remboursera int\u00e9gralement tout article d\u00e9fectueux ou ne r\u00e9pondant pas \u00e0 un niveau de qualit\u00e9 satisfaisant. Les marchandises doivent \u00eatre retourn\u00e9es dans un \u00e9tat inutilis\u00e9 et &#8211; une fois re\u00e7ues dans nos locaux \u00e0 notre si\u00e8ge social &#8211; ce n&rsquo;est qu&rsquo;\u00e0 ce moment-l\u00e0 qu&rsquo;un remboursement sera trait\u00e9 [&hellip;]<\/p>\n","protected":false},"author":1,"featured_media":0,"parent":0,"menu_order":0,"comment_status":"closed","ping_status":"closed","template":"elementor_header_footer","meta":{"footnotes":""},"class_list":["post-7130","page","type-page","status-publish","hentry"],"_links":{"self":[{"href":"https:\/\/www.eurotubes-uk.com\/fr\/wp-json\/wp\/v2\/pages\/7130","targetHints":{"allow":["GET"]}}],"collection":[{"href":"https:\/\/www.eurotubes-uk.com\/fr\/wp-json\/wp\/v2\/pages"}],"about":[{"href":"https:\/\/www.eurotubes-uk.com\/fr\/wp-json\/wp\/v2\/types\/page"}],"author":[{"embeddable":true,"href":"https:\/\/www.eurotubes-uk.com\/fr\/wp-json\/wp\/v2\/users\/1"}],"replies":[{"embeddable":true,"href":"https:\/\/www.eurotubes-uk.com\/fr\/wp-json\/wp\/v2\/comments?post=7130"}],"version-history":[{"count":3,"href":"https:\/\/www.eurotubes-uk.com\/fr\/wp-json\/wp\/v2\/pages\/7130\/revisions"}],"predecessor-version":[{"id":7133,"href":"https:\/\/www.eurotubes-uk.com\/fr\/wp-json\/wp\/v2\/pages\/7130\/revisions\/7133"}],"wp:attachment":[{"href":"https:\/\/www.eurotubes-uk.com\/fr\/wp-json\/wp\/v2\/media?parent=7130"}],"curies":[{"name":"wp","href":"https:\/\/api.w.org\/{rel}","templated":true}]}}