{"id":7134,"date":"2024-05-17T09:31:33","date_gmt":"2024-05-17T08:31:33","guid":{"rendered":"https:\/\/www.eurotubes-uk.com\/privacy-policy\/"},"modified":"2026-02-04T12:30:48","modified_gmt":"2026-02-04T12:30:48","slug":"privacy-policy","status":"publish","type":"page","link":"https:\/\/www.eurotubes-uk.com\/fr\/privacy-policy\/","title":{"rendered":"Privacy Policy"},"content":{"rendered":"\t\t<div data-elementor-type=\"wp-page\" data-elementor-id=\"7134\" class=\"elementor elementor-7134 elementor-316\" data-elementor-post-type=\"page\">\n\t\t\t\t\t\t<section class=\"elementor-section elementor-top-section elementor-element elementor-element-78f39090 elementor-section-full_width elementor-section-height-default elementor-section-height-default\" data-id=\"78f39090\" data-element_type=\"section\" data-e-type=\"section\">\n\t\t\t\t\t\t<div class=\"elementor-container elementor-column-gap-default\">\n\t\t\t\t\t<div class=\"elementor-column elementor-col-100 elementor-top-column elementor-element elementor-element-7dd1c135 elementor-invisible\" data-id=\"7dd1c135\" data-element_type=\"column\" data-e-type=\"column\" data-settings=\"{&quot;background_background&quot;:&quot;classic&quot;,&quot;animation&quot;:&quot;fadeInLeft&quot;}\">\n\t\t\t<div class=\"elementor-widget-wrap elementor-element-populated\">\n\t\t\t\t\t\t\t<\/div>\n\t\t<\/div>\n\t\t\t\t\t<\/div>\n\t\t<\/section>\n\t\t\t\t<section class=\"elementor-section elementor-top-section elementor-element elementor-element-c8541e8 elementor-section-full_width elementor-section-height-default elementor-section-height-default\" data-id=\"c8541e8\" data-element_type=\"section\" data-e-type=\"section\">\n\t\t\t\t\t\t<div class=\"elementor-container elementor-column-gap-default\">\n\t\t\t\t\t<div class=\"elementor-column elementor-col-100 elementor-top-column elementor-element elementor-element-c6d7d73\" data-id=\"c6d7d73\" data-element_type=\"column\" data-e-type=\"column\">\n\t\t\t<div class=\"elementor-widget-wrap elementor-element-populated\">\n\t\t\t\t\t\t<div class=\"elementor-element elementor-element-6caeacc elementor-widget elementor-widget-text-editor\" data-id=\"6caeacc\" data-element_type=\"widget\" data-e-type=\"widget\" data-widget_type=\"text-editor.default\">\n\t\t\t\t<div class=\"elementor-widget-container\">\n\t\t\t\t\t\t\t\t\t\n<h1><u>AVIS DE POLITIQUE DE CONFIDENTIALIT\u00c9<\/u><\/h1>\n<p><b>Introduction<\/b><\/p>\n<p>Eurotubes UK Ltd (nom commercial \u00ab Eurotubes UK \u00bb) utilise son site Web pour promouvoir et vendre ses tubes de guidage de fil, ses aiguilles de bobinage de stator, ses coupeurs et son \u00e9quipement de soudure.<\/p>\n<p>Chez Eurotubes UK, la confidentialit\u00e9 et la s\u00e9curit\u00e9 de nos clients et visiteurs sont d&rsquo;une importance capitale. Eurotubes UK s&rsquo;engage \u00e0 prot\u00e9ger les donn\u00e9es que vous partagez avec nous. Cette politique de confidentialit\u00e9 explique comment Eurotubes UK traite les informations qui peuvent \u00eatre utilis\u00e9es pour identifier directement ou indirectement une personne (\u00ab Donn\u00e9es personnelles \u00bb) collect\u00e9es par le biais de son site Web, de sa plateforme de commerce \u00e9lectronique et de son syst\u00e8me de gestion d&rsquo;entreprise (\u00ab BMS \u00bb).  <\/p>\n<p>La politique : Cet avis de politique de confidentialit\u00e9 concerne ce site Web&nbsp;; [www.Eurotubes-UK.com] et est g\u00e9r\u00e9 par [Eurotubes UK, Unit 1, Lynx Building, Navigator Park, Mereside, Portland, DT5 1FU] et r\u00e9git la confidentialit\u00e9 de ceux qui l&rsquo;utilisent. Le but de cette politique est de vous expliquer comment nous contr\u00f4lons, traitons, g\u00e9rons et prot\u00e9geons vos informations personnelles lors de la navigation ou de l&rsquo;utilisation de ce site Web, y compris vos droits en vertu des lois et r\u00e9glementations en vigueur. Si vous n&rsquo;\u00eates pas d&rsquo;accord avec la politique suivante, vous pouvez cesser de consulter\/utiliser ce site Web.  <\/p>\n<p><b>D\u00e9finitions cl\u00e9s de la politique&nbsp;:<\/b><\/p>\n<p>\u00ab&nbsp;Je&nbsp;\u00bb, \u00ab&nbsp;notre&nbsp;\u00bb, \u00ab&nbsp;nos&nbsp;\u00bb ou \u00ab&nbsp;nous&nbsp;\u00bb font r\u00e9f\u00e9rence \u00e0 l&rsquo;entreprise, [Eurotubes UK Ltd, exer\u00e7ant ses activit\u00e9s sous le nom de \u00ab&nbsp;Eurotubes UK&nbsp;\u00bb].<\/p>\n<p>\u00ab&nbsp;vous&nbsp;\u00bb, \u00ab&nbsp;l&rsquo;utilisateur&nbsp;\u00bb font r\u00e9f\u00e9rence \u00e0 la(aux) personne(s) utilisant ce site Web.<\/p>\n<p>RGPD signifie R\u00e8glement g\u00e9n\u00e9ral sur la protection des donn\u00e9es.<\/p>\n<p>PECR signifie R\u00e8glement sur la confidentialit\u00e9 et les communications \u00e9lectroniques.<\/p>\n<p>ICO signifie Bureau du commissaire \u00e0 l&rsquo;information.<\/p>\n<p>Les cookies d\u00e9signent de petits fichiers stock\u00e9s sur l&rsquo;ordinateur ou l&rsquo;appareil d&rsquo;un utilisateur.<\/p>\n<p><b>Traitement de vos donn\u00e9es personnelles<\/b><\/p>\n<p>En vertu du RGPD (R\u00e8glement g\u00e9n\u00e9ral sur la protection des donn\u00e9es), nous contr\u00f4lons et\/ou traitons \u00e9lectroniquement toute information personnelle vous concernant en utilisant la base l\u00e9gale suivante.<\/p>\n<p><u>Consentement&nbsp;:<\/u><\/p>\n<p>Lors d&rsquo;une commande aupr\u00e8s d&rsquo;Eurotubes UK, nous exigeons une personne de contact &#8211; ou des personnes &#8211; pour r\u00e9pondre \u00e0 nos devis, confirmations de commande, factures, bons de livraison, et s&rsquo;il y a des probl\u00e8mes avec vos marchandises une fois en transit. Nous utilisons et stockons uniquement le pr\u00e9nom et le nom de la personne de contact. En commandant aupr\u00e8s d&rsquo;Eurotubes UK, vous nous donnez votre consentement pour utiliser votre nom, votre adresse e-mail et l&rsquo;adresse de votre entreprise aux fins susmentionn\u00e9es.  <\/p>\n<p><b>Nous traitons vos informations des mani\u00e8res suivantes&nbsp;:<\/b><\/p>\n<p><u>Commande par e-mail<\/u><\/p>\n<p>Lorsque vous nous envoyez des commandes par e-mail, votre adresse e-mail et vos donn\u00e9es personnelles (votre nom) sont trait\u00e9es par des sous-traitants de donn\u00e9es autoris\u00e9s\/correctement form\u00e9s par notre responsable du traitement des donn\u00e9es. Les employ\u00e9s d&rsquo;Eurotubes UK n&rsquo;ont pas acc\u00e8s \u00e0 ces donn\u00e9es, seul le nom de votre entreprise et les d\u00e9tails des produits et des quantit\u00e9s que vous commandez chez nous sont accessibles \u00e0 notre personnel g\u00e9n\u00e9ral. <\/p>\n<p>Nous stockons en toute s\u00e9curit\u00e9 vos commandes par e-mail sur notre serveur Microsoft Exchange h\u00e9berg\u00e9 [emailsrvr.com].<\/p>\n<p>Votre commande et sa facture respective sont \u00e9galement imprim\u00e9es et class\u00e9es en toute s\u00e9curit\u00e9 dans des armoires verrouill\u00e9es. Les commandes imprim\u00e9es sont class\u00e9es pendant 1 an, apr\u00e8s quoi elles sont retir\u00e9es du site et d\u00e9truites en toute s\u00e9curit\u00e9 par Shred It [www.shredit.co.uk]. <\/p>\n<p><b>Vos droits individuels<\/b><\/p>\n<p>En vertu du RGPD, vos droits sont les suivants. Vous pouvez en savoir plus sur <a title=\"vos droits en d\u00e9tail en vertu du RGPD\" href=\"https:\/\/ico.org.uk\/for-organisations\/guide-to-the-general-data-protection-regulation-gdpr\/individual-rights\/\" target=\"_blank\" rel=\"noopener\">vos droits en d\u00e9tail ici<\/a>&nbsp;: <\/p>\n<ul type=\"disc\">\n<li>le droit d&rsquo;\u00eatre inform\u00e9&nbsp;;<\/li>\n<li>le droit d&rsquo;acc\u00e8s&nbsp;;<\/li>\n<li>le droit de rectification&nbsp;;<\/li>\n<li>le droit \u00e0 l&rsquo;effacement&nbsp;;<\/li>\n<li>le droit \u00e0 la limitation du traitement&nbsp;;<\/li>\n<li>le droit \u00e0 la portabilit\u00e9 des donn\u00e9es&nbsp;;<\/li>\n<li>le droit d&rsquo;opposition&nbsp;; et<\/li>\n<li>le droit de ne pas faire l&rsquo;objet d&rsquo;une prise de d\u00e9cision automatis\u00e9e, y compris le profilage.<\/li>\n<\/ul>\n<p> <\/p>\n<p>Vous avez \u00e9galement le droit de vous plaindre aupr\u00e8s de l&rsquo;ICO [www.ico.org.uk] si vous estimez qu&rsquo;il y a un probl\u00e8me avec la fa\u00e7on dont nous traitons vos donn\u00e9es.<\/p>\n<p> <\/p>\n<p>Nous traitons les demandes d&rsquo;acc\u00e8s des personnes concern\u00e9es conform\u00e9ment au RGPD.<\/p>\n<p>\u00c0 tout moment, vous pouvez demander que les donn\u00e9es de votre entreprise et votre nom personnel soient supprim\u00e9s de notre site Web et de nos syst\u00e8mes internes. Veuillez contacter notre responsable du traitement des donn\u00e9es (coordonn\u00e9es ci-dessous). <\/p>\n<p><b>Cookies Internet<\/b><\/p>\n<p>Les cookies fournissent des informations concernant l&rsquo;ordinateur utilis\u00e9 par un visiteur. Nous pouvons utiliser des cookies, le cas \u00e9ch\u00e9ant, pour recueillir des informations sur votre ordinateur afin de nous aider \u00e0 am\u00e9liorer notre site Web. <\/p>\n<p>Nous pouvons recueillir des informations sur votre utilisation g\u00e9n\u00e9rale d&rsquo;Internet en utilisant le cookie. Lorsqu&rsquo;ils sont utilis\u00e9s, ces cookies sont t\u00e9l\u00e9charg\u00e9s sur votre ordinateur et stock\u00e9s sur le disque dur de l&rsquo;ordinateur. Ces informations ne vous identifieront pas personnellement. Il s&rsquo;agit de donn\u00e9es statistiques. Ces donn\u00e9es statistiques n&rsquo;identifient aucun d\u00e9tail personnel.    <\/p>\n<p>Vous pouvez ajuster les param\u00e8tres de votre ordinateur pour refuser les cookies si vous le souhaitez. Cela peut \u00eatre fait facilement en activant le param\u00e8tre de rejet des cookies sur votre ordinateur. <\/p>\n<p>Certains cookies sont n\u00e9cessaires pour profiter et utiliser toutes les fonctionnalit\u00e9s de ce site Web.<\/p>\n<p>Nous utilisons \u00e9galement des cookies au moment d&rsquo;une commande, car cela conserve votre adresse IP et signifie que votre commande peut rester dans votre panier jusqu&rsquo;\u00e0 la validation ou lorsque vous revenez sur le site \u00e0 une date ult\u00e9rieure.<\/p>\n<p>Nous utilisons un syst\u00e8me de contr\u00f4le des cookies qui vous permet d&rsquo;accepter l&rsquo;utilisation de cookies et de contr\u00f4ler les cookies qui sont enregistr\u00e9s sur votre appareil\/ordinateur. Certains cookies seront enregistr\u00e9s pendant des p\u00e9riodes sp\u00e9cifiques, tandis que d&rsquo;autres peuvent durer ind\u00e9finiment. Votre navigateur Web devrait vous fournir les contr\u00f4les n\u00e9cessaires pour g\u00e9rer et supprimer les cookies de votre appareil, veuillez consulter les options de votre navigateur Web.  <\/p>\n<p><b>S\u00e9curit\u00e9 et protection des donn\u00e9es<\/b><\/p>\n<p>Nous assurons la s\u00e9curit\u00e9 de toute information personnelle que nous d\u00e9tenons en utilisant des technologies de stockage de donn\u00e9es s\u00e9curis\u00e9es et des proc\u00e9dures pr\u00e9cises dans la fa\u00e7on dont nous stockons, acc\u00e9dons et g\u00e9rons ces informations. Nos m\u00e9thodes r\u00e9pondent aux exigences de conformit\u00e9 du RGPD. <\/p>\n<p><b>Explications transparentes sur la confidentialit\u00e9<\/b><\/p>\n<p>Nous avons fourni quelques explications suppl\u00e9mentaires sur la confidentialit\u00e9 des utilisateurs et la fa\u00e7on dont nous utilisons ce site Web pour aider \u00e0 promouvoir une m\u00e9thodologie de confidentialit\u00e9 des utilisateurs transparente et honn\u00eate.<\/p>\n<p><b>Marketing par e-mail, newsletters et tiers<\/b><\/p>\n<p>Eurotubes UK n&rsquo;entreprend pas et n&rsquo;entreprendra pas de campagnes de marketing par e-mail directes ou indirectes&nbsp;; nous ne produisons pas non plus de newsletters&nbsp;; nous ne vous contacterons pas non plus par courrier \u00e0 cet \u00e9gard. Eurotubes UK ne partage aucune donn\u00e9e personnelle avec des tiers, quels qu&rsquo;ils soient. <\/p>\n<p><b>Syst\u00e8me de gestion d&rsquo;entreprise [\u00ab&nbsp;BMS&nbsp;\u00bb]<\/b><\/p>\n<p>Notre fournisseur de syst\u00e8me de gestion d&rsquo;entreprise est&nbsp;; <a href=\"http:\/\/www.mediaorb.co.uk\/\" target=\"_blank\" rel=\"noopener\">www.mediaorb.co.uk<\/a>. Nous conservons les informations suivantes sur vous\/votre entreprise dans notre syst\u00e8me BMS&nbsp;: <\/p>\n<ul>\n<li>Nom de l&rsquo;entreprise (ou nom personnel si entreprise individuelle)<\/li>\n<li>Votre nom<\/li>\n<li>Adresse e-mail<\/li>\n<li>Adresse IP<\/li>\n<li>Toute adresse de livraison ou de facturation que vous nous fournissez<\/li>\n<li>Tout num\u00e9ro de t\u00e9l\u00e9phone ou de fax que vous nous fournissez<\/li>\n<\/ul>\n<p>*** Seul le responsable du traitement des donn\u00e9es et ses sous-traitants de donn\u00e9es autoris\u00e9s ont acc\u00e8s \u00e0 autre chose que le nom de votre entreprise \u2013 tout ce que vous nous fournissez \u00e0 partir de ce qui pr\u00e9c\u00e8de est prot\u00e9g\u00e9 contre tout acc\u00e8s non autoris\u00e9. Les employ\u00e9s de notre entreprise ne verront que le nom de votre entreprise lors du traitement des travaux de production \u00e0 l&rsquo;aide de notre BMS interne&nbsp;; aucune donn\u00e9e personnelle que vous nous fournissez n&rsquo;est utilis\u00e9e pour traiter vos commandes.  ***<\/p>\n<p><b>Ressources et informations compl\u00e9mentaires<\/b><\/p>\n<ul>\n<li><a title=\"Aper\u00e7u du RGPD\" href=\"https:\/\/ico.org.uk\/for-organisations\/data-protection-reform\/overview-of-the-gdpr\/\" target=\"_blank\" rel=\"noopener\">Aper\u00e7u du RGPD &#8211; R\u00e8glement g\u00e9n\u00e9ral sur la protection des donn\u00e9es<\/a><\/li>\n<li><a title=\"Loi sur la protection des donn\u00e9es de 1998\" href=\"http:\/\/www.legislation.gov.uk\/ukpga\/1998\/29\/contents\" target=\"_blank\" rel=\"noopener\">Loi sur la protection des donn\u00e9es de 1998<\/a><\/li>\n<li><a title=\"R\u00e8glement sur la confidentialit\u00e9 et les communications \u00e9lectroniques de 2003\" href=\"http:\/\/www.legislation.gov.uk\/uksi\/2003\/2426\/contents\/made\" target=\"_blank\" rel=\"noopener\">R\u00e8glement sur la confidentialit\u00e9 et les communications \u00e9lectroniques de 2003<\/a><\/li>\n<li><a title=\"R\u00e8glement sur la confidentialit\u00e9 et les communications \u00e9lectroniques Le Guide\" href=\"https:\/\/ico.org.uk\/for-organisations\/guide-to-pecr\/\" target=\"_blank\" rel=\"noopener\">Le Guide du PECR 2003<\/a><\/li>\n<li><a title=\"Politique de confidentialit\u00e9 de Twitter\" href=\"http:\/\/twitter.com\/privacy\" target=\"_blank\" rel=\"noopener\">Politique de confidentialit\u00e9 de Twitter<\/a><\/li>\n<li><a title=\"Politique de confidentialit\u00e9 de Facebook\" href=\"http:\/\/www.facebook.com\/about\/privacy\/\" target=\"_blank\" rel=\"noopener\">Politique de confidentialit\u00e9 de Facebook<\/a><\/li>\n<li><a title=\"Politique de confidentialit\u00e9 de Google\" href=\"http:\/\/www.google.com\/privacy.html\" target=\"_blank\" rel=\"noopener\">Politique de confidentialit\u00e9 de Google<\/a><\/li>\n<li><a title=\"Politique de confidentialit\u00e9 de LinkedIn\" href=\"http:\/\/www.linkedin.com\/static?key=privacy_policy\" target=\"_blank\" rel=\"noopener\">Politique de confidentialit\u00e9 de Linkedin<\/a><\/li>\n<li><a title=\"Mod\u00e8le de politique RGPD pour les petites entreprises\" href=\"http:\/\/www.jamieking.co.uk\/blog\/cyber-security\/policies\/free-sample-privacy-policy.php\" target=\"_blank\" rel=\"noopener\">Mod\u00e8le de politique RGPD pour les petites entreprises<\/a><\/li>\n<\/ul>\n<p> <\/p>\n<p><b>Responsable de la protection des donn\u00e9es d&rsquo;Eurotubes UK<\/b><\/p>\n<p>Eurotubes UK a un \u00ab&nbsp;responsable de la protection des donn\u00e9es&nbsp;\u00bb qui est responsable des questions relatives \u00e0 la confidentialit\u00e9 et \u00e0 la protection des donn\u00e9es.<\/p>\n<p>Nous accueillons les questions, commentaires et pr\u00e9occupations concernant notre politique de confidentialit\u00e9 et nos pratiques en mati\u00e8re de confidentialit\u00e9.<\/p>\n<p>Si vous souhaitez fournir des commentaires ou si vous avez des questions ou des pr\u00e9occupations ou si vous souhaitez exercer vos droits li\u00e9s \u00e0 vos donn\u00e9es personnelles, veuillez nous contacter.<\/p>\n<p>Le responsable de la protection des donn\u00e9es d&rsquo;Eurotubes UK peut \u00eatre contact\u00e9 \u00e0 l&rsquo;adresse\/au num\u00e9ro de t\u00e9l\u00e9phone suivants&nbsp;:<\/p>\n<p><strong>Eurotubes UK Ltd<\/strong><br>\u00c0 l&rsquo;attention de&nbsp;: M. Greg Bedford<br>Unit 1 Lynx Building<br>Navigator Park<br>Portland<br>Dorset<br>DT5 1FU<\/p>\n<p><a href=\"tel:01305823932\"><strong>+441305 823 932<\/strong><\/a><\/p>\n<p><a href=\"http:\/\/www.eurotubes-uk.com\/fr\/\">www.eurotubes-uk.com<\/a><\/p>\n\t\t\t\t\t\t\t\t<\/div>\n\t\t\t\t<\/div>\n\t\t\t\t\t<\/div>\n\t\t<\/div>\n\t\t\t\t\t<\/div>\n\t\t<\/section>\n\t\t\t\t<\/div>\n\t\t","protected":false},"excerpt":{"rendered":"<p>AVIS DE POLITIQUE DE CONFIDENTIALIT\u00c9 Introduction Eurotubes UK Ltd (nom commercial \u00ab Eurotubes UK \u00bb) utilise son site Web pour promouvoir et vendre ses tubes de guidage de fil, ses aiguilles de bobinage de stator, ses coupeurs et son \u00e9quipement de soudure. Chez Eurotubes UK, la confidentialit\u00e9 et la s\u00e9curit\u00e9 de nos clients et visiteurs [&hellip;]<\/p>\n","protected":false},"author":1,"featured_media":0,"parent":0,"menu_order":0,"comment_status":"closed","ping_status":"closed","template":"elementor_header_footer","meta":{"footnotes":""},"class_list":["post-7134","page","type-page","status-publish","hentry"],"_links":{"self":[{"href":"https:\/\/www.eurotubes-uk.com\/fr\/wp-json\/wp\/v2\/pages\/7134","targetHints":{"allow":["GET"]}}],"collection":[{"href":"https:\/\/www.eurotubes-uk.com\/fr\/wp-json\/wp\/v2\/pages"}],"about":[{"href":"https:\/\/www.eurotubes-uk.com\/fr\/wp-json\/wp\/v2\/types\/page"}],"author":[{"embeddable":true,"href":"https:\/\/www.eurotubes-uk.com\/fr\/wp-json\/wp\/v2\/users\/1"}],"replies":[{"embeddable":true,"href":"https:\/\/www.eurotubes-uk.com\/fr\/wp-json\/wp\/v2\/comments?post=7134"}],"version-history":[{"count":3,"href":"https:\/\/www.eurotubes-uk.com\/fr\/wp-json\/wp\/v2\/pages\/7134\/revisions"}],"predecessor-version":[{"id":7137,"href":"https:\/\/www.eurotubes-uk.com\/fr\/wp-json\/wp\/v2\/pages\/7134\/revisions\/7137"}],"wp:attachment":[{"href":"https:\/\/www.eurotubes-uk.com\/fr\/wp-json\/wp\/v2\/media?parent=7134"}],"curies":[{"name":"wp","href":"https:\/\/api.w.org\/{rel}","templated":true}]}}