{"id":7369,"date":"2024-05-17T09:31:33","date_gmt":"2024-05-17T08:31:33","guid":{"rendered":"https:\/\/www.eurotubes-uk.com\/informativa-sulla-privacy\/"},"modified":"2026-02-04T12:52:54","modified_gmt":"2026-02-04T12:52:54","slug":"informativa-sulla-privacy","status":"publish","type":"page","link":"https:\/\/www.eurotubes-uk.com\/it\/informativa-sulla-privacy\/","title":{"rendered":"Informativa sulla privacy"},"content":{"rendered":"\t\t<div data-elementor-type=\"wp-page\" data-elementor-id=\"7369\" class=\"elementor elementor-7369 elementor-316\" data-elementor-post-type=\"page\">\n\t\t\t\t\t\t<section class=\"elementor-section elementor-top-section elementor-element elementor-element-78f39090 elementor-section-full_width elementor-section-height-default elementor-section-height-default\" data-id=\"78f39090\" data-element_type=\"section\" data-e-type=\"section\">\n\t\t\t\t\t\t<div class=\"elementor-container elementor-column-gap-default\">\n\t\t\t\t\t<div class=\"elementor-column elementor-col-100 elementor-top-column elementor-element elementor-element-7dd1c135 elementor-invisible\" data-id=\"7dd1c135\" data-element_type=\"column\" data-e-type=\"column\" data-settings=\"{&quot;background_background&quot;:&quot;classic&quot;,&quot;animation&quot;:&quot;fadeInLeft&quot;}\">\n\t\t\t<div class=\"elementor-widget-wrap elementor-element-populated\">\n\t\t\t\t\t\t\t<\/div>\n\t\t<\/div>\n\t\t\t\t\t<\/div>\n\t\t<\/section>\n\t\t\t\t<section class=\"elementor-section elementor-top-section elementor-element elementor-element-c8541e8 elementor-section-full_width elementor-section-height-default elementor-section-height-default\" data-id=\"c8541e8\" data-element_type=\"section\" data-e-type=\"section\">\n\t\t\t\t\t\t<div class=\"elementor-container elementor-column-gap-default\">\n\t\t\t\t\t<div class=\"elementor-column elementor-col-100 elementor-top-column elementor-element elementor-element-c6d7d73\" data-id=\"c6d7d73\" data-element_type=\"column\" data-e-type=\"column\">\n\t\t\t<div class=\"elementor-widget-wrap elementor-element-populated\">\n\t\t\t\t\t\t<div class=\"elementor-element elementor-element-6caeacc elementor-widget elementor-widget-text-editor\" data-id=\"6caeacc\" data-element_type=\"widget\" data-e-type=\"widget\" data-widget_type=\"text-editor.default\">\n\t\t\t\t<div class=\"elementor-widget-container\">\n\t\t\t\t\t\t\t\t\t\n<h1><u>AVVISO SULL&#8217;INFORMATIVA SULLA PRIVACY<\/u><\/h1>\n<p><b>Introduzione<\/b><\/p>\n<p>Eurotubes UK Ltd (che opera come \u201cEurotubes UK\u201d) utilizza il proprio sito web per promuovere e vendere i suoi tubi guida filo, aghi per avvolgimento statore, taglierine e attrezzature per saldatura.<\/p>\n<p>Per Eurotubes UK la privacy e la sicurezza dei nostri clienti e visitatori sono di fondamentale importanza. Eurotubes UK si impegna a proteggere i dati che condividi con noi. Questa informativa sulla privacy spiega come Eurotubes UK elabora le informazioni che possono essere utilizzate per identificare direttamente o indirettamente un individuo (\u201cDati Personali\u201d) raccolte tramite l&#8217;uso del suo sito web, della piattaforma e-commerce e del Sistema di Gestione Aziendale (\u201cBMS\u201d).  <\/p>\n<p>L&#8217;informativa: Questo avviso sull&#8217;informativa sulla privacy \u00e8 per questo sito web; [www.Eurotubes-UK.com] ed \u00e8 fornito da [Eurotubes UK, Unit 1, Lynx Building, Navigator Park, Mereside, Portland, DT5 1FU] e regola la privacy di coloro che lo utilizzano. Lo scopo di questa informativa \u00e8 spiegarti come controlliamo, elaboriamo, gestiamo e proteggiamo le tue informazioni personali durante la navigazione o l&#8217;utilizzo di questo sito web, inclusi i tuoi diritti ai sensi delle leggi e dei regolamenti attuali. Se non accetti la seguente informativa, potresti voler interrompere la visualizzazione\/l&#8217;utilizzo di questo sito web.  <\/p>\n<p><b>Definizioni chiave dell&#8217;informativa:<\/b><\/p>\n<p>\u201cIo\u201d, \u201cnostro\u201d, \u201cnoi\u201d o \u201cci\u201d si riferiscono all&#8217;azienda, [Eurotubes UK Ltd, che opera come \u201cEurotubes UK\u201d].<\/p>\n<p>\u201ctu\u201d, \u201cl&#8217;utente\u201d si riferiscono alla persona\/e che utilizza\/no questo sito web.<\/p>\n<p>GDPR significa Regolamento Generale sulla Protezione dei Dati.<\/p>\n<p>PECR significa Regolamento sulla Privacy e le Comunicazioni Elettroniche.<\/p>\n<p>ICO significa Ufficio del Garante per la Protezione dei Dati.<\/p>\n<p>I cookie sono piccoli file memorizzati sul computer o dispositivo di un utente.<\/p>\n<p><b>Trattamento dei tuoi dati personali<\/b><\/p>\n<p>Ai sensi del GDPR (Regolamento Generale sulla Protezione dei Dati) controlliamo e\/o elaboriamo qualsiasi informazione personale su di te elettronicamente utilizzando la seguente base giuridica.<\/p>\n<p><u>Consenso:<\/u><\/p>\n<p>Quando ordini da Eurotubes UK, richiediamo una persona di contatto \u2013 o pi\u00f9 persone \u2013 per indirizzare le nostre quotazioni, conferme d&#8217;ordine, fatture, bolle di consegna e per eventuali problemi con la merce una volta in transito. Utilizziamo e memorizziamo solo il nome e il cognome della persona di contatto. Effettuando un ordine con Eurotubes UK ci dai il consenso a utilizzare il tuo nome, indirizzo email e indirizzo\/i aziendale\/i per gli scopi sopra indicati.  <\/p>\n<p><b>Elaboriamo le tue informazioni nei seguenti modi:<\/b><\/p>\n<p><u>Ordine via email<\/u><\/p>\n<p>Quando ci invii ordini via email, il tuo indirizzo email e i Dati Personali (il tuo nome) vengono elaborati da Responsabili del trattamento dei dati autorizzati\/correttamente formati dal nostro Titolare del trattamento dei dati. I dipendenti di Eurotubes UK non hanno accesso a questi dati; solo il nome della tua azienda e i dettagli dei prodotti e delle quantit\u00e0 che ordini da noi sono accessibili al nostro personale generale. <\/p>\n<p>Memorizziamo in modo sicuro i tuoi ordini via email sul nostro server Microsoft Exchange ospitato [emailsrvr.com].<\/p>\n<p>Il tuo ordine e la relativa fattura vengono anche stampati e archiviati in modo sicuro in armadietti chiusi. Gli ordini stampati vengono archiviati per 1 anno, dopodich\u00e9 vengono rimossi dal sito e distrutti in modo sicuro da Shred It [www.shredit.co.uk]. <\/p>\n<p><b>I tuoi diritti individuali<\/b><\/p>\n<p>Ai sensi del GDPR i tuoi diritti sono i seguenti. Puoi leggere maggiori dettagli sui <a title=\"i tuoi diritti in dettaglio ai sensi del GDPR\" href=\"https:\/\/ico.org.uk\/for-organisations\/guide-to-the-general-data-protection-regulation-gdpr\/individual-rights\/\" target=\"_blank\" rel=\"noopener\">tuoi diritti qui<\/a>: <\/p>\n<ul type=\"disc\">\n<li>il diritto di essere informato;<\/li>\n<li>il diritto di accesso;<\/li>\n<li>il diritto di rettifica;<\/li>\n<li>il diritto alla cancellazione;<\/li>\n<li>il diritto di limitazione del trattamento;<\/li>\n<li>il diritto alla portabilit\u00e0 dei dati;<\/li>\n<li>il diritto di opposizione; e<\/li>\n<li>il diritto di non essere soggetto a decisioni basate unicamente sul trattamento automatizzato, inclusa la profilazione.<\/li>\n<\/ul>\n<p> <\/p>\n<p>Hai anche il diritto di presentare un reclamo all&#8217;ICO [www.ico.org.uk] se ritieni che ci sia un problema con il modo in cui gestiamo i tuoi dati.<\/p>\n<p> <\/p>\n<p>Gestiamo le richieste di accesso da parte degli interessati in conformit\u00e0 con il GDPR.<\/p>\n<p>In qualsiasi momento puoi richiedere la rimozione dei dati della tua azienda e del tuo nome personale dal nostro sito web e dai sistemi interni. Contatta il nostro Titolare del trattamento dei dati (dettagli di seguito). <\/p>\n<p><b>Cookie di internet<\/b><\/p>\n<p>I cookie forniscono informazioni relative al computer utilizzato da un visitatore. Potremmo utilizzare i cookie, ove appropriato, per raccogliere informazioni sul tuo computer al fine di aiutarci a migliorare il nostro sito web. <\/p>\n<p>Potremmo raccogliere informazioni sul tuo utilizzo generale di internet utilizzando i cookie. Laddove utilizzati, questi cookie vengono scaricati sul tuo computer e memorizzati sul disco rigido del computer. Tali informazioni non ti identificheranno personalmente. Sono dati statistici. Questi dati statistici non identificano alcun dettaglio personale.    <\/p>\n<p>Puoi regolare le impostazioni del tuo computer per rifiutare i cookie, se lo desideri. Questo pu\u00f2 essere facilmente fatto attivando l&#8217;impostazione di rifiuto dei cookie sul tuo computer. <\/p>\n<p>Alcuni cookie sono necessari per godere e utilizzare tutte le funzionalit\u00e0 di questo sito web.<\/p>\n<p>Utilizziamo i cookie anche al momento di un ordine, poich\u00e9 questo mantiene il tuo indirizzo IP e significa che il tuo ordine pu\u00f2 rimanere nel carrello fino al checkout o per quando tornerai sul sito in un secondo momento.<\/p>\n<p>Utilizziamo un sistema di controllo dei cookie che ti consente di accettare l&#8217;uso dei cookie e di controllare quali cookie vengono salvati sul tuo dispositivo\/computer. Alcuni cookie verranno salvati per periodi di tempo specifici, mentre altri potrebbero durare indefinitamente. Il tuo browser web dovrebbe fornirti i controlli per gestire ed eliminare i cookie dal tuo dispositivo, consulta le opzioni del tuo browser web.  <\/p>\n<p><b>Sicurezza e protezione dei dati<\/b><\/p>\n<p>Garantiamo la sicurezza di qualsiasi informazione personale in nostro possesso utilizzando tecnologie di archiviazione dati sicure e procedure precise su come archiviamo, accediamo e gestiamo tali informazioni. I nostri metodi soddisfano i requisiti di conformit\u00e0 al GDPR. <\/p>\n<p><b>Spiegazioni trasparenti sulla privacy<\/b><\/p>\n<p>Abbiamo fornito ulteriori spiegazioni sulla privacy degli utenti e sul modo in cui utilizziamo questo sito web per promuovere una metodologia di privacy degli utenti trasparente e onesta.<\/p>\n<p><b>Email Marketing, Newsletter e Terze Parti<\/b><\/p>\n<p>Eurotubes UK non intraprende e non intraprender\u00e0 campagne di email marketing indirette o dirette; n\u00e9 produciamo newsletter; n\u00e9 ti contatteremo via posta in entrambi i casi. Eurotubes UK non condivide alcun dato personale con terze parti. <\/p>\n<p><b>Sistema di Gestione Aziendale [\u201cBMS\u201d]<\/b><\/p>\n<p>Il nostro fornitore del Sistema di Gestione Aziendale \u00e8; <a href=\"http:\/\/www.mediaorb.co.uk\/\" target=\"_blank\" rel=\"noopener\">www.mediaorb.co.uk<\/a>. Nel nostro sistema BMS conserviamo le seguenti informazioni su di te\/la tua azienda: <\/p>\n<ul>\n<li>Nome dell&#8217;azienda (o nome personale se ditta individuale)<\/li>\n<li>Il tuo nome<\/li>\n<li>Indirizzo email<\/li>\n<li>Indirizzo IP<\/li>\n<li>Qualsiasi indirizzo\/i di consegna o fatturazione che ci fornisci<\/li>\n<li>Qualsiasi numero di telefono o fax di contatto che ci fornisci<\/li>\n<\/ul>\n<p>*** Solo il Titolare del trattamento dei dati e i suoi Responsabili del trattamento dei dati autorizzati hanno accesso a qualsiasi cosa diversa dal nome della tua azienda \u2013 tutto il resto che ci fornisci da quanto sopra \u00e8 limitato da accessi non autorizzati. I dipendenti della nostra azienda vedranno solo il nome della tua azienda durante l&#8217;elaborazione dei lavori di produzione utilizzando il nostro BMS interno; nessun dato personale che ci fornisci viene utilizzato per elaborare i tuoi ordini.  ***<\/p>\n<p><b>Risorse e ulteriori informazioni<\/b><\/p>\n<ul>\n<li><a title=\"Panoramica del GDPR\" href=\"https:\/\/ico.org.uk\/for-organisations\/data-protection-reform\/overview-of-the-gdpr\/\" target=\"_blank\" rel=\"noopener\">Panoramica del GDPR &#8211; Regolamento Generale sulla Protezione dei Dati<\/a><\/li>\n<li><a title=\"Legge sulla protezione dei dati del 1998\" href=\"http:\/\/www.legislation.gov.uk\/ukpga\/1998\/29\/contents\" target=\"_blank\" rel=\"noopener\">Legge sulla protezione dei dati del 1998<\/a><\/li>\n<li><a title=\"Regolamento sulla privacy e le comunicazioni elettroniche del 2003\" href=\"http:\/\/www.legislation.gov.uk\/uksi\/2003\/2426\/contents\/made\" target=\"_blank\" rel=\"noopener\">Regolamento sulla privacy e le comunicazioni elettroniche del 2003<\/a><\/li>\n<li><a title=\"Regolamento sulla privacy e le comunicazioni elettroniche: la guida\" href=\"https:\/\/ico.org.uk\/for-organisations\/guide-to-pecr\/\" target=\"_blank\" rel=\"noopener\">La Guida al PECR 2003<\/a><\/li>\n<li><a title=\"Informativa sulla privacy di Twitter\" href=\"http:\/\/twitter.com\/privacy\" target=\"_blank\" rel=\"noopener\">Informativa sulla privacy di Twitter<\/a><\/li>\n<li><a title=\"Informativa sulla privacy di Facebook\" href=\"http:\/\/www.facebook.com\/about\/privacy\/\" target=\"_blank\" rel=\"noopener\">Informativa sulla privacy di Facebook<\/a><\/li>\n<li><a title=\"Informativa sulla privacy di Google\" href=\"http:\/\/www.google.com\/privacy.html\" target=\"_blank\" rel=\"noopener\">Informativa sulla privacy di Google<\/a><\/li>\n<li><a title=\"Informativa sulla privacy di LinkedIn\" href=\"http:\/\/www.linkedin.com\/static?key=privacy_policy\" target=\"_blank\" rel=\"noopener\">Informativa sulla privacy di LinkedIn<\/a><\/li>\n<li><a title=\"Modello di informativa GDPR per piccole imprese\" href=\"http:\/\/www.jamieking.co.uk\/blog\/cyber-security\/policies\/free-sample-privacy-policy.php\" target=\"_blank\" rel=\"noopener\">Modello di informativa GDPR per piccole imprese<\/a><\/li>\n<\/ul>\n<p> <\/p>\n<p><b>Responsabile della protezione dei dati di Eurotubes UK<\/b><\/p>\n<p>Eurotubes UK ha un \u201cResponsabile della protezione dei dati\u201d che \u00e8 responsabile delle questioni relative alla privacy e alla protezione dei dati.<\/p>\n<p>Accogliamo con favore domande, commenti e preoccupazioni sulla nostra informativa sulla privacy e sulle pratiche relative alla privacy.<\/p>\n<p>Se desideri fornire feedback o se hai domande o preoccupazioni o desideri esercitare i tuoi diritti relativi ai tuoi dati personali, ti preghiamo di contattarci.<\/p>\n<p>Il Responsabile della protezione dei dati di Eurotubes UK pu\u00f2 essere contattato al seguente indirizzo\/numero di telefono:<\/p>\n<p><strong>Eurotubes UK Ltd<\/strong><br>All&#8217;attenzione di: Sig. Greg Bedford<br>Unit 1 Lynx Building<br>Navigator Park<br>Portland<br>Dorset<br>DT5 1FU<\/p>\n<p><a href=\"tel:01305823932\"><strong>+441305 823 932<\/strong><\/a><\/p>\n<p><a href=\"http:\/\/www.eurotubes-uk.com\/it\/\">www.eurotubes-uk.com<\/a><\/p>\n\t\t\t\t\t\t\t\t<\/div>\n\t\t\t\t<\/div>\n\t\t\t\t\t<\/div>\n\t\t<\/div>\n\t\t\t\t\t<\/div>\n\t\t<\/section>\n\t\t\t\t<\/div>\n\t\t","protected":false},"excerpt":{"rendered":"<p>AVVISO SULL&#8217;INFORMATIVA SULLA PRIVACY Introduzione Eurotubes UK Ltd (che opera come \u201cEurotubes UK\u201d) utilizza il proprio sito web per promuovere e vendere i suoi tubi guida filo, aghi per avvolgimento statore, taglierine e attrezzature per saldatura. Per Eurotubes UK la privacy e la sicurezza dei nostri clienti e visitatori sono di fondamentale importanza. Eurotubes UK [&hellip;]<\/p>\n","protected":false},"author":1,"featured_media":0,"parent":0,"menu_order":0,"comment_status":"closed","ping_status":"closed","template":"elementor_header_footer","meta":{"footnotes":""},"class_list":["post-7369","page","type-page","status-publish","hentry"],"_links":{"self":[{"href":"https:\/\/www.eurotubes-uk.com\/it\/wp-json\/wp\/v2\/pages\/7369","targetHints":{"allow":["GET"]}}],"collection":[{"href":"https:\/\/www.eurotubes-uk.com\/it\/wp-json\/wp\/v2\/pages"}],"about":[{"href":"https:\/\/www.eurotubes-uk.com\/it\/wp-json\/wp\/v2\/types\/page"}],"author":[{"embeddable":true,"href":"https:\/\/www.eurotubes-uk.com\/it\/wp-json\/wp\/v2\/users\/1"}],"replies":[{"embeddable":true,"href":"https:\/\/www.eurotubes-uk.com\/it\/wp-json\/wp\/v2\/comments?post=7369"}],"version-history":[{"count":3,"href":"https:\/\/www.eurotubes-uk.com\/it\/wp-json\/wp\/v2\/pages\/7369\/revisions"}],"predecessor-version":[{"id":7372,"href":"https:\/\/www.eurotubes-uk.com\/it\/wp-json\/wp\/v2\/pages\/7369\/revisions\/7372"}],"wp:attachment":[{"href":"https:\/\/www.eurotubes-uk.com\/it\/wp-json\/wp\/v2\/media?parent=7369"}],"curies":[{"name":"wp","href":"https:\/\/api.w.org\/{rel}","templated":true}]}}