{"id":6945,"date":"2024-05-17T10:45:57","date_gmt":"2024-05-17T09:45:57","guid":{"rendered":"https:\/\/www.eurotubes-uk.com\/noticias\/"},"modified":"2026-02-04T12:02:46","modified_gmt":"2026-02-04T12:02:46","slug":"noticias","status":"publish","type":"page","link":"https:\/\/www.eurotubes-uk.com\/pt-pt\/noticias\/","title":{"rendered":"Not\u00edcias"},"content":{"rendered":"\t\t<div data-elementor-type=\"wp-page\" data-elementor-id=\"6945\" class=\"elementor elementor-6945 elementor-443\" data-elementor-post-type=\"page\">\n\t\t\t\t\t\t<section class=\"elementor-section elementor-top-section elementor-element elementor-element-00c68e2 elementor-section-full_width elementor-section-height-default elementor-section-height-default\" data-id=\"00c68e2\" data-element_type=\"section\" data-e-type=\"section\">\n\t\t\t\t\t\t<div class=\"elementor-container elementor-column-gap-default\">\n\t\t\t\t\t<div class=\"elementor-column elementor-col-100 elementor-top-column elementor-element elementor-element-c11b422 elementor-invisible\" data-id=\"c11b422\" data-element_type=\"column\" data-e-type=\"column\" data-settings=\"{&quot;background_background&quot;:&quot;classic&quot;,&quot;animation&quot;:&quot;fadeInLeft&quot;}\">\n\t\t\t<div class=\"elementor-widget-wrap elementor-element-populated\">\n\t\t\t\t\t<div class=\"elementor-background-overlay\"><\/div>\n\t\t\t\t\t\t<div class=\"elementor-element elementor-element-41d6990 elementor-widget elementor-widget-heading\" data-id=\"41d6990\" data-element_type=\"widget\" data-e-type=\"widget\" data-widget_type=\"heading.default\">\n\t\t\t\t<div class=\"elementor-widget-container\">\n\t\t\t\t\t<h2 class=\"elementor-heading-title elementor-size-default\">Not\u00edcias<\/h2>\t\t\t\t<\/div>\n\t\t\t\t<\/div>\n\t\t\t\t\t<\/div>\n\t\t<\/div>\n\t\t\t\t\t<\/div>\n\t\t<\/section>\n\t\t\t\t<section class=\"elementor-section elementor-top-section elementor-element elementor-element-22e978c elementor-section-full_width elementor-section-height-default elementor-section-height-default\" data-id=\"22e978c\" data-element_type=\"section\" data-e-type=\"section\">\n\t\t\t\t\t\t<div class=\"elementor-container elementor-column-gap-default\">\n\t\t\t\t\t<div class=\"elementor-column elementor-col-100 elementor-top-column elementor-element elementor-element-c0e589c\" data-id=\"c0e589c\" data-element_type=\"column\" data-e-type=\"column\">\n\t\t\t<div class=\"elementor-widget-wrap elementor-element-populated\">\n\t\t\t\t\t\t<div class=\"elementor-element elementor-element-6335440 elementor-widget elementor-widget-elementskit-blog-posts\" data-id=\"6335440\" data-element_type=\"widget\" data-e-type=\"widget\" data-widget_type=\"elementskit-blog-posts.default\">\n\t\t\t\t<div class=\"elementor-widget-container\">\n\t\t\t\t\t<div class=\"ekit-wid-con\" >        <div id=\"post-items--6335440\" class=\"row post-items\">\n                    <div class=\"col-lg-4 col-md-6\">\n\n                                    <div class=\"elementskit-post-image-card\">\n                        <div class=\"elementskit-entry-header\">\n                                                            <a href=\"https:\/\/www.eurotubes-uk.com\/pt-pt\/blog\/a-eurotubes-investe-numa-maquina-cnc-cmm-qct-quantum-4-c665-de-ultima-geracao\/\" class=\"elementskit-entry-thumb\">\n                                    <img decoding=\"async\" src=\"https:\/\/www.eurotubes-uk.com\/wp-content\/uploads\/2025\/09\/image_machine-1024x720.jpg\" alt=\"A Eurotubes Investe numa M\u00e1quina CNC CMM QCT Quantum 4 C665 de \u00daltima Gera\u00e7\u00e3o\">\n                                <\/a><!-- .elementskit-entry-thumb END -->\n                                                            \n                            \n\t\t\t\t\t\t\t\t\t\t\t\t\t<\/div><!-- .elementskit-entry-header END -->\n\n\t\t\t\t\t\t<div class=\"elementskit-post-body \">\n\t\t\t\t\t\t\t\n\t\t\t\t\t\t\t\t\t\t\t\t\t\t\t\t\t\t\t\t\t\t\t\t\t\t\t\t\t\t\n\t\t\t\t\t\t\t\t\n\t\t\t\t\t\t\t\t\t\t\t\t\t\t\t\t\t\t\t\t\t<h2 class=\"entry-title\">\n\t\t\t\t\t<a href=\"https:\/\/www.eurotubes-uk.com\/pt-pt\/blog\/a-eurotubes-investe-numa-maquina-cnc-cmm-qct-quantum-4-c665-de-ultima-geracao\/\">\n\t\t\t\t\t\tA Eurotubes Investe numa M\u00e1quina CNC CMM QCT Quantum 4 C665 de \u00daltima Gera\u00e7\u00e3o\t\t\t\t\t<\/a>\n\t\t\t\t<\/h2>\n\t\t\t\t\t\t\t\t\t\t\t\t\t\t\t\t\t\t\t\t\t\t\t\t\t\t\t\t\t\t\t\t                                                            <div class=\"btn-wraper\">\n                                    \n                                                                            <a class=\"elementskit-btn whitespace--normal\" id=\"\" href=\"https:\/\/www.eurotubes-uk.com\/pt-pt\/blog\/a-eurotubes-investe-numa-maquina-cnc-cmm-qct-quantum-4-c665-de-ultima-geracao\/\">\n                                        \t                                            Ler mais                                         <\/a>\n                                                                    <\/div>\n                                                    <\/div><!-- .elementskit-post-body END -->\n                    <\/div>\n                \n            <\/div>\n                    <div class=\"col-lg-4 col-md-6\">\n\n                                    <div class=\"elementskit-post-image-card\">\n                        <div class=\"elementskit-entry-header\">\n                                                            <a href=\"https:\/\/www.eurotubes-uk.com\/pt-pt\/blog\/a-eurotubes-uk-lanca-novo-website-e-brochura-da-empresa-para-mostrar-capacidades-expandidas\/\" class=\"elementskit-entry-thumb\">\n                                    <img decoding=\"async\" src=\"https:\/\/www.eurotubes-uk.com\/wp-content\/uploads\/2024\/08\/Eurotubes-Osprey-Quay-1024x721.jpg\" alt=\"A Eurotubes UK Lan\u00e7a Novo Website e Brochura da Empresa para Mostrar Capacidades Expandidas\">\n                                <\/a><!-- .elementskit-entry-thumb END -->\n                                                            \n                            \n\t\t\t\t\t\t\t\t\t\t\t\t\t<\/div><!-- .elementskit-entry-header END -->\n\n\t\t\t\t\t\t<div class=\"elementskit-post-body \">\n\t\t\t\t\t\t\t\n\t\t\t\t\t\t\t\t\t\t\t\t\t\t\t\t\t\t\t\t\t\t\t\t\t\t\t\t\t\t\n\t\t\t\t\t\t\t\t\n\t\t\t\t\t\t\t\t\t\t\t\t\t\t\t\t\t\t\t\t\t<h2 class=\"entry-title\">\n\t\t\t\t\t<a href=\"https:\/\/www.eurotubes-uk.com\/pt-pt\/blog\/a-eurotubes-uk-lanca-novo-website-e-brochura-da-empresa-para-mostrar-capacidades-expandidas\/\">\n\t\t\t\t\t\tA Eurotubes UK Lan\u00e7a Novo Website e Brochura da Empresa para Mostrar Capacidades Expandidas\t\t\t\t\t<\/a>\n\t\t\t\t<\/h2>\n\t\t\t\t\t\t\t\t\t\t\t\t\t\t\t\t\t\t\t\t\t\t\t\t\t\t\t\t\t\t\t\t                                                            <div class=\"btn-wraper\">\n                                    \n                                                                            <a class=\"elementskit-btn whitespace--normal\" id=\"\" href=\"https:\/\/www.eurotubes-uk.com\/pt-pt\/blog\/a-eurotubes-uk-lanca-novo-website-e-brochura-da-empresa-para-mostrar-capacidades-expandidas\/\">\n                                        \t                                            Ler mais                                         <\/a>\n                                                                    <\/div>\n                                                    <\/div><!-- .elementskit-post-body END -->\n                    <\/div>\n                \n            <\/div>\n                    <div class=\"col-lg-4 col-md-6\">\n\n                                    <div class=\"elementskit-post-image-card\">\n                        <div class=\"elementskit-entry-header\">\n                                                            <a href=\"https:\/\/www.eurotubes-uk.com\/pt-pt\/blog\/a-tecnologia-avancada-da-um-novo-impulso-a-eurotubes\/\" class=\"elementskit-entry-thumb\">\n                                    <img decoding=\"async\" src=\"https:\/\/www.eurotubes-uk.com\/wp-content\/uploads\/2021\/07\/Eurotools-for-HP-750x503-1.webp\" alt=\"A tecnologia avan\u00e7ada d\u00e1 um novo impulso \u00e0 Eurotubes!\">\n                                <\/a><!-- .elementskit-entry-thumb END -->\n                                                            \n                            \n\t\t\t\t\t\t\t\t\t\t\t\t\t<\/div><!-- .elementskit-entry-header END -->\n\n\t\t\t\t\t\t<div class=\"elementskit-post-body \">\n\t\t\t\t\t\t\t\n\t\t\t\t\t\t\t\t\t\t\t\t\t\t\t\t\t\t\t\t\t\t\t\t\t\t\t\t\t\t\n\t\t\t\t\t\t\t\t\n\t\t\t\t\t\t\t\t\t\t\t\t\t\t\t\t\t\t\t\t\t<h2 class=\"entry-title\">\n\t\t\t\t\t<a href=\"https:\/\/www.eurotubes-uk.com\/pt-pt\/blog\/a-tecnologia-avancada-da-um-novo-impulso-a-eurotubes\/\">\n\t\t\t\t\t\tA tecnologia avan\u00e7ada d\u00e1 um novo impulso \u00e0 Eurotubes!\t\t\t\t\t<\/a>\n\t\t\t\t<\/h2>\n\t\t\t\t\t\t\t\t\t\t\t\t\t\t\t\t\t\t\t\t\t\t\t\t\t\t\t\t\t\t\t\t                                                            <div class=\"btn-wraper\">\n                                    \n                                                                            <a class=\"elementskit-btn whitespace--normal\" id=\"\" href=\"https:\/\/www.eurotubes-uk.com\/pt-pt\/blog\/a-tecnologia-avancada-da-um-novo-impulso-a-eurotubes\/\">\n                                        \t                                            Ler mais                                         <\/a>\n                                                                    <\/div>\n                                                    <\/div><!-- .elementskit-post-body END -->\n                    <\/div>\n                \n            <\/div>\n                    <div class=\"col-lg-4 col-md-6\">\n\n                                    <div class=\"elementskit-post-image-card\">\n                        <div class=\"elementskit-entry-header\">\n                                                            <a href=\"https:\/\/www.eurotubes-uk.com\/pt-pt\/blog\/apresentamos-o-eurodiamond-a-nossa-mais-recente-tecnologia-de-revestimento-pvd\/\" class=\"elementskit-entry-thumb\">\n                                    <img decoding=\"async\" src=\"https:\/\/www.eurotubes-uk.com\/wp-content\/uploads\/2024\/05\/WebSizedEurodiamond-720x560-1.jpg\" alt=\"Apresentamos o Eurodiamond\u2122 &#8211; A Nossa Mais Recente Tecnologia de Revestimento PVD\">\n                                <\/a><!-- .elementskit-entry-thumb END -->\n                                                            \n                            \n\t\t\t\t\t\t\t\t\t\t\t\t\t<\/div><!-- .elementskit-entry-header END -->\n\n\t\t\t\t\t\t<div class=\"elementskit-post-body \">\n\t\t\t\t\t\t\t\n\t\t\t\t\t\t\t\t\t\t\t\t\t\t\t\t\t\t\t\t\t\t\t\t\t\t\t\t\t\t\n\t\t\t\t\t\t\t\t\n\t\t\t\t\t\t\t\t\t\t\t\t\t\t\t\t\t\t\t\t\t<h2 class=\"entry-title\">\n\t\t\t\t\t<a href=\"https:\/\/www.eurotubes-uk.com\/pt-pt\/blog\/apresentamos-o-eurodiamond-a-nossa-mais-recente-tecnologia-de-revestimento-pvd\/\">\n\t\t\t\t\t\tApresentamos o Eurodiamond\u2122 &#8211; A Nossa Mais Recente Tecnologia de Revestimento PVD\t\t\t\t\t<\/a>\n\t\t\t\t<\/h2>\n\t\t\t\t\t\t\t\t\t\t\t\t\t\t\t\t\t\t\t\t\t\t\t\t\t\t\t\t\t\t\t\t                                                            <div class=\"btn-wraper\">\n                                    \n                                                                            <a class=\"elementskit-btn whitespace--normal\" id=\"\" href=\"https:\/\/www.eurotubes-uk.com\/pt-pt\/blog\/apresentamos-o-eurodiamond-a-nossa-mais-recente-tecnologia-de-revestimento-pvd\/\">\n                                        \t                                            Ler mais                                         <\/a>\n                                                                    <\/div>\n                                                    <\/div><!-- .elementskit-post-body END -->\n                    <\/div>\n                \n            <\/div>\n                <\/div>\n       <\/div>\t\t\t\t<\/div>\n\t\t\t\t<\/div>\n\t\t\t\t\t<\/div>\n\t\t<\/div>\n\t\t\t\t\t<\/div>\n\t\t<\/section>\n\t\t\t\t<\/div>\n\t\t","protected":false},"excerpt":{"rendered":"<p>Not\u00edcias Eurotubes Invests in State-of-the-Art QCT Quantum 4 C665 CNC CMM Machine Ler mais Eurotubes UK Launches New Website and Company Brochure to Showcase Expanded Capabilities Ler mais Advanced technology puts the wind in Eurotubes\u2019 sails! Ler mais Introducing Eurodiamond\u2122 &#8211; Our Latest Pvd Coating Technology Ler mais<\/p>\n","protected":false},"author":1,"featured_media":0,"parent":0,"menu_order":0,"comment_status":"closed","ping_status":"closed","template":"elementor_header_footer","meta":{"footnotes":""},"class_list":["post-6945","page","type-page","status-publish","hentry"],"_links":{"self":[{"href":"https:\/\/www.eurotubes-uk.com\/pt-pt\/wp-json\/wp\/v2\/pages\/6945","targetHints":{"allow":["GET"]}}],"collection":[{"href":"https:\/\/www.eurotubes-uk.com\/pt-pt\/wp-json\/wp\/v2\/pages"}],"about":[{"href":"https:\/\/www.eurotubes-uk.com\/pt-pt\/wp-json\/wp\/v2\/types\/page"}],"author":[{"embeddable":true,"href":"https:\/\/www.eurotubes-uk.com\/pt-pt\/wp-json\/wp\/v2\/users\/1"}],"replies":[{"embeddable":true,"href":"https:\/\/www.eurotubes-uk.com\/pt-pt\/wp-json\/wp\/v2\/comments?post=6945"}],"version-history":[{"count":1,"href":"https:\/\/www.eurotubes-uk.com\/pt-pt\/wp-json\/wp\/v2\/pages\/6945\/revisions"}],"predecessor-version":[{"id":6946,"href":"https:\/\/www.eurotubes-uk.com\/pt-pt\/wp-json\/wp\/v2\/pages\/6945\/revisions\/6946"}],"wp:attachment":[{"href":"https:\/\/www.eurotubes-uk.com\/pt-pt\/wp-json\/wp\/v2\/media?parent=6945"}],"curies":[{"name":"wp","href":"https:\/\/api.w.org\/{rel}","templated":true}]}}