{"id":7104,"date":"2024-05-17T13:08:07","date_gmt":"2024-05-17T12:08:07","guid":{"rendered":"https:\/\/www.eurotubes-uk.com\/os-nossos-produtos\/agulhas-de-enrolamento-do-estator\/"},"modified":"2026-02-04T12:27:20","modified_gmt":"2026-02-04T12:27:20","slug":"agulhas-de-enrolamento-do-estator","status":"publish","type":"page","link":"https:\/\/www.eurotubes-uk.com\/pt-pt\/os-nossos-produtos\/agulhas-de-enrolamento-do-estator\/","title":{"rendered":"Agulhas de Enrolamento do Estator"},"content":{"rendered":"\t\t<div data-elementor-type=\"wp-page\" data-elementor-id=\"7104\" class=\"elementor elementor-7104 elementor-710\" data-elementor-post-type=\"page\">\n\t\t\t\t\t\t<section class=\"elementor-section elementor-top-section elementor-element elementor-element-6a0a228 elementor-section-full_width elementor-section-height-default elementor-section-height-default\" data-id=\"6a0a228\" data-element_type=\"section\" data-e-type=\"section\">\n\t\t\t\t\t\t<div class=\"elementor-container elementor-column-gap-default\">\n\t\t\t\t\t<div class=\"elementor-column elementor-col-100 elementor-top-column elementor-element elementor-element-6fdf071 elementor-invisible\" data-id=\"6fdf071\" data-element_type=\"column\" data-e-type=\"column\" data-settings=\"{&quot;background_background&quot;:&quot;classic&quot;,&quot;animation&quot;:&quot;fadeInLeft&quot;}\">\n\t\t\t<div class=\"elementor-widget-wrap elementor-element-populated\">\n\t\t\t\t\t<div class=\"elementor-background-overlay\"><\/div>\n\t\t\t\t\t\t\t<\/div>\n\t\t<\/div>\n\t\t\t\t\t<\/div>\n\t\t<\/section>\n\t\t\t\t<section class=\"elementor-section elementor-top-section elementor-element elementor-element-cdbe557 elementor-section-full_width elementor-section-height-default elementor-section-height-default\" data-id=\"cdbe557\" data-element_type=\"section\" data-e-type=\"section\">\n\t\t\t\t\t\t<div class=\"elementor-container elementor-column-gap-default\">\n\t\t\t\t\t<div class=\"elementor-column elementor-col-100 elementor-top-column elementor-element elementor-element-66c9b7f\" data-id=\"66c9b7f\" data-element_type=\"column\" data-e-type=\"column\">\n\t\t\t<div class=\"elementor-widget-wrap elementor-element-populated\">\n\t\t\t\t\t\t<div class=\"elementor-element elementor-element-92ec580 elementor-arrows-position-outside elementor-widget elementor-widget-image-carousel\" data-id=\"92ec580\" data-element_type=\"widget\" data-e-type=\"widget\" data-settings=\"{&quot;slides_to_show&quot;:&quot;2&quot;,&quot;navigation&quot;:&quot;arrows&quot;,&quot;autoplay&quot;:&quot;yes&quot;,&quot;pause_on_hover&quot;:&quot;yes&quot;,&quot;pause_on_interaction&quot;:&quot;yes&quot;,&quot;autoplay_speed&quot;:5000,&quot;infinite&quot;:&quot;yes&quot;,&quot;speed&quot;:500}\" data-widget_type=\"image-carousel.default\">\n\t\t\t\t<div class=\"elementor-widget-container\">\n\t\t\t\t\t\t\t<div class=\"elementor-image-carousel-wrapper swiper\" role=\"region\" aria-roledescription=\"carousel\" aria-label=\"Carrossel de imagens\" dir=\"ltr\">\n\t\t\t<div class=\"elementor-image-carousel swiper-wrapper\" aria-live=\"off\">\n\t\t\t\t\t\t\t\t<div class=\"swiper-slide\" role=\"group\" aria-roledescription=\"slide\" aria-label=\"1 of 2\"><figure class=\"swiper-slide-inner\"><img decoding=\"async\" class=\"swiper-slide-image\" src=\"https:\/\/www.eurotubes-uk.com\/wp-content\/uploads\/2024\/05\/DSC02083-min-768x513.jpg\" alt=\"DSC02083-min\" \/><\/figure><\/div><div class=\"swiper-slide\" role=\"group\" aria-roledescription=\"slide\" aria-label=\"2 of 2\"><figure class=\"swiper-slide-inner\"><img decoding=\"async\" class=\"swiper-slide-image\" src=\"https:\/\/www.eurotubes-uk.com\/wp-content\/uploads\/2024\/05\/B10T7122-2-min-768x512.jpg\" alt=\"B10T7122-2-min\" \/><\/figure><\/div>\t\t\t<\/div>\n\t\t\t\t\t\t\t\t\t\t\t\t<div class=\"elementor-swiper-button elementor-swiper-button-prev\" role=\"button\" tabindex=\"0\">\n\t\t\t\t\t\t<svg aria-hidden=\"true\" class=\"e-font-icon-svg e-eicon-chevron-left\" viewBox=\"0 0 1000 1000\" xmlns=\"http:\/\/www.w3.org\/2000\/svg\"><path d=\"M646 125C629 125 613 133 604 142L308 442C296 454 292 471 292 487 292 504 296 521 308 533L604 854C617 867 629 875 646 875 663 875 679 871 692 858 704 846 713 829 713 812 713 796 708 779 692 767L438 487 692 225C700 217 708 204 708 187 708 171 704 154 692 142 675 129 663 125 646 125Z\"><\/path><\/svg>\t\t\t\t\t<\/div>\n\t\t\t\t\t<div class=\"elementor-swiper-button elementor-swiper-button-next\" role=\"button\" tabindex=\"0\">\n\t\t\t\t\t\t<svg aria-hidden=\"true\" class=\"e-font-icon-svg e-eicon-chevron-right\" viewBox=\"0 0 1000 1000\" xmlns=\"http:\/\/www.w3.org\/2000\/svg\"><path d=\"M696 533C708 521 713 504 713 487 713 471 708 454 696 446L400 146C388 133 375 125 354 125 338 125 325 129 313 142 300 154 292 171 292 187 292 204 296 221 308 233L563 492 304 771C292 783 288 800 288 817 288 833 296 850 308 863 321 871 338 875 354 875 371 875 388 867 400 854L696 533Z\"><\/path><\/svg>\t\t\t\t\t<\/div>\n\t\t\t\t\n\t\t\t\t\t\t\t\t\t<\/div>\n\t\t\t\t\t\t<\/div>\n\t\t\t\t<\/div>\n\t\t\t\t<section class=\"elementor-section elementor-inner-section elementor-element elementor-element-9113dac elementor-section-boxed elementor-section-height-default elementor-section-height-default\" data-id=\"9113dac\" data-element_type=\"section\" data-e-type=\"section\">\n\t\t\t\t\t\t<div class=\"elementor-container elementor-column-gap-default\">\n\t\t\t\t\t<div class=\"elementor-column elementor-col-16 elementor-inner-column elementor-element elementor-element-b402233\" data-id=\"b402233\" data-element_type=\"column\" data-e-type=\"column\">\n\t\t\t<div class=\"elementor-widget-wrap\">\n\t\t\t\t\t\t\t<\/div>\n\t\t<\/div>\n\t\t\t\t<div class=\"elementor-column elementor-col-66 elementor-inner-column elementor-element elementor-element-fbb07e1\" data-id=\"fbb07e1\" data-element_type=\"column\" data-e-type=\"column\">\n\t\t\t<div class=\"elementor-widget-wrap elementor-element-populated\">\n\t\t\t\t\t\t<div class=\"elementor-element elementor-element-87ce848 elementor-widget elementor-widget-video\" data-id=\"87ce848\" data-element_type=\"widget\" data-e-type=\"widget\" data-settings=\"{&quot;video_type&quot;:&quot;hosted&quot;,&quot;autoplay&quot;:&quot;yes&quot;,&quot;controls&quot;:&quot;yes&quot;}\" data-widget_type=\"video.default\">\n\t\t\t\t<div class=\"elementor-widget-container\">\n\t\t\t\t\t\t\t<div class=\"e-hosted-video elementor-wrapper elementor-open-inline\">\n\t\t\t\t\t<video class=\"elementor-video\" src=\"https:\/\/www.eurotubes-uk.com\/wp-content\/uploads\/2024\/05\/Stator-Video.mp4\" autoplay=\"\" controls=\"\" controlsList=\"nodownload\"><\/video>\n\t\t\t\t<\/div>\n\t\t\t\t\t\t<\/div>\n\t\t\t\t<\/div>\n\t\t\t\t\t<\/div>\n\t\t<\/div>\n\t\t\t\t<div class=\"elementor-column elementor-col-16 elementor-inner-column elementor-element elementor-element-5380828\" data-id=\"5380828\" data-element_type=\"column\" data-e-type=\"column\">\n\t\t\t<div class=\"elementor-widget-wrap\">\n\t\t\t\t\t\t\t<\/div>\n\t\t<\/div>\n\t\t\t\t\t<\/div>\n\t\t<\/section>\n\t\t\t\t<div class=\"elementor-element elementor-element-1b550d7 elementor-invisible elementor-widget elementor-widget-text-editor\" data-id=\"1b550d7\" data-element_type=\"widget\" data-e-type=\"widget\" data-settings=\"{&quot;_animation&quot;:&quot;fadeInLeft&quot;}\" data-widget_type=\"text-editor.default\">\n\t\t\t\t<div class=\"elementor-widget-container\">\n\t\t\t\t\t\t\t\t\t<p>As agulhas de enrolamento do estator\/rotor no slot (tamb\u00e9m conhecidas como: guias do estator, guias de fio do rotor, agulhas de enrolamento do motor, agulhas de enrolamento e tubos do estator) s\u00e3o geralmente utilizadas em m\u00e1quinas autom\u00e1ticas de enrolamento do estator no slot, envolvendo t\u00e9cnicas complexas, de alta alimenta\u00e7\u00e3o e multi-eixos para inserir\/camadas\/envolver fio de cobre esmaltado \u00e0 volta dos polos de um estator; que eventualmente, com um rotor, comutador, folga de ar, alojamento, etc., forma um motor el\u00e9trico. <\/p><p>Desde 1999, a Eurotubes UK especializou-se na conce\u00e7\u00e3o, prototipagem r\u00e1pida e fabrico de agulhas de enrolamento do estator\/rotor. Trabalhamos diretamente com <b><u> <a href=\"https:\/\/www.eurotubes-uk.com\/winding-machine-manufacturers\/\" target=\"_blank\" rel=\"noopener\">fabricantes de m\u00e1quinas de enrolamento de estator\/rotor\/motor<\/a> <\/u><\/b>\u2013 e utilizadores finais de tais m\u00e1quinas \u2013 otimizando o design da agulha para aumentar a longevidade, melhorar o desempenho e eliminar o risco de danos no fio. <\/p><p>A nossa vasta experi\u00eancia na produ\u00e7\u00e3o de agulhas de enrolamento do estator \u00e9 incompar\u00e1vel na ind\u00fastria. Ao longo de duas d\u00e9cadas, aperfei\u00e7o\u00e1mos as nossas capacidades de design, produ\u00e7\u00e3o e acabamento para oferecer agulhas de enrolamento l\u00edderes da ind\u00fastria em termos de qualidade, valor e design. <\/p><p>N\u00e3o s\u00f3 o design \u00e9 fundamental para um enrolamento bem-sucedido, como o acabamento da superf\u00edcie e a consist\u00eancia na geometria\/dimens\u00f5es de uma agulha para outra s\u00e3o cr\u00edticos. Utilizando t\u00e9cnicas de maquinagem CAD-CAM-CNC, juntamente com m\u00e1quinas personalizadas, conhecimento propriet\u00e1rio e uma instala\u00e7\u00e3o de fabrico dedicada de \u00faltima gera\u00e7\u00e3o, fornecemos agulhas de enrolamento do estator de classe mundial para as principais empresas de fabrico de motores el\u00e9tricos em todo o mundo. <\/p><p>Pequenas ou grandes quantidades de lotes s\u00e3o atendidas \u2013 o tempo de resposta geral para o fabrico de um novo design de estator \u00e9 de 5 a 7 dias; para clientes existentes com encomendas repetidas, pretendemos manter stock acabado para expedi\u00e7\u00e3o no mesmo dia.<\/p><p>Como exemplo \u2013 um lote de 6 agulhas situar-se-ia na gama de 250 \u00a3 &#8211; 600 \u00a3 cada, dependendo da complexidade do design e da quantidade de funcionalidades, opera\u00e7\u00f5es de maquinagem e tempos de acabamento.<\/p><p>Por favor, entre em contacto com a nossa equipa de vendas \u2013 <a href=\"mailto:sales@eurotubes.co.uk\">sales@eurotubes.co.uk<\/a> para mais informa\u00e7\u00f5es ou se pretender receber uma cota\u00e7\u00e3o com prazos de entrega.<\/p>\t\t\t\t\t\t\t\t<\/div>\n\t\t\t\t<\/div>\n\t\t\t\t<div class=\"elementor-element elementor-element-5cf72c2 elementor-widget elementor-widget-heading\" data-id=\"5cf72c2\" data-element_type=\"widget\" data-e-type=\"widget\" data-widget_type=\"heading.default\">\n\t\t\t\t<div class=\"elementor-widget-container\">\n\t\t\t\t\t<h2 class=\"elementor-heading-title elementor-size-default\">Produtos<\/h2>\t\t\t\t<\/div>\n\t\t\t\t<\/div>\n\t\t\t\t\t<\/div>\n\t\t<\/div>\n\t\t\t\t\t<\/div>\n\t\t<\/section>\n\t\t\t\t<\/div>\n\t\t","protected":false},"excerpt":{"rendered":"<p>https:\/\/www.eurotubes-uk.com\/wp-content\/uploads\/2024\/05\/Stator-Video.mp4 As agulhas de enrolamento do estator\/rotor no slot (tamb\u00e9m conhecidas como: guias do estator, guias de fio do rotor, agulhas de enrolamento do motor, agulhas de enrolamento e tubos do estator) s\u00e3o geralmente utilizadas em m\u00e1quinas autom\u00e1ticas de enrolamento do estator no slot, envolvendo t\u00e9cnicas complexas, de alta alimenta\u00e7\u00e3o e multi-eixos para inserir\/camadas\/envolver fio [&hellip;]<\/p>\n","protected":false},"author":1,"featured_media":0,"parent":7063,"menu_order":0,"comment_status":"closed","ping_status":"closed","template":"elementor_header_footer","meta":{"footnotes":""},"class_list":["post-7104","page","type-page","status-publish","hentry"],"_links":{"self":[{"href":"https:\/\/www.eurotubes-uk.com\/pt-pt\/wp-json\/wp\/v2\/pages\/7104","targetHints":{"allow":["GET"]}}],"collection":[{"href":"https:\/\/www.eurotubes-uk.com\/pt-pt\/wp-json\/wp\/v2\/pages"}],"about":[{"href":"https:\/\/www.eurotubes-uk.com\/pt-pt\/wp-json\/wp\/v2\/types\/page"}],"author":[{"embeddable":true,"href":"https:\/\/www.eurotubes-uk.com\/pt-pt\/wp-json\/wp\/v2\/users\/1"}],"replies":[{"embeddable":true,"href":"https:\/\/www.eurotubes-uk.com\/pt-pt\/wp-json\/wp\/v2\/comments?post=7104"}],"version-history":[{"count":1,"href":"https:\/\/www.eurotubes-uk.com\/pt-pt\/wp-json\/wp\/v2\/pages\/7104\/revisions"}],"predecessor-version":[{"id":7106,"href":"https:\/\/www.eurotubes-uk.com\/pt-pt\/wp-json\/wp\/v2\/pages\/7104\/revisions\/7106"}],"up":[{"embeddable":true,"href":"https:\/\/www.eurotubes-uk.com\/pt-pt\/wp-json\/wp\/v2\/pages\/7063"}],"wp:attachment":[{"href":"https:\/\/www.eurotubes-uk.com\/pt-pt\/wp-json\/wp\/v2\/media?parent=7104"}],"curies":[{"name":"wp","href":"https:\/\/api.w.org\/{rel}","templated":true}]}}