{"id":7138,"date":"2024-05-17T09:10:57","date_gmt":"2024-05-17T08:10:57","guid":{"rendered":"https:\/\/www.eurotubes-uk.com\/politica-de-reembolso\/"},"modified":"2026-02-04T12:32:07","modified_gmt":"2026-02-04T12:32:07","slug":"politica-de-reembolso","status":"publish","type":"page","link":"https:\/\/www.eurotubes-uk.com\/pt-pt\/politica-de-reembolso\/","title":{"rendered":"Pol\u00edtica de Reembolso"},"content":{"rendered":"\t\t<div data-elementor-type=\"wp-page\" data-elementor-id=\"7138\" class=\"elementor elementor-7138 elementor-34\" data-elementor-post-type=\"page\">\n\t\t\t\t\t\t<section class=\"elementor-section elementor-top-section elementor-element elementor-element-78f39090 elementor-section-full_width elementor-section-height-default elementor-section-height-default\" data-id=\"78f39090\" data-element_type=\"section\" data-e-type=\"section\">\n\t\t\t\t\t\t<div class=\"elementor-container elementor-column-gap-default\">\n\t\t\t\t\t<div class=\"elementor-column elementor-col-100 elementor-top-column elementor-element elementor-element-7dd1c135 elementor-invisible\" data-id=\"7dd1c135\" data-element_type=\"column\" data-e-type=\"column\" data-settings=\"{&quot;background_background&quot;:&quot;classic&quot;,&quot;animation&quot;:&quot;fadeInLeft&quot;}\">\n\t\t\t<div class=\"elementor-widget-wrap elementor-element-populated\">\n\t\t\t\t\t\t\t<\/div>\n\t\t<\/div>\n\t\t\t\t\t<\/div>\n\t\t<\/section>\n\t\t\t\t<section class=\"elementor-section elementor-top-section elementor-element elementor-element-c8541e8 elementor-section-full_width elementor-section-height-default elementor-section-height-default\" data-id=\"c8541e8\" data-element_type=\"section\" data-e-type=\"section\">\n\t\t\t\t\t\t<div class=\"elementor-container elementor-column-gap-default\">\n\t\t\t\t\t<div class=\"elementor-column elementor-col-100 elementor-top-column elementor-element elementor-element-c6d7d73\" data-id=\"c6d7d73\" data-element_type=\"column\" data-e-type=\"column\">\n\t\t\t<div class=\"elementor-widget-wrap elementor-element-populated\">\n\t\t\t\t\t\t<div class=\"elementor-element elementor-element-6caeacc elementor-widget elementor-widget-text-editor\" data-id=\"6caeacc\" data-element_type=\"widget\" data-e-type=\"widget\" data-widget_type=\"text-editor.default\">\n\t\t\t\t<div class=\"elementor-widget-container\">\n\t\t\t\t\t\t\t\t\t\n<p>A Eurotubes emitir\u00e1 nota(s) de cr\u00e9dito e reembolsar\u00e1 na totalidade quaisquer artigos defeituosos ou se o artigo n\u00e3o for de qualidade satisfat\u00f3ria.<br><br>Os produtos devem ser devolvidos em condi\u00e7\u00f5es n\u00e3o utilizadas e &#8211; uma vez recebidos na nossa Sede Corporativa &#8211; s\u00f3 ent\u00e3o ser\u00e1 processado um reembolso e emitida uma nota de cr\u00e9dito.<br><br>N\u00e3o aceitaremos responsabilidade por agulhas incorretamente escolhidas para a tua aplica\u00e7\u00e3o, mas garantimos os nossos procedimentos de verifica\u00e7\u00e3o\/inspe\u00e7\u00e3o de qualidade a 100% e seguro de responsabilidade do produto se for provado que os nossos guias est\u00e3o em falta.<\/p>\n\t\t\t\t\t\t\t\t<\/div>\n\t\t\t\t<\/div>\n\t\t\t\t\t<\/div>\n\t\t<\/div>\n\t\t\t\t\t<\/div>\n\t\t<\/section>\n\t\t\t\t<\/div>\n\t\t","protected":false},"excerpt":{"rendered":"<p>A Eurotubes emitir\u00e1 nota(s) de cr\u00e9dito e reembolsar\u00e1 na totalidade quaisquer artigos defeituosos ou se o artigo n\u00e3o for de qualidade satisfat\u00f3ria. Os produtos devem ser devolvidos em condi\u00e7\u00f5es n\u00e3o utilizadas e &#8211; uma vez recebidos na nossa Sede Corporativa &#8211; s\u00f3 ent\u00e3o ser\u00e1 processado um reembolso e emitida uma nota de cr\u00e9dito. N\u00e3o aceitaremos [&hellip;]<\/p>\n","protected":false},"author":1,"featured_media":0,"parent":0,"menu_order":0,"comment_status":"closed","ping_status":"closed","template":"elementor_header_footer","meta":{"footnotes":""},"class_list":["post-7138","page","type-page","status-publish","hentry"],"_links":{"self":[{"href":"https:\/\/www.eurotubes-uk.com\/pt-pt\/wp-json\/wp\/v2\/pages\/7138","targetHints":{"allow":["GET"]}}],"collection":[{"href":"https:\/\/www.eurotubes-uk.com\/pt-pt\/wp-json\/wp\/v2\/pages"}],"about":[{"href":"https:\/\/www.eurotubes-uk.com\/pt-pt\/wp-json\/wp\/v2\/types\/page"}],"author":[{"embeddable":true,"href":"https:\/\/www.eurotubes-uk.com\/pt-pt\/wp-json\/wp\/v2\/users\/1"}],"replies":[{"embeddable":true,"href":"https:\/\/www.eurotubes-uk.com\/pt-pt\/wp-json\/wp\/v2\/comments?post=7138"}],"version-history":[{"count":7,"href":"https:\/\/www.eurotubes-uk.com\/pt-pt\/wp-json\/wp\/v2\/pages\/7138\/revisions"}],"predecessor-version":[{"id":7151,"href":"https:\/\/www.eurotubes-uk.com\/pt-pt\/wp-json\/wp\/v2\/pages\/7138\/revisions\/7151"}],"wp:attachment":[{"href":"https:\/\/www.eurotubes-uk.com\/pt-pt\/wp-json\/wp\/v2\/media?parent=7138"}],"curies":[{"name":"wp","href":"https:\/\/api.w.org\/{rel}","templated":true}]}}