{"id":7265,"date":"2024-05-17T13:20:39","date_gmt":"2024-05-17T12:20:39","guid":{"rendered":"https:\/\/www.eurotubes-uk.com\/fabricantes-de-maquinas-de-bobinar\/"},"modified":"2026-02-04T12:35:56","modified_gmt":"2026-02-04T12:35:56","slug":"fabricantes-de-maquinas-de-bobinar","status":"publish","type":"page","link":"https:\/\/www.eurotubes-uk.com\/pt-pt\/fabricantes-de-maquinas-de-bobinar\/","title":{"rendered":"Fabricantes de M\u00e1quinas de Bobinar"},"content":{"rendered":"\t\t<div data-elementor-type=\"wp-page\" data-elementor-id=\"7265\" class=\"elementor elementor-7265 elementor-747\" data-elementor-post-type=\"page\">\n\t\t\t\t\t\t<section class=\"elementor-section elementor-top-section elementor-element elementor-element-6a0a228 elementor-section-full_width elementor-section-height-default elementor-section-height-default\" data-id=\"6a0a228\" data-element_type=\"section\" data-e-type=\"section\">\n\t\t\t\t\t\t<div class=\"elementor-container elementor-column-gap-default\">\n\t\t\t\t\t<div class=\"elementor-column elementor-col-100 elementor-top-column elementor-element elementor-element-6fdf071 elementor-invisible\" data-id=\"6fdf071\" data-element_type=\"column\" data-e-type=\"column\" data-settings=\"{&quot;background_background&quot;:&quot;classic&quot;,&quot;animation&quot;:&quot;fadeInLeft&quot;}\">\n\t\t\t<div class=\"elementor-widget-wrap elementor-element-populated\">\n\t\t\t\t\t<div class=\"elementor-background-overlay\"><\/div>\n\t\t\t\t\t\t\t<\/div>\n\t\t<\/div>\n\t\t\t\t\t<\/div>\n\t\t<\/section>\n\t\t\t\t<section class=\"elementor-section elementor-top-section elementor-element elementor-element-cdbe557 elementor-section-full_width elementor-section-height-default elementor-section-height-default\" data-id=\"cdbe557\" data-element_type=\"section\" data-e-type=\"section\">\n\t\t\t\t\t\t<div class=\"elementor-container elementor-column-gap-default\">\n\t\t\t\t\t<div class=\"elementor-column elementor-col-100 elementor-top-column elementor-element elementor-element-66c9b7f\" data-id=\"66c9b7f\" data-element_type=\"column\" data-e-type=\"column\">\n\t\t\t<div class=\"elementor-widget-wrap elementor-element-populated\">\n\t\t\t\t\t\t<div class=\"elementor-element elementor-element-e60a84a elementor-widget elementor-widget-elementskit-client-logo\" data-id=\"e60a84a\" data-element_type=\"widget\" data-e-type=\"widget\" data-widget_type=\"elementskit-client-logo.default\">\n\t\t\t\t<div class=\"elementor-widget-container\">\n\t\t\t\t\t<div class=\"ekit-wid-con\" >\t\t<div class=\"elementskit-clients-slider  arrow_outside simple_logo_image\" data-config=\"{&quot;rtl&quot;:false,&quot;arrows&quot;:true,&quot;dots&quot;:false,&quot;autoplay&quot;:true,&quot;speed&quot;:1000,&quot;slidesPerView&quot;:6,&quot;slidesPerGroup&quot;:1,&quot;pauseOnHover&quot;:false,&quot;loop&quot;:false,&quot;breakpoints&quot;:{&quot;320&quot;:{&quot;slidesPerView&quot;:3,&quot;slidesPerGroup&quot;:1,&quot;spaceBetween&quot;:10},&quot;768&quot;:{&quot;slidesPerView&quot;:6,&quot;slidesPerGroup&quot;:1,&quot;spaceBetween&quot;:10},&quot;1024&quot;:{&quot;slidesPerView&quot;:6,&quot;slidesPerGroup&quot;:1,&quot;spaceBetween&quot;:49}},&quot;grid&quot;:{&quot;fill&quot;:&quot;row&quot;,&quot;rows&quot;:2}}\" data-direction=\"\">\n\t\t\t<div class=\"ekit-main-swiper swiper\">\n\t\t\t\t<div class=\"swiper-wrapper\">\n\t\t\t\t\t\t\t\t\t\t\t<div class=\"elementskit-client-slider-item swiper-slide \">\n\t\t\t\t\t\t\t<div class=\"swiper-slide-inner\">\n\t\t\t\t\t\t\t\t<div class=\"single-client image-switcher\" title=\"Atop\">\n\t\t\t\t\t\t\t\t\t\t\t\t\t\t\t\t\t\t\t<a >\n\t\t\t\t\t\t\t\t\t\t\t<span class=\"content-image\">\n\t\t\t\t\t\t\t\t\t\t\t\t<img decoding=\"async\" width=\"100\" height=\"100\" src=\"https:\/\/www.eurotubes-uk.com\/wp-content\/uploads\/2024\/05\/atop__logo.jpg\" class=\"\" alt=\"\" \/>\t\t\t\t\t\t\t\t\t\t\t<\/span>\n\t\t\t\t\t\t\t\t\t\t<\/a>\n\t\t\t\t\t\t\t\t\t\t\t\t\t\t\t\t\t<\/div>\n\t\t\t\t\t\t\t<\/div>\n\t\t\t\t\t\t<\/div>\n\t\t\t\t\t\t\t\t\t\t\t<div class=\"elementskit-client-slider-item swiper-slide \">\n\t\t\t\t\t\t\t<div class=\"swiper-slide-inner\">\n\t\t\t\t\t\t\t\t<div class=\"single-client image-switcher\" title=\"ATS\">\n\t\t\t\t\t\t\t\t\t\t\t\t\t\t\t\t\t\t\t<a >\n\t\t\t\t\t\t\t\t\t\t\t<span class=\"content-image\">\n\t\t\t\t\t\t\t\t\t\t\t\t<img fetchpriority=\"high\" decoding=\"async\" width=\"3579\" height=\"1833\" src=\"https:\/\/www.eurotubes-uk.com\/wp-content\/uploads\/2024\/05\/ATS-Life-Sciences-Logo-1-comp306932.png\" class=\"\" alt=\"\" srcset=\"https:\/\/www.eurotubes-uk.com\/wp-content\/uploads\/2024\/05\/ATS-Life-Sciences-Logo-1-comp306932.png 3579w, https:\/\/www.eurotubes-uk.com\/wp-content\/uploads\/2024\/05\/ATS-Life-Sciences-Logo-1-comp306932-300x154.png 300w, https:\/\/www.eurotubes-uk.com\/wp-content\/uploads\/2024\/05\/ATS-Life-Sciences-Logo-1-comp306932-600x307.png 600w, https:\/\/www.eurotubes-uk.com\/wp-content\/uploads\/2024\/05\/ATS-Life-Sciences-Logo-1-comp306932-1024x524.png 1024w, https:\/\/www.eurotubes-uk.com\/wp-content\/uploads\/2024\/05\/ATS-Life-Sciences-Logo-1-comp306932-768x393.png 768w, https:\/\/www.eurotubes-uk.com\/wp-content\/uploads\/2024\/05\/ATS-Life-Sciences-Logo-1-comp306932-1536x787.png 1536w, https:\/\/www.eurotubes-uk.com\/wp-content\/uploads\/2024\/05\/ATS-Life-Sciences-Logo-1-comp306932-2048x1049.png 2048w\" sizes=\"(max-width: 3579px) 100vw, 3579px\" \/>\t\t\t\t\t\t\t\t\t\t\t<\/span>\n\t\t\t\t\t\t\t\t\t\t<\/a>\n\t\t\t\t\t\t\t\t\t\t\t\t\t\t\t\t\t<\/div>\n\t\t\t\t\t\t\t<\/div>\n\t\t\t\t\t\t<\/div>\n\t\t\t\t\t\t\t\t\t\t\t<div class=\"elementskit-client-slider-item swiper-slide \">\n\t\t\t\t\t\t\t<div class=\"swiper-slide-inner\">\n\t\t\t\t\t\t\t\t<div class=\"single-client image-switcher\" title=\"Aumann\">\n\t\t\t\t\t\t\t\t\t\t\t\t\t\t\t\t\t\t\t<a >\n\t\t\t\t\t\t\t\t\t\t\t<span class=\"content-image\">\n\t\t\t\t\t\t\t\t\t\t\t\t<img decoding=\"async\" width=\"2560\" height=\"428\" src=\"https:\/\/www.eurotubes-uk.com\/wp-content\/uploads\/2024\/05\/2560px-Aumann_AG_logo.svg_.png\" class=\"\" alt=\"\" srcset=\"https:\/\/www.eurotubes-uk.com\/wp-content\/uploads\/2024\/05\/2560px-Aumann_AG_logo.svg_.png 2560w, https:\/\/www.eurotubes-uk.com\/wp-content\/uploads\/2024\/05\/2560px-Aumann_AG_logo.svg_-300x50.png 300w, https:\/\/www.eurotubes-uk.com\/wp-content\/uploads\/2024\/05\/2560px-Aumann_AG_logo.svg_-600x100.png 600w, https:\/\/www.eurotubes-uk.com\/wp-content\/uploads\/2024\/05\/2560px-Aumann_AG_logo.svg_-1024x171.png 1024w, https:\/\/www.eurotubes-uk.com\/wp-content\/uploads\/2024\/05\/2560px-Aumann_AG_logo.svg_-768x128.png 768w, https:\/\/www.eurotubes-uk.com\/wp-content\/uploads\/2024\/05\/2560px-Aumann_AG_logo.svg_-1536x257.png 1536w, https:\/\/www.eurotubes-uk.com\/wp-content\/uploads\/2024\/05\/2560px-Aumann_AG_logo.svg_-2048x342.png 2048w\" sizes=\"(max-width: 2560px) 100vw, 2560px\" \/>\t\t\t\t\t\t\t\t\t\t\t<\/span>\n\t\t\t\t\t\t\t\t\t\t<\/a>\n\t\t\t\t\t\t\t\t\t\t\t\t\t\t\t\t\t<\/div>\n\t\t\t\t\t\t\t<\/div>\n\t\t\t\t\t\t<\/div>\n\t\t\t\t\t\t\t\t\t\t\t<div class=\"elementskit-client-slider-item swiper-slide \">\n\t\t\t\t\t\t\t<div class=\"swiper-slide-inner\">\n\t\t\t\t\t\t\t\t<div class=\"single-client image-switcher\" title=\"Marsilli\">\n\t\t\t\t\t\t\t\t\t\t\t\t\t\t\t\t\t\t\t<a >\n\t\t\t\t\t\t\t\t\t\t\t<span class=\"content-image\">\n\t\t\t\t\t\t\t\t\t\t\t\t<img loading=\"lazy\" decoding=\"async\" width=\"334\" height=\"156\" src=\"https:\/\/www.eurotubes-uk.com\/wp-content\/uploads\/2024\/05\/marsilli_logo_color.png\" class=\"\" alt=\"\" srcset=\"https:\/\/www.eurotubes-uk.com\/wp-content\/uploads\/2024\/05\/marsilli_logo_color.png 334w, https:\/\/www.eurotubes-uk.com\/wp-content\/uploads\/2024\/05\/marsilli_logo_color-300x140.png 300w\" sizes=\"(max-width: 334px) 100vw, 334px\" \/>\t\t\t\t\t\t\t\t\t\t\t<\/span>\n\t\t\t\t\t\t\t\t\t\t<\/a>\n\t\t\t\t\t\t\t\t\t\t\t\t\t\t\t\t\t<\/div>\n\t\t\t\t\t\t\t<\/div>\n\t\t\t\t\t\t<\/div>\n\t\t\t\t\t\t\t\t\t\t\t<div class=\"elementskit-client-slider-item swiper-slide \">\n\t\t\t\t\t\t\t<div class=\"swiper-slide-inner\">\n\t\t\t\t\t\t\t\t<div class=\"single-client image-switcher\" title=\"Odawara\">\n\t\t\t\t\t\t\t\t\t\t\t\t\t\t\t\t\t\t\t<a >\n\t\t\t\t\t\t\t\t\t\t\t<span class=\"content-image\">\n\t\t\t\t\t\t\t\t\t\t\t\t<img loading=\"lazy\" decoding=\"async\" width=\"300\" height=\"121\" src=\"https:\/\/www.eurotubes-uk.com\/wp-content\/uploads\/2024\/05\/odwara-colour.png\" class=\"\" alt=\"\" \/>\t\t\t\t\t\t\t\t\t\t\t<\/span>\n\t\t\t\t\t\t\t\t\t\t<\/a>\n\t\t\t\t\t\t\t\t\t\t\t\t\t\t\t\t\t<\/div>\n\t\t\t\t\t\t\t<\/div>\n\t\t\t\t\t\t<\/div>\n\t\t\t\t\t\t\t\t\t\t\t<div class=\"elementskit-client-slider-item swiper-slide \">\n\t\t\t\t\t\t\t<div class=\"swiper-slide-inner\">\n\t\t\t\t\t\t\t\t<div class=\"single-client image-switcher\" title=\"Nittoku\">\n\t\t\t\t\t\t\t\t\t\t\t\t\t\t\t\t\t\t\t<a >\n\t\t\t\t\t\t\t\t\t\t\t<span class=\"content-image\">\n\t\t\t\t\t\t\t\t\t\t\t\t<img loading=\"lazy\" decoding=\"async\" width=\"957\" height=\"179\" src=\"https:\/\/www.eurotubes-uk.com\/wp-content\/uploads\/2024\/05\/static1.squarespace.png\" class=\"\" alt=\"\" srcset=\"https:\/\/www.eurotubes-uk.com\/wp-content\/uploads\/2024\/05\/static1.squarespace.png 957w, https:\/\/www.eurotubes-uk.com\/wp-content\/uploads\/2024\/05\/static1.squarespace-300x56.png 300w, https:\/\/www.eurotubes-uk.com\/wp-content\/uploads\/2024\/05\/static1.squarespace-600x112.png 600w, https:\/\/www.eurotubes-uk.com\/wp-content\/uploads\/2024\/05\/static1.squarespace-768x144.png 768w\" sizes=\"(max-width: 957px) 100vw, 957px\" \/>\t\t\t\t\t\t\t\t\t\t\t<\/span>\n\t\t\t\t\t\t\t\t\t\t<\/a>\n\t\t\t\t\t\t\t\t\t\t\t\t\t\t\t\t\t<\/div>\n\t\t\t\t\t\t\t<\/div>\n\t\t\t\t\t\t<\/div>\n\t\t\t\t\t\t\t\t\t\t\t<div class=\"elementskit-client-slider-item swiper-slide \">\n\t\t\t\t\t\t\t<div class=\"swiper-slide-inner\">\n\t\t\t\t\t\t\t\t<div class=\"single-client image-switcher\" title=\"Sipro\">\n\t\t\t\t\t\t\t\t\t\t\t\t\t\t\t\t\t\t\t<a >\n\t\t\t\t\t\t\t\t\t\t\t<span class=\"content-image\">\n\t\t\t\t\t\t\t\t\t\t\t\t<img loading=\"lazy\" decoding=\"async\" width=\"600\" height=\"399\" src=\"https:\/\/www.eurotubes-uk.com\/wp-content\/uploads\/2024\/05\/Sipro-600x399-1.jpg\" class=\"\" alt=\"\" srcset=\"https:\/\/www.eurotubes-uk.com\/wp-content\/uploads\/2024\/05\/Sipro-600x399-1.jpg 600w, https:\/\/www.eurotubes-uk.com\/wp-content\/uploads\/2024\/05\/Sipro-600x399-1-300x200.jpg 300w\" sizes=\"(max-width: 600px) 100vw, 600px\" \/>\t\t\t\t\t\t\t\t\t\t\t<\/span>\n\t\t\t\t\t\t\t\t\t\t<\/a>\n\t\t\t\t\t\t\t\t\t\t\t\t\t\t\t\t\t<\/div>\n\t\t\t\t\t\t\t<\/div>\n\t\t\t\t\t\t<\/div>\n\t\t\t\t\t\t\t\t\t\t\t<div class=\"elementskit-client-slider-item swiper-slide \">\n\t\t\t\t\t\t\t<div class=\"swiper-slide-inner\">\n\t\t\t\t\t\t\t\t<div class=\"single-client image-switcher\" title=\"SMZ\">\n\t\t\t\t\t\t\t\t\t\t\t\t\t\t\t\t\t\t\t<a >\n\t\t\t\t\t\t\t\t\t\t\t<span class=\"content-image\">\n\t\t\t\t\t\t\t\t\t\t\t\t<img loading=\"lazy\" decoding=\"async\" width=\"600\" height=\"399\" src=\"https:\/\/www.eurotubes-uk.com\/wp-content\/uploads\/2024\/05\/smz-logo-600x399-1.jpg\" class=\"\" alt=\"\" srcset=\"https:\/\/www.eurotubes-uk.com\/wp-content\/uploads\/2024\/05\/smz-logo-600x399-1.jpg 600w, https:\/\/www.eurotubes-uk.com\/wp-content\/uploads\/2024\/05\/smz-logo-600x399-1-300x200.jpg 300w\" sizes=\"(max-width: 600px) 100vw, 600px\" \/>\t\t\t\t\t\t\t\t\t\t\t<\/span>\n\t\t\t\t\t\t\t\t\t\t<\/a>\n\t\t\t\t\t\t\t\t\t\t\t\t\t\t\t\t\t<\/div>\n\t\t\t\t\t\t\t<\/div>\n\t\t\t\t\t\t<\/div>\n\t\t\t\t\t\t\t\t\t\t\t<div class=\"elementskit-client-slider-item swiper-slide \">\n\t\t\t\t\t\t\t<div class=\"swiper-slide-inner\">\n\t\t\t\t\t\t\t\t<div class=\"single-client image-switcher\" title=\"Sistema de Estator\">\n\t\t\t\t\t\t\t\t\t\t\t\t\t\t\t\t\t\t\t<a >\n\t\t\t\t\t\t\t\t\t\t\t<span class=\"content-image\">\n\t\t\t\t\t\t\t\t\t\t\t\t<img loading=\"lazy\" decoding=\"async\" width=\"250\" height=\"75\" src=\"https:\/\/www.eurotubes-uk.com\/wp-content\/uploads\/2024\/05\/logo.jpg\" class=\"\" alt=\"\" \/>\t\t\t\t\t\t\t\t\t\t\t<\/span>\n\t\t\t\t\t\t\t\t\t\t<\/a>\n\t\t\t\t\t\t\t\t\t\t\t\t\t\t\t\t\t<\/div>\n\t\t\t\t\t\t\t<\/div>\n\t\t\t\t\t\t<\/div>\n\t\t\t\t\t\t\t\t\t\t\t<div class=\"elementskit-client-slider-item swiper-slide \">\n\t\t\t\t\t\t\t<div class=\"swiper-slide-inner\">\n\t\t\t\t\t\t\t\t<div class=\"single-client image-switcher\" title=\"Tanac\">\n\t\t\t\t\t\t\t\t\t\t\t\t\t\t\t\t\t\t\t<a >\n\t\t\t\t\t\t\t\t\t\t\t<span class=\"content-image\">\n\t\t\t\t\t\t\t\t\t\t\t\t<img loading=\"lazy\" decoding=\"async\" width=\"487\" height=\"103\" src=\"https:\/\/www.eurotubes-uk.com\/wp-content\/uploads\/2024\/05\/Tanac.png\" class=\"\" alt=\"\" srcset=\"https:\/\/www.eurotubes-uk.com\/wp-content\/uploads\/2024\/05\/Tanac.png 487w, https:\/\/www.eurotubes-uk.com\/wp-content\/uploads\/2024\/05\/Tanac-300x63.png 300w\" sizes=\"(max-width: 487px) 100vw, 487px\" \/>\t\t\t\t\t\t\t\t\t\t\t<\/span>\n\t\t\t\t\t\t\t\t\t\t<\/a>\n\t\t\t\t\t\t\t\t\t\t\t\t\t\t\t\t\t<\/div>\n\t\t\t\t\t\t\t<\/div>\n\t\t\t\t\t\t<\/div>\n\t\t\t\t\t\t\t\t\t\t\t<div class=\"elementskit-client-slider-item swiper-slide \">\n\t\t\t\t\t\t\t<div class=\"swiper-slide-inner\">\n\t\t\t\t\t\t\t\t<div class=\"single-client image-switcher\" title=\"WGE\">\n\t\t\t\t\t\t\t\t\t\t\t\t\t\t\t\t\t\t\t<a >\n\t\t\t\t\t\t\t\t\t\t\t<span class=\"content-image\">\n\t\t\t\t\t\t\t\t\t\t\t\t<img loading=\"lazy\" decoding=\"async\" width=\"1920\" height=\"1104\" src=\"https:\/\/www.eurotubes-uk.com\/wp-content\/uploads\/2024\/05\/WGE-logo.jpg\" class=\"\" alt=\"\" srcset=\"https:\/\/www.eurotubes-uk.com\/wp-content\/uploads\/2024\/05\/WGE-logo.jpg 1920w, https:\/\/www.eurotubes-uk.com\/wp-content\/uploads\/2024\/05\/WGE-logo-300x173.jpg 300w, https:\/\/www.eurotubes-uk.com\/wp-content\/uploads\/2024\/05\/WGE-logo-600x345.jpg 600w, https:\/\/www.eurotubes-uk.com\/wp-content\/uploads\/2024\/05\/WGE-logo-1024x589.jpg 1024w, https:\/\/www.eurotubes-uk.com\/wp-content\/uploads\/2024\/05\/WGE-logo-768x442.jpg 768w, https:\/\/www.eurotubes-uk.com\/wp-content\/uploads\/2024\/05\/WGE-logo-1536x883.jpg 1536w\" sizes=\"(max-width: 1920px) 100vw, 1920px\" \/>\t\t\t\t\t\t\t\t\t\t\t<\/span>\n\t\t\t\t\t\t\t\t\t\t<\/a>\n\t\t\t\t\t\t\t\t\t\t\t\t\t\t\t\t\t<\/div>\n\t\t\t\t\t\t\t<\/div>\n\t\t\t\t\t\t<\/div>\n\t\t\t\t\t\t\t\t\t\t\t<div class=\"elementskit-client-slider-item swiper-slide \">\n\t\t\t\t\t\t\t<div class=\"swiper-slide-inner\">\n\t\t\t\t\t\t\t\t<div class=\"single-client image-switcher\" title=\"Risomat\">\n\t\t\t\t\t\t\t\t\t\t\t\t\t\t\t\t\t\t\t<a >\n\t\t\t\t\t\t\t\t\t\t\t<span class=\"content-image\">\n\t\t\t\t\t\t\t\t\t\t\t\t<img loading=\"lazy\" decoding=\"async\" width=\"916\" height=\"150\" src=\"https:\/\/www.eurotubes-uk.com\/wp-content\/uploads\/2024\/05\/Risomat-Logo.jpg\" class=\"\" alt=\"\" srcset=\"https:\/\/www.eurotubes-uk.com\/wp-content\/uploads\/2024\/05\/Risomat-Logo.jpg 916w, https:\/\/www.eurotubes-uk.com\/wp-content\/uploads\/2024\/05\/Risomat-Logo-300x49.jpg 300w, https:\/\/www.eurotubes-uk.com\/wp-content\/uploads\/2024\/05\/Risomat-Logo-600x98.jpg 600w, https:\/\/www.eurotubes-uk.com\/wp-content\/uploads\/2024\/05\/Risomat-Logo-768x126.jpg 768w\" sizes=\"(max-width: 916px) 100vw, 916px\" \/>\t\t\t\t\t\t\t\t\t\t\t<\/span>\n\t\t\t\t\t\t\t\t\t\t<\/a>\n\t\t\t\t\t\t\t\t\t\t\t\t\t\t\t\t\t<\/div>\n\t\t\t\t\t\t\t<\/div>\n\t\t\t\t\t\t<\/div>\n\t\t\t\t\t\t\t\t\t<\/div>\n\n\t\t\t\t\n\t\t\t\t\t\t\t\t\t<div class=\"swiper-navigation-button swiper-button-prev\">\n\t\t\t\t\t\t<i aria-hidden=\"true\" class=\"icon icon-left-arrows\"><\/i>\t\t\t\t\t<\/div>\n\t\t\t\t\t<div class=\"swiper-navigation-button swiper-button-next\">\n\t\t\t\t\t\t<i aria-hidden=\"true\" class=\"icon icon-right-arrow1\"><\/i>\t\t\t\t\t<\/div>\n\t\t\t\t\t\t\t<\/div><!-- .elementskit-clients-slider END -->\n\t\t<\/div>\n\t\t<\/div>\t\t\t\t<\/div>\n\t\t\t\t<\/div>\n\t\t\t\t<div class=\"elementor-element elementor-element-1b550d7 elementor-invisible elementor-widget elementor-widget-text-editor\" data-id=\"1b550d7\" data-element_type=\"widget\" data-e-type=\"widget\" data-settings=\"{&quot;_animation&quot;:&quot;fadeInLeft&quot;}\" data-widget_type=\"text-editor.default\">\n\t\t\t\t<div class=\"elementor-widget-container\">\n\t\t\t\t\t\t\t\t\t<p>A Eurotubes dedica-se aos seus clientes, fornecendo um servi\u00e7o atencioso, profissional e amig\u00e1vel. Os nossos colaboradores partilham a nossa paix\u00e3o por fornecer consistentemente guias de fio e agulhas de bobinar de estator da mais alta qualidade, destacando-se na engenharia de precis\u00e3o e resolvendo desafios complexos de bobinagem de fios. <\/p><p>Fundada em meados da d\u00e9cada de 1980, a nossa unidade de fabrico est\u00e1 localizada na pen\u00ednsula <a href=\"http:\/\/en.wikipedia.org\/wiki\/Isle_of_Portland\" target=\"_blank\" rel=\"donotfollow noopener\">Isle of Portland<\/a>, na costa sul do Reino Unido. \u00c9 a partir desta localiza\u00e7\u00e3o que as primeiras m\u00e1quinas de produ\u00e7\u00e3o da Eurotubes foram desenvolvidas e a hist\u00f3ria dos tubos guia de fio come\u00e7ou. <\/p><p>Consideramos a hist\u00f3ria bastante impressionante: produzimos mais de 6 milh\u00f5es de tubos guia de fio, ao longo das 3,5 d\u00e9cadas de produ\u00e7\u00e3o, em mais de 8.500 designs diferentes de guia.<\/p><p>Simplesmente n\u00e3o existe outro fabricante que tenha produzido este volume de guias de fio, com uma amplitude e varia\u00e7\u00e3o t\u00e3o grandes de designs aperfei\u00e7oados. Esta vasta experi\u00eancia, aliada \u00e0 nossa vontade de desenvolver, torna os nossos tubos os melhores da ind\u00fastria e o nosso pessoal os engenheiros de guias de fio mais capazes do planeta. <\/p><p>As nossas instala\u00e7\u00f5es de produ\u00e7\u00e3o de tubos guia de fio\/agulhas de bobinar de motores s\u00e3o totalmente controladas por CAD-CAM-CNC, o que para os nossos clientes significa precis\u00e3o absoluta, consist\u00eancia e repetibilidade em toda a nossa gama de produtos.<\/p><p>Consulte a nossa <a href=\"http:\/\/eurotubes-uk.com\/index.php?route=product\/category&amp;path=68\">sec\u00e7\u00e3o de Produtos<\/a> para mais informa\u00e7\u00f5es.<\/p>\t\t\t\t\t\t\t\t<\/div>\n\t\t\t\t<\/div>\n\t\t\t\t\t<\/div>\n\t\t<\/div>\n\t\t\t\t\t<\/div>\n\t\t<\/section>\n\t\t\t\t<\/div>\n\t\t","protected":false},"excerpt":{"rendered":"<p>A Eurotubes dedica-se aos seus clientes, fornecendo um servi\u00e7o atencioso, profissional e amig\u00e1vel. Os nossos colaboradores partilham a nossa paix\u00e3o por fornecer consistentemente guias de fio e agulhas de bobinar de estator da mais alta qualidade, destacando-se na engenharia de precis\u00e3o e resolvendo desafios complexos de bobinagem de fios. Fundada em meados da d\u00e9cada de [&hellip;]<\/p>\n","protected":false},"author":1,"featured_media":0,"parent":0,"menu_order":0,"comment_status":"closed","ping_status":"closed","template":"elementor_header_footer","meta":{"footnotes":""},"class_list":["post-7265","page","type-page","status-publish","hentry"],"_links":{"self":[{"href":"https:\/\/www.eurotubes-uk.com\/pt-pt\/wp-json\/wp\/v2\/pages\/7265","targetHints":{"allow":["GET"]}}],"collection":[{"href":"https:\/\/www.eurotubes-uk.com\/pt-pt\/wp-json\/wp\/v2\/pages"}],"about":[{"href":"https:\/\/www.eurotubes-uk.com\/pt-pt\/wp-json\/wp\/v2\/types\/page"}],"author":[{"embeddable":true,"href":"https:\/\/www.eurotubes-uk.com\/pt-pt\/wp-json\/wp\/v2\/users\/1"}],"replies":[{"embeddable":true,"href":"https:\/\/www.eurotubes-uk.com\/pt-pt\/wp-json\/wp\/v2\/comments?post=7265"}],"version-history":[{"count":1,"href":"https:\/\/www.eurotubes-uk.com\/pt-pt\/wp-json\/wp\/v2\/pages\/7265\/revisions"}],"predecessor-version":[{"id":7279,"href":"https:\/\/www.eurotubes-uk.com\/pt-pt\/wp-json\/wp\/v2\/pages\/7265\/revisions\/7279"}],"wp:attachment":[{"href":"https:\/\/www.eurotubes-uk.com\/pt-pt\/wp-json\/wp\/v2\/media?parent=7265"}],"curies":[{"name":"wp","href":"https:\/\/api.w.org\/{rel}","templated":true}]}}