{"id":7377,"date":"2024-05-17T09:31:33","date_gmt":"2024-05-17T08:31:33","guid":{"rendered":"https:\/\/www.eurotubes-uk.com\/politica-de-privacidade\/"},"modified":"2026-02-04T12:53:54","modified_gmt":"2026-02-04T12:53:54","slug":"politica-de-privacidade","status":"publish","type":"page","link":"https:\/\/www.eurotubes-uk.com\/pt-pt\/politica-de-privacidade\/","title":{"rendered":"Pol\u00edtica de Privacidade"},"content":{"rendered":"\t\t<div data-elementor-type=\"wp-page\" data-elementor-id=\"7377\" class=\"elementor elementor-7377 elementor-316\" data-elementor-post-type=\"page\">\n\t\t\t\t\t\t<section class=\"elementor-section elementor-top-section elementor-element elementor-element-78f39090 elementor-section-full_width elementor-section-height-default elementor-section-height-default\" data-id=\"78f39090\" data-element_type=\"section\" data-e-type=\"section\">\n\t\t\t\t\t\t<div class=\"elementor-container elementor-column-gap-default\">\n\t\t\t\t\t<div class=\"elementor-column elementor-col-100 elementor-top-column elementor-element elementor-element-7dd1c135 elementor-invisible\" data-id=\"7dd1c135\" data-element_type=\"column\" data-e-type=\"column\" data-settings=\"{&quot;background_background&quot;:&quot;classic&quot;,&quot;animation&quot;:&quot;fadeInLeft&quot;}\">\n\t\t\t<div class=\"elementor-widget-wrap elementor-element-populated\">\n\t\t\t\t\t\t\t<\/div>\n\t\t<\/div>\n\t\t\t\t\t<\/div>\n\t\t<\/section>\n\t\t\t\t<section class=\"elementor-section elementor-top-section elementor-element elementor-element-c8541e8 elementor-section-full_width elementor-section-height-default elementor-section-height-default\" data-id=\"c8541e8\" data-element_type=\"section\" data-e-type=\"section\">\n\t\t\t\t\t\t<div class=\"elementor-container elementor-column-gap-default\">\n\t\t\t\t\t<div class=\"elementor-column elementor-col-100 elementor-top-column elementor-element elementor-element-c6d7d73\" data-id=\"c6d7d73\" data-element_type=\"column\" data-e-type=\"column\">\n\t\t\t<div class=\"elementor-widget-wrap elementor-element-populated\">\n\t\t\t\t\t\t<div class=\"elementor-element elementor-element-6caeacc elementor-widget elementor-widget-text-editor\" data-id=\"6caeacc\" data-element_type=\"widget\" data-e-type=\"widget\" data-widget_type=\"text-editor.default\">\n\t\t\t\t<div class=\"elementor-widget-container\">\n\t\t\t\t\t\t\t\t\t\n<h1><u>AVISO DA POL\u00cdTICA DE PRIVACIDADE<\/u><\/h1>\n<p><b>Introdu\u00e7\u00e3o<\/b><\/p>\n<p>A Eurotubes UK Ltd (com o nome comercial \u201cEurotubes UK\u201d) utiliza o seu website para promover e vender os seus tubos guia de fio, agulhas de enrolamento de estator, cortadores e equipamento de soldadura.<\/p>\n<p>Na Eurotubes UK, a privacidade e a seguran\u00e7a dos nossos clientes e visitantes s\u00e3o de extrema import\u00e2ncia. A Eurotubes UK est\u00e1 empenhada em proteger os dados que partilha connosco. Esta pol\u00edtica de privacidade explica como a Eurotubes UK processa informa\u00e7\u00f5es que podem ser usadas para identificar direta ou indiretamente um indiv\u00edduo (\u201cDados Pessoais\u201d) recolhidos atrav\u00e9s da utiliza\u00e7\u00e3o do seu website, plataforma de com\u00e9rcio eletr\u00f3nico e Sistema de Gest\u00e3o Empresarial (\u201cSGE\u201d).  <\/p>\n<p>A pol\u00edtica: Este aviso de pol\u00edtica de privacidade \u00e9 para este s\u00edtio Web; [www.Eurotubes-UK.com] e \u00e9 servido por [Eurotubes UK, Unit 1, Lynx Building, Navigator Park, Mereside, Portland, DT5 1FU] e rege a privacidade daqueles que o usam. O prop\u00f3sito desta pol\u00edtica \u00e9 explicar-te como controlamos, processamos, manuseamos e protegemos as tuas informa\u00e7\u00f5es pessoais enquanto navegas ou usas este s\u00edtio Web, incluindo os teus direitos sob as leis e regulamentos atuais. Se n\u00e3o concordares com a seguinte pol\u00edtica, podes desejar parar de visualizar \/ usar este s\u00edtio Web.  <\/p>\n<p><b>Defini\u00e7\u00f5es-chave da pol\u00edtica:<\/b><\/p>\n<p>&#8220;Eu&#8221;, &#8220;nosso&#8221;, &#8220;n\u00f3s&#8221; referem-se \u00e0 empresa, [Eurotubes UK Ltd, com o nome comercial \u201cEurotubes UK\u201d].<\/p>\n<p>&#8220;tu&#8221;, &#8220;o utilizador&#8221; referem-se \u00e0(s) pessoa(s) que usa(m) este s\u00edtio Web.<\/p>\n<p>RGPD significa Regulamento Geral sobre a Prote\u00e7\u00e3o de Dados.<\/p>\n<p>PECR significa Regulamento de Privacidade e Comunica\u00e7\u00f5es Eletr\u00f3nicas.<\/p>\n<p>ICO significa Gabinete do Comiss\u00e1rio da Informa\u00e7\u00e3o.<\/p>\n<p>Cookies significam pequenos ficheiros armazenados no computador ou dispositivo de um utilizador.<\/p>\n<p><b>Processamento dos teus dados pessoais<\/b><\/p>\n<p>Sob o RGPD (Regulamento Geral sobre a Prote\u00e7\u00e3o de Dados) controlamos e\/ou processamos qualquer informa\u00e7\u00e3o pessoal sobre ti eletronicamente usando a seguinte base legal.<\/p>\n<p><u>Consentimento:<\/u><\/p>\n<p>Ao fazeres encomendas na Eurotubes UK, exigimos uma pessoa de contacto &#8211; ou pessoas &#8211; para dirigir as nossas cota\u00e7\u00f5es, confirma\u00e7\u00f5es de encomenda, faturas, notas de entrega, e se houver algum problema com os teus produtos uma vez em tr\u00e2nsito. Apenas usamos e armazenamos o primeiro e \u00faltimo nome da pessoa de contacto. Ao fazeres encomendas na Eurotubes UK, d\u00e1s-nos consentimento para usar o teu nome, endere\u00e7o de email e endere\u00e7o(s) da empresa para os prop\u00f3sitos acima.  <\/p>\n<p><b>Processamos as tuas informa\u00e7\u00f5es das seguintes formas:<\/b><\/p>\n<p><u>Encomenda por Email<\/u><\/p>\n<p>Ao enviares encomendas por email para n\u00f3s, o teu endere\u00e7o de email e Dados Pessoais (o teu nome) s\u00e3o processados por Processadores de Dados autorizados\/devidamente treinados pelo nosso Controlador de Dados. Os funcion\u00e1rios da Eurotubes UK n\u00e3o t\u00eam acesso a estes dados, apenas o nome da tua empresa e os detalhes do(s) produto(s) e quantidades que est\u00e1s a encomendar connosco s\u00e3o acedidos pela nossa equipa geral. <\/p>\n<p>Armazenamos de forma segura as tuas encomendas por email no nosso servidor Microsoft Exchange hospedado [emailsrvr.com].<\/p>\n<p>A tua encomenda e a respetiva fatura tamb\u00e9m s\u00e3o impressas e arquivadas de forma segura em arm\u00e1rios fechados. As encomendas impressas s\u00e3o arquivadas por 1 ano, quando s\u00e3o removidas do local e destru\u00eddas de forma segura pela Shred It [www.shredit.co.uk]. <\/p>\n<p><b>Os teus direitos individuais<\/b><\/p>\n<p>Sob o RGPD os teus direitos s\u00e3o os seguintes. Podes ler mais sobre <a title=\"os teus direitos em detalhes sob o RGPD\" href=\"https:\/\/ico.org.uk\/for-organisations\/guide-to-the-general-data-protection-regulation-gdpr\/individual-rights\/\" target=\"_blank\" rel=\"noopener\">os teus direitos em detalhe aqui<\/a>: <\/p>\n<ul type=\"disc\">\n<li>o direito de ser informado;<\/li>\n<li>o direito de acesso;<\/li>\n<li>o direito de retifica\u00e7\u00e3o;<\/li>\n<li>o direito ao apagamento;<\/li>\n<li>o direito de restringir o processamento;<\/li>\n<li>o direito \u00e0 portabilidade de dados;<\/li>\n<li>o direito de obje\u00e7\u00e3o; e<\/li>\n<li>o direito de n\u00e3o estar sujeito a tomada de decis\u00e3o automatizada incluindo cria\u00e7\u00e3o de perfis.<\/li>\n<\/ul>\n<p> <\/p>\n<p>Tamb\u00e9m tens o direito de te queixares ao ICO [www.ico.org.uk] se sentires que h\u00e1 um problema com a forma como estamos a lidar com os teus dados.<\/p>\n<p> <\/p>\n<p>Lidamos com pedidos de acesso de sujeitos de acordo com o RGPD.<\/p>\n<p>Em qualquer fase podes solicitar que os dados da tua empresa e o teu nome pessoal sejam removidos do nosso s\u00edtio Web e sistemas internos. Por favor contacta o nosso Controlador de Dados (detalhes abaixo). <\/p>\n<p><b>Cookies da Internet<\/b><\/p>\n<p>Os cookies fornecem informa\u00e7\u00f5es sobre o computador usado por um visitante. Podemos usar cookies quando apropriado para recolher informa\u00e7\u00f5es sobre o teu computador para nos ajudar a melhorar o nosso s\u00edtio Web. <\/p>\n<p>Podemos recolher informa\u00e7\u00f5es sobre o teu uso geral da internet usando o cookie. Quando usados, estes cookies s\u00e3o descarregados para o teu computador e armazenados no disco r\u00edgido do computador. Tais informa\u00e7\u00f5es n\u00e3o te identificar\u00e3o pessoalmente. S\u00e3o dados estat\u00edsticos. Estes dados estat\u00edsticos n\u00e3o identificam quaisquer detalhes pessoais.    <\/p>\n<p>Podes ajustar as configura\u00e7\u00f5es no teu computador para recusar quaisquer cookies se desejares. Isto pode ser facilmente feito ativando a configura\u00e7\u00e3o de rejei\u00e7\u00e3o de cookies no teu computador. <\/p>\n<p>Alguns cookies s\u00e3o necess\u00e1rios para desfrutar e usar a funcionalidade completa deste s\u00edtio Web.<\/p>\n<p>Tamb\u00e9m usamos cookies no momento de uma encomenda, pois isto mant\u00e9m o teu endere\u00e7o IP e significa que a tua encomenda pode permanecer no teu cesto at\u00e9 ao checkout ou para quando voltares ao site numa fase posterior.<\/p>\n<p>Usamos um sistema de controlo de cookies que te permite aceitar o uso de cookies e controlar quais cookies s\u00e3o guardados no teu dispositivo \/ computador. Alguns cookies ser\u00e3o guardados por per\u00edodos de tempo espec\u00edficos, enquanto outros podem durar indefinidamente. O teu navegador Web deve fornecer-te os controlos para gerir e eliminar cookies do teu dispositivo, por favor v\u00ea as op\u00e7\u00f5es do teu navegador Web.  <\/p>\n<p><b>Seguran\u00e7a e prote\u00e7\u00e3o de dados<\/b><\/p>\n<p>Garantimos a seguran\u00e7a de qualquer informa\u00e7\u00e3o pessoal que possu\u00edmos usando tecnologias seguras de armazenamento de dados e procedimentos precisos em como armazenamos, acedemos e gerimos essa informa\u00e7\u00e3o. Os nossos m\u00e9todos cumprem o requisito de conformidade do RGPD. <\/p>\n<p><b>Explica\u00e7\u00f5es Transparentes de Privacidade<\/b><\/p>\n<p>Fornecemos algumas explica\u00e7\u00f5es adicionais sobre a privacidade do utilizador e a forma como usamos este s\u00edtio Web para ajudar a promover uma metodologia transparente e honesta de privacidade do utilizador.<\/p>\n<p><b>Marketing por Email, Newsletters e Terceiros<\/b><\/p>\n<p>A Eurotubes UK n\u00e3o faz e n\u00e3o far\u00e1 campanhas de marketing por email indiretas ou diretas; nem produzimos newsletters; nem te contactaremos via correio em qualquer um dos aspetos. A Eurotubes UK n\u00e3o partilha quaisquer dados pessoais com terceiros. <\/p>\n<p><b>Sistema de Gest\u00e3o Empresarial [\u201cSGE\u201d]<\/b><\/p>\n<p>O nosso fornecedor do Sistema de Gest\u00e3o Empresarial \u00e9; <a href=\"http:\/\/www.mediaorb.co.uk\/\" target=\"_blank\" rel=\"noopener\">www.mediaorb.co.uk<\/a>. Mantemos as seguintes informa\u00e7\u00f5es sobre ti\/a tua empresa dentro do nosso sistema BMS: <\/p>\n<ul>\n<li>Nome da empresa (ou nome pessoal se comerciante individual)<\/li>\n<li>O teu nome<\/li>\n<li>Endere\u00e7o de email<\/li>\n<li>Endere\u00e7o I.P<\/li>\n<li>Qualquer endere\u00e7o de entrega ou fatura\u00e7\u00e3o que nos forneceres<\/li>\n<li>Quaisquer n\u00fameros de telefone ou fax de contacto que nos forneceres<\/li>\n<\/ul>\n<p>*** Apenas o Controlador de Dados e os seus Processadores de Dados Autorizados t\u00eam acesso a algo que n\u00e3o seja o nome da tua empresa \u2013 tudo o resto que nos forneces do acima \u00e9 restrito de acesso n\u00e3o autorizado. Os funcion\u00e1rios da nossa empresa apenas ver\u00e3o o nome da tua empresa ao processar trabalhos de produ\u00e7\u00e3o usando o nosso BMS interno; nenhum dado pessoal que nos forneces \u00e9 usado para processar as tuas encomendas.  ***<\/p>\n<p><b>Recursos e informa\u00e7\u00f5es adicionais<\/b><\/p>\n<ul>\n<li><a title=\"Vis\u00e3o geral do RGPD\" href=\"https:\/\/ico.org.uk\/for-organisations\/data-protection-reform\/overview-of-the-gdpr\/\" target=\"_blank\" rel=\"noopener\">Vis\u00e3o geral do RGPD &#8211; Regulamento Geral sobre a Prote\u00e7\u00e3o de Dados<\/a><\/li>\n<li><a title=\"Lei de Prote\u00e7\u00e3o de Dados de 1998\" href=\"http:\/\/www.legislation.gov.uk\/ukpga\/1998\/29\/contents\" target=\"_blank\" rel=\"noopener\">Lei de Prote\u00e7\u00e3o de Dados de 1998<\/a><\/li>\n<li><a title=\"Regulamentos de Privacidade e Comunica\u00e7\u00f5es Eletr\u00f3nicas de 2003\" href=\"http:\/\/www.legislation.gov.uk\/uksi\/2003\/2426\/contents\/made\" target=\"_blank\" rel=\"noopener\">Regulamentos de Privacidade e Comunica\u00e7\u00f5es Eletr\u00f3nicas de 2003<\/a><\/li>\n<li><a title=\"Regulamentos de Comunica\u00e7\u00f5es Eletr\u00f3nicas e Privacidade O Guia\" href=\"https:\/\/ico.org.uk\/for-organisations\/guide-to-pecr\/\" target=\"_blank\" rel=\"noopener\">O Guia para o PECR 2003<\/a><\/li>\n<li><a title=\"Pol\u00edtica de Privacidade do Twitter\" href=\"http:\/\/twitter.com\/privacy\" target=\"_blank\" rel=\"noopener\">Pol\u00edtica de Privacidade do Twitter<\/a><\/li>\n<li><a title=\"Pol\u00edtica de Privacidade do Facebook\" href=\"http:\/\/www.facebook.com\/about\/privacy\/\" target=\"_blank\" rel=\"noopener\">Pol\u00edtica de Privacidade do Facebook<\/a><\/li>\n<li><a title=\"Pol\u00edtica de Privacidade do Google\" href=\"http:\/\/www.google.com\/privacy.html\" target=\"_blank\" rel=\"noopener\">Pol\u00edtica de Privacidade do Google<\/a><\/li>\n<li><a title=\"Pol\u00edtica de Privacidade do LinkedIn\" href=\"http:\/\/www.linkedin.com\/static?key=privacy_policy\" target=\"_blank\" rel=\"noopener\">Pol\u00edtica de Privacidade do LinkedIn<\/a><\/li>\n<li><a title=\"Modelo de pol\u00edtica RGPD para pequenas empresas\" href=\"http:\/\/www.jamieking.co.uk\/blog\/cyber-security\/policies\/free-sample-privacy-policy.php\" target=\"_blank\" rel=\"noopener\">Modelo de pol\u00edtica RGPD para pequenas empresas<\/a><\/li>\n<\/ul>\n<p> <\/p>\n<p><b>Respons\u00e1vel pela Prote\u00e7\u00e3o de Dados da Eurotubes UK<\/b><\/p>\n<p>A Eurotubes UK tem um \u201cRespons\u00e1vel pela Prote\u00e7\u00e3o de Dados\u201d que \u00e9 respons\u00e1vel por assuntos relacionados com a privacidade e a prote\u00e7\u00e3o de dados.<\/p>\n<p>Acolhemos perguntas, coment\u00e1rios e preocupa\u00e7\u00f5es sobre a nossa pol\u00edtica de privacidade e pr\u00e1ticas de privacidade.<\/p>\n<p>Se desejares fornecer feedback ou se tiveres perguntas ou preocupa\u00e7\u00f5es ou desejares exercer os teus direitos relacionados com os teus dados pessoais, por favor contacta-nos.<\/p>\n<p>O Respons\u00e1vel pela Prote\u00e7\u00e3o de Dados da Eurotubes UK pode ser contactado no seguinte endere\u00e7o \/ n\u00famero de telefone:<\/p>\n<p><strong>Eurotubes UK Ltd<\/strong><br>Attn: Mr Greg Bedford<br>Unit 1 Lynx Building<br>Navigator Park<br>Portland<br>Dorset<br>DT5 1FU<\/p>\n<p><a href=\"tel:01305823932\"><strong>+441305 823 932<\/strong><\/a><\/p>\n<p><a href=\"http:\/\/www.eurotubes-uk.com\/pt-pt\/\">www.eurotubes-uk.com<\/a><\/p>\n\t\t\t\t\t\t\t\t<\/div>\n\t\t\t\t<\/div>\n\t\t\t\t\t<\/div>\n\t\t<\/div>\n\t\t\t\t\t<\/div>\n\t\t<\/section>\n\t\t\t\t<\/div>\n\t\t","protected":false},"excerpt":{"rendered":"<p>AVISO DA POL\u00cdTICA DE PRIVACIDADE Introdu\u00e7\u00e3o A Eurotubes UK Ltd (com o nome comercial \u201cEurotubes UK\u201d) utiliza o seu website para promover e vender os seus tubos guia de fio, agulhas de enrolamento de estator, cortadores e equipamento de soldadura. Na Eurotubes UK, a privacidade e a seguran\u00e7a dos nossos clientes e visitantes s\u00e3o de [&hellip;]<\/p>\n","protected":false},"author":1,"featured_media":0,"parent":0,"menu_order":0,"comment_status":"closed","ping_status":"closed","template":"elementor_header_footer","meta":{"footnotes":""},"class_list":["post-7377","page","type-page","status-publish","hentry"],"_links":{"self":[{"href":"https:\/\/www.eurotubes-uk.com\/pt-pt\/wp-json\/wp\/v2\/pages\/7377","targetHints":{"allow":["GET"]}}],"collection":[{"href":"https:\/\/www.eurotubes-uk.com\/pt-pt\/wp-json\/wp\/v2\/pages"}],"about":[{"href":"https:\/\/www.eurotubes-uk.com\/pt-pt\/wp-json\/wp\/v2\/types\/page"}],"author":[{"embeddable":true,"href":"https:\/\/www.eurotubes-uk.com\/pt-pt\/wp-json\/wp\/v2\/users\/1"}],"replies":[{"embeddable":true,"href":"https:\/\/www.eurotubes-uk.com\/pt-pt\/wp-json\/wp\/v2\/comments?post=7377"}],"version-history":[{"count":3,"href":"https:\/\/www.eurotubes-uk.com\/pt-pt\/wp-json\/wp\/v2\/pages\/7377\/revisions"}],"predecessor-version":[{"id":7380,"href":"https:\/\/www.eurotubes-uk.com\/pt-pt\/wp-json\/wp\/v2\/pages\/7377\/revisions\/7380"}],"wp:attachment":[{"href":"https:\/\/www.eurotubes-uk.com\/pt-pt\/wp-json\/wp\/v2\/media?parent=7377"}],"curies":[{"name":"wp","href":"https:\/\/api.w.org\/{rel}","templated":true}]}}